{"id":90,"date":"2016-10-07T00:40:34","date_gmt":"2016-10-06T22:40:34","guid":{"rendered":"http:\/\/localhost:8888\/pepiniere\/?page_id=90"},"modified":"2018-07-26T16:15:15","modified_gmt":"2018-07-26T14:15:15","slug":"plants-dagrumes","status":"publish","type":"page","link":"http:\/\/pepiniereslesdomaines.com\/en\/plants-dagrumes\/","title":{"rendered":"CITRUS PLANTS","raw":"CITRUS PLANTS"},"content":{"rendered":"<p class=\"m_6422753080003111288gmail-CorpsA\"><b>Certified citrus plants for a quality orchard<\/b><\/p>\n<p class=\"m_6422753080003111288gmail-CorpsA\"><img loading=\"lazy\" class=\"alignright wp-image-492 size-medium\" src=\"http:\/\/kepler.agency\/pepinieres\/wp-content\/uploads\/2016\/10\/humain-300x225.jpg\" alt=\"Plants d\u2019agrumes\" width=\"300\" height=\"225\" srcset=\"http:\/\/pepiniereslesdomaines.com\/wp-content\/uploads\/2016\/10\/humain-300x225.jpg 300w, http:\/\/pepiniereslesdomaines.com\/wp-content\/uploads\/2016\/10\/humain-768x576.jpg 768w, http:\/\/pepiniereslesdomaines.com\/wp-content\/uploads\/2016\/10\/humain-1024x768.jpg 1024w\" sizes=\"(max-width: 300px) 100vw, 300px\" \/><\/p>\n<p><i><span style=\"font-weight: 400;\">Les Domaines Agricoles<\/span><\/i><span style=\"font-weight: 400;\"> are the leading operator in the production of certified citrus plants in Morocco (since 1985, Order of the Ministry of \u00a0Agriculture No. 768 of July 1985)<\/span><\/p>\n<p><span style=\"font-weight: 400;\">With a long experience, the Nurseries of Les Domaines Agricoles are today a first-class operator in this market with a production capacity of 2,000,000 plants \/ year.\u00a0<\/span><span style=\"font-weight: 400;\"><br \/>\n<\/span><span style=\"font-weight: 400;\">With a very rich and diversified collection, the nurseries of <\/span><i><span style=\"font-weight: 400;\">Les Domaines Agricoles <\/span><\/i><span style=\"font-weight: 400;\">offer a wide assortment of varieties including Mandarin Orange, <\/span><span style=\"font-weight: 400;\">Clementine<\/span><span style=\"font-weight: 400;\"> Trees<\/span><span style=\"font-weight: 400;\"> and the Orange trees. Other sanitized varieties and selected clones are being tested for behavior in <\/span><span style=\"font-weight: 400;\">various production areas. <\/span><\/p>\n<p><span style=\"font-weight: 400;\">Equally important, <\/span><i><span style=\"font-weight: 400;\">Les Domaines Agricoles<\/span><\/i><span style=\"font-weight: 400;\"> has been precursor in Morocco in the sanitation of plants and have their own sanitation facilities that are certified and well recognized on the market.<\/span><\/p>\n<p>&nbsp;<\/p>\n","protected":false,"raw":"<p class=\"m_6422753080003111288gmail-CorpsA\"><b>Certified citrus plants for a quality orchard<\/b><\/p>\r\n<p class=\"m_6422753080003111288gmail-CorpsA\"><img class=\"alignright wp-image-492 size-medium\" src=\"http:\/\/kepler.agency\/pepinieres\/wp-content\/uploads\/2016\/10\/humain-300x225.jpg\" alt=\"Plants d\u2019agrumes\" width=\"300\" height=\"225\" \/><\/p>\r\n<i><span style=\"font-weight: 400;\">Les Domaines Agricoles<\/span><\/i><span style=\"font-weight: 400;\"> are the leading operator in the production of certified citrus plants in Morocco (since 1985, Order of the Ministry of \u00a0Agriculture No. 768 of July 1985)<\/span>\r\n\r\n<span style=\"font-weight: 400;\">With a long experience, the Nurseries of Les Domaines Agricoles are today a first-class operator in this market with a production capacity of 2,000,000 plants \/ year.\u00a0<\/span><span style=\"font-weight: 400;\">\r\n<\/span><span style=\"font-weight: 400;\">With a very rich and diversified collection, the nurseries of <\/span><i><span style=\"font-weight: 400;\">Les Domaines Agricoles <\/span><\/i><span style=\"font-weight: 400;\">offer a wide assortment of varieties including Mandarin Orange, <\/span><span style=\"font-weight: 400;\">Clementine<\/span><span style=\"font-weight: 400;\"> Trees<\/span><span style=\"font-weight: 400;\"> and the Orange trees. Other sanitized varieties and selected clones are being tested for behavior in <\/span><span style=\"font-weight: 400;\">various production areas. <\/span>\r\n\r\n<span style=\"font-weight: 400;\">Equally important, <\/span><i><span style=\"font-weight: 400;\">Les Domaines Agricoles<\/span><\/i><span style=\"font-weight: 400;\"> has been precursor in Morocco in the sanitation of plants and have their own sanitation facilities that are certified and well recognized on the market.<\/span>\r\n\r\n&nbsp;"},"excerpt":{"rendered":"","protected":false,"raw":""},"author":1,"featured_media":88,"parent":0,"menu_order":0,"comment_status":"closed","ping_status":"closed","template":"page-contenu.php","meta":{"_en_post_content":"<p class=\"m_6422753080003111288gmail-CorpsA\"><b>Certified citrus plants for a quality orchard<\/b><\/p>\r\n<p class=\"m_6422753080003111288gmail-CorpsA\"><img class=\"alignright wp-image-492 size-medium\" src=\"http:\/\/kepler.agency\/pepinieres\/wp-content\/uploads\/2016\/10\/humain-300x225.jpg\" alt=\"Plants d\u2019agrumes\" width=\"300\" height=\"225\" \/><\/p>\r\n<i><span style=\"font-weight: 400;\">Les Domaines Agricoles<\/span><\/i><span style=\"font-weight: 400;\"> are the leading operator in the production of certified citrus plants in Morocco (since 1985, Order of the Ministry of \u00a0Agriculture No. 768 of July 1985)<\/span>\r\n\r\n<span style=\"font-weight: 400;\">With a long experience, the Nurseries of Les Domaines Agricoles are today a first-class operator in this market with a production capacity of 2,000,000 plants \/ year.\u00a0<\/span><span style=\"font-weight: 400;\">\r\n<\/span><span style=\"font-weight: 400;\">With a very rich and diversified collection, the nurseries of <\/span><i><span style=\"font-weight: 400;\">Les Domaines Agricoles <\/span><\/i><span style=\"font-weight: 400;\">offer a wide assortment of varieties including Mandarin Orange, <\/span><span style=\"font-weight: 400;\">Clementine<\/span><span style=\"font-weight: 400;\"> Trees<\/span><span style=\"font-weight: 400;\"> and the Orange trees. Other sanitized varieties and selected clones are being tested for behavior in <\/span><span style=\"font-weight: 400;\">various production areas. <\/span>\r\n\r\n<span style=\"font-weight: 400;\">Equally important, <\/span><i><span style=\"font-weight: 400;\">Les Domaines Agricoles<\/span><\/i><span style=\"font-weight: 400;\"> has been precursor in Morocco in the sanitation of plants and have their own sanitation facilities that are certified and well recognized on the market.<\/span>\r\n\r\n&nbsp;","_en_post_name":"plants-dagrumes","_en_post_excerpt":"","_en_post_title":"CITRUS PLANTS","_fr_post_content":"<p class=\"m_6422753080003111288gmail-CorpsA\" style=\"margin-bottom: 30px;\"><strong>Des plants certifi\u00e9s d\u2019agrumes pour un verger de qualit\u00e9<\/strong><\/p>\r\n<p class=\"m_6422753080003111288gmail-CorpsA\"><img class=\"alignright wp-image-492 size-medium\" src=\"http:\/\/kepler.agency\/pepinieres\/wp-content\/uploads\/2016\/10\/humain-300x225.jpg\" alt=\"Plants d\u2019agrumes\" width=\"300\" height=\"225\" \/><\/p>\r\n<p class=\"m_6422753080003111288gmail-CorpsA\">Les Domaines Agricoles sont leader dans le domaine de la production de plants d\u2019agrumes certifi\u00e9s au Maroc (depuis 1985, arr\u00eat\u00e9 du minist\u00e8re de l\u2019agriculture N\u00b0768 du juillet 1985).<\/p>\r\n<p class=\"m_6422753080003111288gmail-CorpsA\">Forts d\u2019une longue exp\u00e9rience, les P\u00e9pini\u00e8res des Domaines Agricoles sont aujourd\u2019hui un op\u00e9rateur de premier ordre sur ce march\u00e9 avec une capacit\u00e9 de production de 2 000 0000 de plants\/an.<\/p>\r\n<p class=\"m_6422753080003111288gmail-CorpsA\">Disposant d\u2019une collection vari\u00e9tale tr\u00e8s riche et diversifi\u00e9e, les P\u00e9pini\u00e8res des Domaines Agricoles proposent un large assortiment de vari\u00e9t\u00e9s comprenant mandariniers, cl\u00e9mentiniers et orangers. D\u2019autres vari\u00e9t\u00e9s assainies et clones s\u00e9lectionn\u00e9s sont en cours d\u2019essai de comportement dans diverses zones de production.<\/p>\r\n<p class=\"m_6422753080003111288gmail-CorpsA\">Par ailleurs, les Domaines Agricoles ont \u00e9t\u00e9 pr\u00e9curseurs au Maroc dans l\u2019assainissement des plants et disposent de leurs propres installations d\u2019assainissement certifi\u00e9es et reconnues sur le march\u00e9.<\/p>\r\n&nbsp;\r\n\r\n&nbsp;\r\n\r\n&nbsp;","_fr_post_name":"plants-dagrumes","_fr_post_excerpt":"","_fr_post_title":"Plants d\u2019agrumes","_ar_post_content":"<p class=\"m_6422753080003111288gmail-CorpsA\" style=\"margin-bottom: 30px; text-align: right;\"><strong>\u0634\u062a\u0644\u0627\u062a \u062d\u0648\u0627\u0645\u0636 \u0645\u0639\u062a\u0645\u062f\u0629 \u0644\u0628\u0633\u062a\u0627\u0646 \u0630\u064a \u062c\u0648\u062f\u0629<\/strong><\/p>\r\n<p class=\"m_6422753080003111288gmail-CorpsA\" style=\"text-align: right;\"><img class=\"wp-image-492 size-medium alignleft\" src=\"http:\/\/kepler.agency\/pepinieres\/wp-content\/uploads\/2016\/10\/humain-300x225.jpg\" alt=\"Plants d\u2019agrumes\" width=\"300\" height=\"225\" \/><\/p>\r\n<p style=\"text-align: right;\"><span style=\"font-weight: 400;\">\u062a\u0639\u062f \u0627\u0644\u0636\u064a\u0639\u0627\u062a \u0627\u0644\u0641\u0644\u0627\u062d\u064a\u0629 \u0631\u0627\u0626\u062f\u0627 \u0641\u064a \u0625\u0646\u062a\u0627\u062c \u0634\u062a\u0644\u0627\u062a \u0627\u0644\u062d\u0648\u0627\u0645\u0636 \u0627\u0644\u0645\u0639\u062a\u0645\u062f\u0629 \u0641\u064a \u0627\u0644\u0645\u063a\u0631\u0628 \u0645\u0646\u0630 \u0635\u062f\u0648\u0631 \u0645\u0631\u0633\u0648\u0645 \u0648\u0632\u0627\u0631\u0629 \u0627\u0644\u0641\u0644\u0627\u062d\u0629 \u0631\u0642\u0645 768\u00a0 \u0641\u064a \u064a\u0648\u0644\u064a\u0648\u0632 1985.<\/span><\/p>\r\n<p style=\"text-align: right;\"><span style=\"font-weight: 400;\">\u0628\u0641\u0636\u0644 \u0627\u0644\u062e\u0628\u0631\u0629 \u0627\u0644\u0637\u0648\u064a\u0644\u0629\u060c \u0623\u0635\u0628\u062d\u062a \u0645\u0634\u0627\u062a\u0644 \u0627\u0644\u0636\u064a\u0639\u0627\u062a \u0627\u0644\u0641\u0644\u0627\u062d\u064a\u0629 \u0627\u0644\u064a\u0648\u0645 \u0641\u0627\u0639\u0644\u0627 \u0631\u0626\u064a\u0633\u064a\u0627 \u0641\u064a \u0647\u0630\u0627 \u0627\u0644\u0633\u0648\u0642 \u0644\u0637\u0627\u0642\u0629 \u0625\u0646\u062a\u0627\u062c\u064a\u0629 \u062a\u0628\u0644\u063a 2\u060c000\u060c000 \u0634\u062a\u0644\u0629 \u0633\u0646\u0648\u064a\u0627.<\/span><\/p>\r\n<p style=\"text-align: right;\"><span style=\"font-weight: 400;\">\u0645\u0646 \u062e\u0644\u0627\u0644 \u062a\u0648\u0641\u0631\u0647\u0627 \u0639\u0644\u0649 \u0645\u062c\u0645\u0648\u0639\u0629 \u0645\u062a\u0646\u0648\u0639\u0629 \u0648\u062c\u062f \u063a\u0646\u064a\u0629\u060c \u062a\u0642\u062a\u0631\u062d \u0645\u0634\u0627\u062a\u0644 \u0627\u0644\u0636\u064a\u0639\u0627\u062a \u0627\u0644\u0641\u0644\u0627\u062d\u064a\u0629 \u062a\u0634\u0643\u064a\u0644\u0629 \u0648\u0627\u0633\u0639\u0629 \u0645\u0646 \u0623\u0635\u0646\u0627\u0641 \u0627\u0644\u0645\u0646\u062f\u0631\u064a\u0646\u060c \u0627\u0644\u0643\u0644\u064a\u0645\u0627\u0646\u062a\u064a\u0646 \u0648\u0627\u0644\u0628\u0631\u062a\u0642\u0627\u0644. \u0648\u064a\u062c\u0631\u064a \u0627\u062e\u062a\u0628\u0627\u0631 \u0623\u0635\u0646\u0627\u0641 \u0623\u062e\u0631\u0649 \u0645\u062e\u062a\u0627\u0631\u0629 \u0648\u0630\u0627\u062a \u062c\u0648\u062f\u0629 \u0641\u064a \u0645\u0646\u0627\u0637\u0642 \u0625\u0646\u062a\u0627\u062c \u0645\u062e\u062a\u0644\u0641\u0629.<\/span><\/p>\r\n<p style=\"text-align: right;\"><span style=\"font-weight: 400;\">\u0628\u0627\u0644\u0625\u0636\u0627\u0641\u0629 \u0625\u0644\u0649 \u0630\u0644\u0643\u060c \u0643\u0627\u0646\u062a \u0627\u0644\u0636\u064a\u0639\u0627\u062a \u0627\u0644\u0641\u0644\u0627\u062d\u064a\u0629 \u062f\u0627\u0626\u0645\u0627 \u0631\u0627\u0626\u062f\u0629 \u0641\u064a \u0645\u062c\u0627\u0644 \u0645\u0639\u0627\u0644\u062c\u0629 \u0627\u0644\u0634\u062a\u0644\u0627\u062a \u0628\u0627\u0644\u0645\u063a\u0631\u0628\u060c \u0643\u0645\u0627 \u0623\u0646\u0647\u0627 \u062a\u062a\u0648\u0641\u0631 \u0639\u0644\u0649 \u0645\u0646\u0634\u0622\u062a\u0647\u0627 \u062e\u0627\u0635\u0629 \u0628\u0627\u0644\u0645\u0639\u0627\u0644\u062c\u0629 \u0645\u0639\u062a\u0645\u062f\u0629 \u0648\u0645\u0639\u062a\u0631\u0641 \u0628\u0647\u0627 \u0641\u064a \u0627\u0644\u0633\u0648\u0642.<\/span><\/p>\r\n<p style=\"text-align: right;\"><\/p>","_ar_post_name":"plants-dagrumes","_ar_post_excerpt":"","_ar_post_title":"\u0634\u062a\u0644\u0627\u062a \u0627\u0644\u062d\u0648\u0627\u0645\u0636","edit_language":"en"},"_links":{"self":[{"href":"http:\/\/pepiniereslesdomaines.com\/en\/wp-json\/wp\/v2\/pages\/90"}],"collection":[{"href":"http:\/\/pepiniereslesdomaines.com\/en\/wp-json\/wp\/v2\/pages"}],"about":[{"href":"http:\/\/pepiniereslesdomaines.com\/en\/wp-json\/wp\/v2\/types\/page"}],"author":[{"embeddable":true,"href":"http:\/\/pepiniereslesdomaines.com\/en\/wp-json\/wp\/v2\/users\/1"}],"replies":[{"embeddable":true,"href":"http:\/\/pepiniereslesdomaines.com\/en\/wp-json\/wp\/v2\/comments?post=90"}],"version-history":[{"count":16,"href":"http:\/\/pepiniereslesdomaines.com\/en\/wp-json\/wp\/v2\/pages\/90\/revisions"}],"predecessor-version":[{"id":773,"href":"http:\/\/pepiniereslesdomaines.com\/en\/wp-json\/wp\/v2\/pages\/90\/revisions\/773"}],"wp:featuredmedia":[{"embeddable":true,"href":"http:\/\/pepiniereslesdomaines.com\/en\/wp-json\/wp\/v2\/media\/88"}],"wp:attachment":[{"href":"http:\/\/pepiniereslesdomaines.com\/en\/wp-json\/wp\/v2\/media?parent=90"}],"curies":[{"name":"wp","href":"https:\/\/api.w.org\/{rel}","templated":true}]}}