{"id":243,"date":"2016-10-09T23:10:00","date_gmt":"2016-10-09T21:10:00","guid":{"rendered":"http:\/\/localhost:8888\/pepiniere-kepler\/?page_id=243"},"modified":"2018-06-25T12:49:59","modified_gmt":"2018-06-25T10:49:59","slug":"%d8%b9%d9%85%d9%84%d9%8a%d8%a9-%d8%a7%d9%84%d8%a5%d9%86%d8%aa%d8%a7%d8%ac","status":"publish","type":"page","link":"https:\/\/pepiniereslesdomaines.com\/ar\/nos-vitroplants-de-bananier\/%d8%b9%d9%85%d9%84%d9%8a%d8%a9-%d8%a7%d9%84%d8%a5%d9%86%d8%aa%d8%a7%d8%ac\/","title":{"rendered":"\u0639\u0645\u0644\u064a\u0629 \u0627\u0644\u0625\u0646\u062a\u0627\u062c","raw":"\u0639\u0645\u0644\u064a\u0629 \u0627\u0644\u0625\u0646\u062a\u0627\u062c"},"content":{"rendered":"<p style=\"text-align: justify;\"><img loading=\"lazy\" class=\"wp-image-764 size-medium alignleft\" src=\"http:\/\/kepler.agency\/pepinieres\/wp-content\/uploads\/2016\/10\/IMG-20161014-WA0037-300x169.jpg\" alt=\"Naines et Nathan\" width=\"300\" height=\"169\" srcset=\"https:\/\/pepiniereslesdomaines.com\/wp-content\/uploads\/2016\/10\/IMG-20161014-WA0037-300x169.jpg 300w, https:\/\/pepiniereslesdomaines.com\/wp-content\/uploads\/2016\/10\/IMG-20161014-WA0037-768x432.jpg 768w, https:\/\/pepiniereslesdomaines.com\/wp-content\/uploads\/2016\/10\/IMG-20161014-WA0037.jpg 1024w\" sizes=\"(max-width: 300px) 100vw, 300px\" \/><\/p>\n<p><span style=\"font-weight: 400;\">\u062a\u0646\u062a\u062c \u0627\u0644\u0636\u064a\u0639\u0627\u062a \u0627\u0644\u0641\u0644\u0627\u062d\u064a\u0629 \u0627\u0644\u064a\u0648\u0645 \u0645\u0627 \u0628\u064a\u0646 600 \u0648 800 \u0623\u0644\u0641 \u0634\u062a\u0644\u0629 \u0633\u0646\u0648\u064a\u0627\u064b \u0645\u0646 \u0623\u0635\u0646\u0627\u0641 Grandes Naines \u0648 Nathan. \u0643\u0644\u0647\u0627 \u0645\u0634\u062a\u0642\u0629 \u0645\u0646 \u0632\u0631\u0627\u0639\u0629 \u0627\u0644\u0623\u0646\u0633\u062c\u0629\u060c \u0645\u0645\u0627 \u064a\u0636\u0645\u0646 \u0644\u0644\u0645\u0646\u062a\u062c \u0645\u0627\u062f\u0629 \u0646\u0628\u0627\u062a\u064a\u0629 \u062e\u0627\u0644\u064a\u0629 \u0645\u0646 \u0627\u0644\u0623\u0645\u0631\u0627\u0636 \u0648\u0627\u0644\u062d\u0634\u0631\u0627\u062a \u0627\u0644\u0645\u0636\u0631\u0629.<\/span><\/p>\n<p><span style=\"font-weight: 400;\">\u062a\u062a\u0645\u064a\u0632 \u0647\u0630\u0647 \u0627\u0644\u0634\u062a\u0644\u0627\u062a\u060c \u0628\u0627\u0644\u0625\u0636\u0627\u0641\u0629 \u0625\u0644\u0649 \u0635\u0641\u0627\u062a\u0647\u0627 \u0648\u0645\u0624\u0647\u0644\u0627\u062a\u0647\u0627 \u0627\u0644\u0635\u062d\u064a\u0629\u060c \u0628\u0642\u0648\u062a\u0647\u0627 \u0627\u0644\u0643\u0628\u064a\u0631\u0629 \u0648\u062a\u062c\u0627\u0646\u0633\u0647\u0627 \u0627\u0644\u062c\u064a\u062f \u0648\u0625\u0646\u062a\u0627\u062c\u064a\u0629 \u062a\u0641\u0648\u0642 \u0628\u0643\u062b\u064a\u0631 \u0627\u0644\u0634\u062a\u0644\u0627\u062a \u0627\u0644\u062a\u0642\u0644\u064a\u062f\u064a\u0629.<\/span><\/p>\n<p style=\"text-align: justify;\"><span style=\"font-weight: 400;\">\u0644\u0636\u0645\u0627\u0646 \u0646\u062c\u0627\u062d \u0645\u0632\u0627\u0631\u0639 \u0632\u0628\u0646\u0627\u0626\u0646\u0627<\/span><span style=\"font-weight: 400;\">\u060c \u0646\u0642\u062f\u0645 \u0644\u0647\u0645 \u0627\u0644\u0645\u0633\u0627\u0639\u062f\u0629 \u0627\u0644\u062a\u0642\u0646\u064a\u0629 <\/span>\u0627\u0644\u0634\u062e\u0635\u064a\u0629 <span style=\"font-weight: 400;\">\u0637\u0648\u0627\u0644 \u0639\u0645\u0644\u064a\u0629 \u0627\u0644\u0625\u0646\u062a\u0627\u062c \u0625\u0644\u0649 \u062d\u064a\u0646 \u062c\u0646\u064a \u0627\u0644\u062b\u0645\u0627\u0631.<\/span><\/p>\n","protected":false,"raw":"<p style=\"text-align: justify;\"><img class=\"wp-image-764 size-medium alignleft\" src=\"http:\/\/kepler.agency\/pepinieres\/wp-content\/uploads\/2016\/10\/IMG-20161014-WA0037-300x169.jpg\" alt=\"Naines et Nathan\" width=\"300\" height=\"169\" \/><\/p>\r\n<span style=\"font-weight: 400;\">\u062a\u0646\u062a\u062c \u0627\u0644\u0636\u064a\u0639\u0627\u062a \u0627\u0644\u0641\u0644\u0627\u062d\u064a\u0629 \u0627\u0644\u064a\u0648\u0645 \u0645\u0627 \u0628\u064a\u0646 600 \u0648 800 \u0623\u0644\u0641 \u0634\u062a\u0644\u0629 \u0633\u0646\u0648\u064a\u0627\u064b \u0645\u0646 \u0623\u0635\u0646\u0627\u0641 Grandes Naines \u0648 Nathan. \u0643\u0644\u0647\u0627 \u0645\u0634\u062a\u0642\u0629 \u0645\u0646 \u0632\u0631\u0627\u0639\u0629 \u0627\u0644\u0623\u0646\u0633\u062c\u0629\u060c \u0645\u0645\u0627 \u064a\u0636\u0645\u0646 \u0644\u0644\u0645\u0646\u062a\u062c \u0645\u0627\u062f\u0629 \u0646\u0628\u0627\u062a\u064a\u0629 \u062e\u0627\u0644\u064a\u0629 \u0645\u0646 \u0627\u0644\u0623\u0645\u0631\u0627\u0636 \u0648\u0627\u0644\u062d\u0634\u0631\u0627\u062a \u0627\u0644\u0645\u0636\u0631\u0629.<\/span>\r\n\r\n<span style=\"font-weight: 400;\">\u062a\u062a\u0645\u064a\u0632 \u0647\u0630\u0647 \u0627\u0644\u0634\u062a\u0644\u0627\u062a\u060c \u0628\u0627\u0644\u0625\u0636\u0627\u0641\u0629 \u0625\u0644\u0649 \u0635\u0641\u0627\u062a\u0647\u0627 \u0648\u0645\u0624\u0647\u0644\u0627\u062a\u0647\u0627 \u0627\u0644\u0635\u062d\u064a\u0629\u060c \u0628\u0642\u0648\u062a\u0647\u0627 \u0627\u0644\u0643\u0628\u064a\u0631\u0629 \u0648\u062a\u062c\u0627\u0646\u0633\u0647\u0627 \u0627\u0644\u062c\u064a\u062f \u0648\u0625\u0646\u062a\u0627\u062c\u064a\u0629 \u062a\u0641\u0648\u0642 \u0628\u0643\u062b\u064a\u0631 \u0627\u0644\u0634\u062a\u0644\u0627\u062a \u0627\u0644\u062a\u0642\u0644\u064a\u062f\u064a\u0629.<\/span>\r\n<p style=\"text-align: justify;\"><span style=\"font-weight: 400;\">\u0644\u0636\u0645\u0627\u0646 \u0646\u062c\u0627\u062d \u0645\u0632\u0627\u0631\u0639 \u0632\u0628\u0646\u0627\u0626\u0646\u0627<\/span><span style=\"font-weight: 400;\">\u060c \u0646\u0642\u062f\u0645 \u0644\u0647\u0645 \u0627\u0644\u0645\u0633\u0627\u0639\u062f\u0629 \u0627\u0644\u062a\u0642\u0646\u064a\u0629 <\/span>\u0627\u0644\u0634\u062e\u0635\u064a\u0629 <span style=\"font-weight: 400;\">\u0637\u0648\u0627\u0644 \u0639\u0645\u0644\u064a\u0629 \u0627\u0644\u0625\u0646\u062a\u0627\u062c \u0625\u0644\u0649 \u062d\u064a\u0646 \u062c\u0646\u064a \u0627\u0644\u062b\u0645\u0627\u0631.<\/span><\/p>"},"excerpt":{"rendered":"","protected":false,"raw":""},"author":1,"featured_media":323,"parent":239,"menu_order":0,"comment_status":"closed","ping_status":"closed","template":"page-contenu.php","meta":{"_en_post_content":"<p style=\"text-align: justify;\"><img class=\"alignright wp-image-764 size-medium\" src=\"http:\/\/kepler.agency\/pepinieres\/wp-content\/uploads\/2016\/10\/IMG-20161014-WA0037-300x169.jpg\" alt=\"Naines et Nathan\" width=\"300\" height=\"169\" \/><span style=\"font-weight: 400;\">Nowadays, <\/span><i><span style=\"font-weight: 400;\">Les Domaines Agricoles<\/span><\/i><span style=\"font-weight: 400;\"> produces between 600 and 800 000 plants per year of Grandes Naines and Nathan varieties. All are derived from the in-vitro culture, thus securing for the producer all plant material that is free from pests and diseases. <\/span><\/p>\r\n<p style=\"text-align: justify;\"><span style=\"font-weight: 400;\">These plants, in addition to their sanitary qualities, are essentially distinguished by great vigor, excellent homogeneity, as well as \u00a0productivity that are far superior to conventional plants.<\/span><\/p>\r\n<p style=\"text-align: justify;\"><span style=\"font-weight: 400;\">To ensure the success of our customers' plantations, our company provide them with all \u00a0personalized technical assistance throughout the entire production process, right up to fruiting.<\/span><\/p>","_en_post_name":"production-process","_en_post_excerpt":"","_en_post_title":"Production process","_fr_post_content":"<p style=\"text-align: justify;\"><img class=\"alignright wp-image-764 size-medium\" src=\"http:\/\/kepler.agency\/pepinieres\/wp-content\/uploads\/2016\/10\/IMG-20161014-WA0037-300x169.jpg\" alt=\"Naines et Nathan\" width=\"300\" height=\"169\" \/>Aujourd\u2019hui, les Domaines Agricoles produisent entre 600 et 800 000 plants par an des vari\u00e9t\u00e9s Grandes Naines et Nathan. Toutes sont issues de la culture in vitro, garantissant ainsi au producteur un mat\u00e9riel v\u00e9g\u00e9tal indemne des maladies et parasites.<\/p>\r\n<p style=\"text-align: justify;\">Ces plants, outre leurs qualit\u00e9s sanitaires, sont caract\u00e9ris\u00e9s par une grande vigueur, une excellente homog\u00e9n\u00e9it\u00e9 et une productivit\u00e9 largement sup\u00e9rieure aux plants conventionnels.<\/p>\r\n<p style=\"text-align: justify;\">Pour garantir la r\u00e9ussite des plantations de nos clients, nous mettons \u00e0 leur disposition une assistance technique personnalis\u00e9e tout au long du processus de production et ce, jusqu\u2019\u00e0 la mise \u00e0 fruit.<\/p>","_fr_post_name":"process-de-production-3","_fr_post_excerpt":"","_fr_post_title":"Process de production","_ar_post_content":"<p style=\"text-align: justify;\"><img class=\"wp-image-764 size-medium alignleft\" src=\"http:\/\/kepler.agency\/pepinieres\/wp-content\/uploads\/2016\/10\/IMG-20161014-WA0037-300x169.jpg\" alt=\"Naines et Nathan\" width=\"300\" height=\"169\" \/><\/p>\r\n<span style=\"font-weight: 400;\">\u062a\u0646\u062a\u062c \u0627\u0644\u0636\u064a\u0639\u0627\u062a \u0627\u0644\u0641\u0644\u0627\u062d\u064a\u0629 \u0627\u0644\u064a\u0648\u0645 \u0645\u0627 \u0628\u064a\u0646 600 \u0648 800 \u0623\u0644\u0641 \u0634\u062a\u0644\u0629 \u0633\u0646\u0648\u064a\u0627\u064b \u0645\u0646 \u0623\u0635\u0646\u0627\u0641 Grandes Naines \u0648 Nathan. \u0643\u0644\u0647\u0627 \u0645\u0634\u062a\u0642\u0629 \u0645\u0646 \u0632\u0631\u0627\u0639\u0629 \u0627\u0644\u0623\u0646\u0633\u062c\u0629\u060c \u0645\u0645\u0627 \u064a\u0636\u0645\u0646 \u0644\u0644\u0645\u0646\u062a\u062c \u0645\u0627\u062f\u0629 \u0646\u0628\u0627\u062a\u064a\u0629 \u062e\u0627\u0644\u064a\u0629 \u0645\u0646 \u0627\u0644\u0623\u0645\u0631\u0627\u0636 \u0648\u0627\u0644\u062d\u0634\u0631\u0627\u062a \u0627\u0644\u0645\u0636\u0631\u0629.<\/span>\r\n\r\n<span style=\"font-weight: 400;\">\u062a\u062a\u0645\u064a\u0632 \u0647\u0630\u0647 \u0627\u0644\u0634\u062a\u0644\u0627\u062a\u060c \u0628\u0627\u0644\u0625\u0636\u0627\u0641\u0629 \u0625\u0644\u0649 \u0635\u0641\u0627\u062a\u0647\u0627 \u0648\u0645\u0624\u0647\u0644\u0627\u062a\u0647\u0627 \u0627\u0644\u0635\u062d\u064a\u0629\u060c \u0628\u0642\u0648\u062a\u0647\u0627 \u0627\u0644\u0643\u0628\u064a\u0631\u0629 \u0648\u062a\u062c\u0627\u0646\u0633\u0647\u0627 \u0627\u0644\u062c\u064a\u062f \u0648\u0625\u0646\u062a\u0627\u062c\u064a\u0629 \u062a\u0641\u0648\u0642 \u0628\u0643\u062b\u064a\u0631 \u0627\u0644\u0634\u062a\u0644\u0627\u062a \u0627\u0644\u062a\u0642\u0644\u064a\u062f\u064a\u0629.<\/span>\r\n<p style=\"text-align: justify;\"><span style=\"font-weight: 400;\">\u0644\u0636\u0645\u0627\u0646 \u0646\u062c\u0627\u062d \u0645\u0632\u0627\u0631\u0639 \u0632\u0628\u0646\u0627\u0626\u0646\u0627<\/span><span style=\"font-weight: 400;\">\u060c \u0646\u0642\u062f\u0645 \u0644\u0647\u0645 \u0627\u0644\u0645\u0633\u0627\u0639\u062f\u0629 \u0627\u0644\u062a\u0642\u0646\u064a\u0629 <\/span>\u0627\u0644\u0634\u062e\u0635\u064a\u0629 <span style=\"font-weight: 400;\">\u0637\u0648\u0627\u0644 \u0639\u0645\u0644\u064a\u0629 \u0627\u0644\u0625\u0646\u062a\u0627\u062c \u0625\u0644\u0649 \u062d\u064a\u0646 \u062c\u0646\u064a \u0627\u0644\u062b\u0645\u0627\u0631.<\/span><\/p>","_ar_post_name":"%d8%b9%d9%85%d9%84%d9%8a%d8%a9-%d8%a7%d9%84%d8%a5%d9%86%d8%aa%d8%a7%d8%ac","_ar_post_excerpt":"","_ar_post_title":"\u0639\u0645\u0644\u064a\u0629 \u0627\u0644\u0625\u0646\u062a\u0627\u062c","edit_language":"ar"},"_links":{"self":[{"href":"https:\/\/pepiniereslesdomaines.com\/ar\/wp-json\/wp\/v2\/pages\/243"}],"collection":[{"href":"https:\/\/pepiniereslesdomaines.com\/ar\/wp-json\/wp\/v2\/pages"}],"about":[{"href":"https:\/\/pepiniereslesdomaines.com\/ar\/wp-json\/wp\/v2\/types\/page"}],"author":[{"embeddable":true,"href":"https:\/\/pepiniereslesdomaines.com\/ar\/wp-json\/wp\/v2\/users\/1"}],"replies":[{"embeddable":true,"href":"https:\/\/pepiniereslesdomaines.com\/ar\/wp-json\/wp\/v2\/comments?post=243"}],"version-history":[{"count":9,"href":"https:\/\/pepiniereslesdomaines.com\/ar\/wp-json\/wp\/v2\/pages\/243\/revisions"}],"predecessor-version":[{"id":1168,"href":"https:\/\/pepiniereslesdomaines.com\/ar\/wp-json\/wp\/v2\/pages\/243\/revisions\/1168"}],"up":[{"embeddable":true,"href":"https:\/\/pepiniereslesdomaines.com\/ar\/wp-json\/wp\/v2\/pages\/239"}],"wp:featuredmedia":[{"embeddable":true,"href":"https:\/\/pepiniereslesdomaines.com\/ar\/wp-json\/wp\/v2\/media\/323"}],"wp:attachment":[{"href":"https:\/\/pepiniereslesdomaines.com\/ar\/wp-json\/wp\/v2\/media?parent=243"}],"curies":[{"name":"wp","href":"https:\/\/api.w.org\/{rel}","templated":true}]}}