{"id":249,"date":"2016-10-09T23:42:41","date_gmt":"2016-10-09T21:42:41","guid":{"rendered":"http:\/\/localhost:8888\/pepiniere-kepler\/?page_id=249"},"modified":"2018-06-22T14:12:23","modified_gmt":"2018-06-22T12:12:23","slug":"%d8%a7%d9%84%d9%86%d8%a8%d8%a7%d8%aa%d8%a7%d8%aa-%d8%a7%d9%84%d9%85%d8%b2%d9%87%d8%b1%d8%a9","status":"publish","type":"page","link":"https:\/\/pepiniereslesdomaines.com\/ar\/plantes-ornementales\/%d8%a7%d9%84%d9%86%d8%a8%d8%a7%d8%aa%d8%a7%d8%aa-%d8%a7%d9%84%d9%85%d8%b2%d9%87%d8%b1%d8%a9\/","title":{"rendered":"\u0627\u0644\u0646\u0628\u0627\u062a\u0627\u062a \u0627\u0644\u0645\u0632\u0647\u0631\u0629","raw":"\u0627\u0644\u0646\u0628\u0627\u062a\u0627\u062a \u0627\u0644\u0645\u0632\u0647\u0631\u0629"},"content":{"rendered":"<p style=\"text-align: justify;\"><strong>\u0639\u0631\u0636 \u063a\u0646\u064a \u0648\u0645\u062a\u0646\u0648\u0639 \u0645\u0646 \u0627\u0644\u0646\u0628\u0627\u062a\u0627\u062a \u0627\u0644\u0645\u0632\u0647\u0631\u0629<\/strong><\/p>\n<p style=\"text-align: justify;\">\u0627\u0644\u0646\u0628\u0627\u062a\u0627\u062a \u0627\u0644\u0645\u0632\u0647\u0631\u0629 \u0647\u064a \u0632\u0647\u0648\u0631 \u0644\u0644\u0632\u064a\u0646\u0629 \u0645\u062b\u0627\u0644\u064a\u0629 \u0644\u0644\u0645\u0633\u0627\u062d\u0627\u062a \u0627\u0644\u0643\u0628\u0631\u0649 \u0648\u0627\u0644\u062d\u062f\u0627\u0626\u0642 \u0648\u0627\u0644\u0634\u0631\u0641\u0627\u062a. \u0646\u0642\u062f\u0645 \u062a\u0634\u0643\u064a\u0644\u0629 \u0648\u0627\u0633\u0639\u0629 \u0645\u0646 \u0627\u0644\u0646\u0628\u0627\u062a\u0627\u062a \u0627\u0644\u0645\u0632\u0647\u0631\u0629 \u0628\u0627\u0644\u0639\u062f\u064a\u062f \u0645\u0646 \u0627\u0644\u0623\u0635\u0646\u0627\u0641 \u0648 \u0627\u0644\u0623\u0644\u0648\u0627\u0646 \u0641\u064a \u0643\u0644 \u0645\u0648\u0633\u0645. \u0646\u0642\u062a\u0631\u062d \u0639\u0644\u064a\u0643\u0645 \u0623\u064a\u0636\u0627 \u0639\u0631\u0636\u0627 \u0645\u062a\u0646\u0648\u0639\u0627 \u0645\u0646 \u0646\u0628\u0627\u062a\u0627\u062a \u0627\u0644\u0632\u064a\u0646\u0629 \u0641\u064a \u0627\u0644\u0623\u0645\u0627\u0643\u0646 \u0627\u0644\u0645\u063a\u0644\u0642\u0629.<\/p>\n<p style=\"text-align: justify;\"><strong>\u0645\u0648\u0627\u0643\u0628\u0629 <b>\u0634\u062e\u0635\u064a\u0629 \u0644\u0644\u0632\u0628\u0648\u0646<\/b><\/strong><\/p>\n<p style=\"text-align: justify;\">\u062e\u062f\u0645\u0629 \u0627\u0644\u0632\u0628\u0648\u0646 \u0647\u064a \u062c\u0632\u0621 \u0644\u0627 \u064a\u062a\u062c\u0632\u0623 \u0645\u0646 \u0639\u0631\u0648\u0636\u0646\u0627. \u0633\u0648\u0627\u0621 \u062a\u0639\u0644\u0642 \u0627\u0644\u0623\u0645\u0631 \u0628\u0627\u0633\u062a\u0634\u0627\u0631\u0629 \u062a\u0642\u0646\u064a\u0629 \u0648\u0639\u0645\u0644\u064a\u0629\u060c\u00a0\u0633\u0631\u0639\u0629 \u0641\u064a \u0627\u0644\u0627\u0633\u062a\u062c\u0627\u0628\u0629 \u0644\u0645\u062a\u0637\u0644\u0628\u0627\u062a\u0643\u0645\u060c \u0648\u0643\u0630\u0627 \u062a\u0648\u0641\u064a\u0631 \u0645\u0646\u062a\u062c\u0627\u062a \u0627\u0644\u0635\u064a\u0627\u0646\u0629 \u0627\u0644\u062e\u0627\u0635\u0629 \u0628\u0646\u0628\u0627\u062a\u0627\u062a\u0643\u0645\u060c \u0648\u0627\u0644\u0645\u0646\u062a\u062c\u0627\u062a \u0630\u0627\u062a \u062c\u0648\u062f\u0629 \u0639\u0627\u0644\u064a\u0629 \u0648\u0645\u0646 \u0627\u0644\u062c\u064a\u0644 \u0627\u0644\u0623\u0648\u0644.<\/p>\n","protected":false,"raw":"<p style=\"text-align: justify;\"><strong>\u0639\u0631\u0636 \u063a\u0646\u064a \u0648\u0645\u062a\u0646\u0648\u0639 \u0645\u0646 \u0627\u0644\u0646\u0628\u0627\u062a\u0627\u062a \u0627\u0644\u0645\u0632\u0647\u0631\u0629<\/strong><\/p>\r\n<p style=\"text-align: justify;\">\u0627\u0644\u0646\u0628\u0627\u062a\u0627\u062a \u0627\u0644\u0645\u0632\u0647\u0631\u0629 \u0647\u064a \u0632\u0647\u0648\u0631 \u0644\u0644\u0632\u064a\u0646\u0629 \u0645\u062b\u0627\u0644\u064a\u0629 \u0644\u0644\u0645\u0633\u0627\u062d\u0627\u062a \u0627\u0644\u0643\u0628\u0631\u0649 \u0648\u0627\u0644\u062d\u062f\u0627\u0626\u0642 \u0648\u0627\u0644\u0634\u0631\u0641\u0627\u062a. \u0646\u0642\u062f\u0645 \u062a\u0634\u0643\u064a\u0644\u0629 \u0648\u0627\u0633\u0639\u0629 \u0645\u0646 \u0627\u0644\u0646\u0628\u0627\u062a\u0627\u062a \u0627\u0644\u0645\u0632\u0647\u0631\u0629 \u0628\u0627\u0644\u0639\u062f\u064a\u062f \u0645\u0646 \u0627\u0644\u0623\u0635\u0646\u0627\u0641 \u0648 \u0627\u0644\u0623\u0644\u0648\u0627\u0646 \u0641\u064a \u0643\u0644 \u0645\u0648\u0633\u0645. \u0646\u0642\u062a\u0631\u062d \u0639\u0644\u064a\u0643\u0645 \u0623\u064a\u0636\u0627 \u0639\u0631\u0636\u0627 \u0645\u062a\u0646\u0648\u0639\u0627 \u0645\u0646 \u0646\u0628\u0627\u062a\u0627\u062a \u0627\u0644\u0632\u064a\u0646\u0629 \u0641\u064a \u0627\u0644\u0623\u0645\u0627\u0643\u0646 \u0627\u0644\u0645\u063a\u0644\u0642\u0629.<\/p>\r\n<p style=\"text-align: justify;\"><strong>\u0645\u0648\u0627\u0643\u0628\u0629 <b>\u0634\u062e\u0635\u064a\u0629 \u0644\u0644\u0632\u0628\u0648\u0646<\/b><\/strong><\/p>\r\n<p style=\"text-align: justify;\">\u062e\u062f\u0645\u0629 \u0627\u0644\u0632\u0628\u0648\u0646 \u0647\u064a \u062c\u0632\u0621 \u0644\u0627 \u064a\u062a\u062c\u0632\u0623 \u0645\u0646 \u0639\u0631\u0648\u0636\u0646\u0627. \u0633\u0648\u0627\u0621 \u062a\u0639\u0644\u0642 \u0627\u0644\u0623\u0645\u0631 \u0628\u0627\u0633\u062a\u0634\u0627\u0631\u0629 \u062a\u0642\u0646\u064a\u0629 \u0648\u0639\u0645\u0644\u064a\u0629\u060c\u00a0\u0633\u0631\u0639\u0629 \u0641\u064a \u0627\u0644\u0627\u0633\u062a\u062c\u0627\u0628\u0629 \u0644\u0645\u062a\u0637\u0644\u0628\u0627\u062a\u0643\u0645\u060c \u0648\u0643\u0630\u0627 \u062a\u0648\u0641\u064a\u0631 \u0645\u0646\u062a\u062c\u0627\u062a \u0627\u0644\u0635\u064a\u0627\u0646\u0629 \u0627\u0644\u062e\u0627\u0635\u0629 \u0628\u0646\u0628\u0627\u062a\u0627\u062a\u0643\u0645\u060c \u0648\u0627\u0644\u0645\u0646\u062a\u062c\u0627\u062a \u0630\u0627\u062a \u062c\u0648\u062f\u0629 \u0639\u0627\u0644\u064a\u0629 \u0648\u0645\u0646 \u0627\u0644\u062c\u064a\u0644 \u0627\u0644\u0623\u0648\u0644.<\/p>"},"excerpt":{"rendered":"","protected":false,"raw":""},"author":1,"featured_media":648,"parent":247,"menu_order":0,"comment_status":"closed","ping_status":"closed","template":"page-contenu.php","meta":{"_en_post_content":"<p style=\"text-align: justify;\"><strong>A rich and varied offer of flowers plants.<\/strong><\/p>\r\n<p style=\"text-align: justify;\">The plants of flowers are ideal ornamental flowers for large spaces, gardens and balconies. Our range of flowers plants offers you a wide choice of varieties and colors for each season. We also provide a varied offer of indoor ornamental plants.<\/p>\r\n<p style=\"text-align: justify;\"><strong>Personalized support<\/strong><\/p>\r\n<p style=\"text-align: justify;\">Customer service constitutes an integral part of our offer. Technical and practical advice, availability and responsiveness for your orders, maintenance products for your plantations, products of superior quality of first generation make up our fundamental priority. Everything is well planned for your satisfaction and different needs.<\/p>","_en_post_name":"plants-of-flowers","_en_post_excerpt":"","_en_post_title":"Plants of flowers","_fr_post_content":"<p style=\"text-align: justify;\"><strong>Une offre riche et vari\u00e9e de plants de fleurs<\/strong><\/p>\r\n<p style=\"text-align: justify;\">Les plants de fleurs \u00e0 massifs sont des fleurs ornementales id\u00e9ales pour orner les grands espaces, jardins et balcons. Notre gamme de plants de fleurs vous offre un large choix de vari\u00e9t\u00e9s et de couleurs pour chaque saison. Nous vous proposons \u00e9galement une offre vari\u00e9e de plantes ornementales d\u2019int\u00e9rieur.<\/p>\r\n<p style=\"text-align: justify;\"><strong>Un accompagnement personnalis\u00e9<\/strong><\/p>\r\n<p style=\"text-align: justify;\">Le service au client fait partie int\u00e9grante de notre offre. Conseils techniques et pratiques, disponibilit\u00e9 et r\u00e9activit\u00e9 pour vos commandes, produits d\u2019entretien pour vos plantations, produits de qualit\u00e9 sup\u00e9rieure de premi\u00e8re g\u00e9n\u00e9ration, tout est pr\u00e9vu pour votre satisfaction.<\/p>","_fr_post_name":"plants-de-fleurs","_fr_post_excerpt":"","_fr_post_title":"Plants de fleurs","_ar_post_content":"<p style=\"text-align: justify;\"><strong>\u0639\u0631\u0636 \u063a\u0646\u064a \u0648\u0645\u062a\u0646\u0648\u0639 \u0645\u0646 \u0627\u0644\u0646\u0628\u0627\u062a\u0627\u062a \u0627\u0644\u0645\u0632\u0647\u0631\u0629<\/strong><\/p>\r\n<p style=\"text-align: justify;\">\u0627\u0644\u0646\u0628\u0627\u062a\u0627\u062a \u0627\u0644\u0645\u0632\u0647\u0631\u0629 \u0647\u064a \u0632\u0647\u0648\u0631 \u0644\u0644\u0632\u064a\u0646\u0629 \u0645\u062b\u0627\u0644\u064a\u0629 \u0644\u0644\u0645\u0633\u0627\u062d\u0627\u062a \u0627\u0644\u0643\u0628\u0631\u0649 \u0648\u0627\u0644\u062d\u062f\u0627\u0626\u0642 \u0648\u0627\u0644\u0634\u0631\u0641\u0627\u062a. \u0646\u0642\u062f\u0645 \u062a\u0634\u0643\u064a\u0644\u0629 \u0648\u0627\u0633\u0639\u0629 \u0645\u0646 \u0627\u0644\u0646\u0628\u0627\u062a\u0627\u062a \u0627\u0644\u0645\u0632\u0647\u0631\u0629 \u0628\u0627\u0644\u0639\u062f\u064a\u062f \u0645\u0646 \u0627\u0644\u0623\u0635\u0646\u0627\u0641 \u0648 \u0627\u0644\u0623\u0644\u0648\u0627\u0646 \u0641\u064a \u0643\u0644 \u0645\u0648\u0633\u0645. \u0646\u0642\u062a\u0631\u062d \u0639\u0644\u064a\u0643\u0645 \u0623\u064a\u0636\u0627 \u0639\u0631\u0636\u0627 \u0645\u062a\u0646\u0648\u0639\u0627 \u0645\u0646 \u0646\u0628\u0627\u062a\u0627\u062a \u0627\u0644\u0632\u064a\u0646\u0629 \u0641\u064a \u0627\u0644\u0623\u0645\u0627\u0643\u0646 \u0627\u0644\u0645\u063a\u0644\u0642\u0629.<\/p>\r\n<p style=\"text-align: justify;\"><strong>\u0645\u0648\u0627\u0643\u0628\u0629 <b>\u0634\u062e\u0635\u064a\u0629 \u0644\u0644\u0632\u0628\u0648\u0646<\/b><\/strong><\/p>\r\n<p style=\"text-align: justify;\">\u062e\u062f\u0645\u0629 \u0627\u0644\u0632\u0628\u0648\u0646 \u0647\u064a \u062c\u0632\u0621 \u0644\u0627 \u064a\u062a\u062c\u0632\u0623 \u0645\u0646 \u0639\u0631\u0648\u0636\u0646\u0627. \u0633\u0648\u0627\u0621 \u062a\u0639\u0644\u0642 \u0627\u0644\u0623\u0645\u0631 \u0628\u0627\u0633\u062a\u0634\u0627\u0631\u0629 \u062a\u0642\u0646\u064a\u0629 \u0648\u0639\u0645\u0644\u064a\u0629\u060c\u00a0\u0633\u0631\u0639\u0629 \u0641\u064a \u0627\u0644\u0627\u0633\u062a\u062c\u0627\u0628\u0629 \u0644\u0645\u062a\u0637\u0644\u0628\u0627\u062a\u0643\u0645\u060c \u0648\u0643\u0630\u0627 \u062a\u0648\u0641\u064a\u0631 \u0645\u0646\u062a\u062c\u0627\u062a \u0627\u0644\u0635\u064a\u0627\u0646\u0629 \u0627\u0644\u062e\u0627\u0635\u0629 \u0628\u0646\u0628\u0627\u062a\u0627\u062a\u0643\u0645\u060c \u0648\u0627\u0644\u0645\u0646\u062a\u062c\u0627\u062a \u0630\u0627\u062a \u062c\u0648\u062f\u0629 \u0639\u0627\u0644\u064a\u0629 \u0648\u0645\u0646 \u0627\u0644\u062c\u064a\u0644 \u0627\u0644\u0623\u0648\u0644.<\/p>","_ar_post_name":"%d8%a7%d9%84%d9%86%d8%a8%d8%a7%d8%aa%d8%a7%d8%aa-%d8%a7%d9%84%d9%85%d8%b2%d9%87%d8%b1%d8%a9","_ar_post_excerpt":"","_ar_post_title":"\u0627\u0644\u0646\u0628\u0627\u062a\u0627\u062a \u0627\u0644\u0645\u0632\u0647\u0631\u0629","edit_language":"ar"},"_links":{"self":[{"href":"https:\/\/pepiniereslesdomaines.com\/ar\/wp-json\/wp\/v2\/pages\/249"}],"collection":[{"href":"https:\/\/pepiniereslesdomaines.com\/ar\/wp-json\/wp\/v2\/pages"}],"about":[{"href":"https:\/\/pepiniereslesdomaines.com\/ar\/wp-json\/wp\/v2\/types\/page"}],"author":[{"embeddable":true,"href":"https:\/\/pepiniereslesdomaines.com\/ar\/wp-json\/wp\/v2\/users\/1"}],"replies":[{"embeddable":true,"href":"https:\/\/pepiniereslesdomaines.com\/ar\/wp-json\/wp\/v2\/comments?post=249"}],"version-history":[{"count":14,"href":"https:\/\/pepiniereslesdomaines.com\/ar\/wp-json\/wp\/v2\/pages\/249\/revisions"}],"predecessor-version":[{"id":1184,"href":"https:\/\/pepiniereslesdomaines.com\/ar\/wp-json\/wp\/v2\/pages\/249\/revisions\/1184"}],"up":[{"embeddable":true,"href":"https:\/\/pepiniereslesdomaines.com\/ar\/wp-json\/wp\/v2\/pages\/247"}],"wp:featuredmedia":[{"embeddable":true,"href":"https:\/\/pepiniereslesdomaines.com\/ar\/wp-json\/wp\/v2\/media\/648"}],"wp:attachment":[{"href":"https:\/\/pepiniereslesdomaines.com\/ar\/wp-json\/wp\/v2\/media?parent=249"}],"curies":[{"name":"wp","href":"https:\/\/api.w.org\/{rel}","templated":true}]}}