{"id":263,"date":"2016-10-10T00:01:33","date_gmt":"2016-10-09T22:01:33","guid":{"rendered":"http:\/\/localhost:8888\/pepiniere-kepler\/?page_id=263"},"modified":"2018-06-22T14:31:05","modified_gmt":"2018-06-22T12:31:05","slug":"%d8%a7%d9%84%d8%ae%d8%b1%d9%88%d8%a8","status":"publish","type":"page","link":"https:\/\/pepiniereslesdomaines.com\/ar\/autres-plants\/%d8%a7%d9%84%d8%ae%d8%b1%d9%88%d8%a8\/","title":{"rendered":"\u0627\u0644\u062e\u0631\u0648\u0628","raw":"\u0627\u0644\u062e\u0631\u0648\u0628"},"content":{"rendered":"<p style=\"text-align: justify; margin-bottom: 30px;\"><strong>\u0627\u0644\u062e\u0631\u0648\u0628\u060c \u062b\u0631\u0648\u0629 \u064a\u062c\u0628 \u0627\u0633\u062a\u063a\u0644\u0627\u0644\u0647\u0627<\/strong><\/p>\n<p><img loading=\"lazy\" class=\"alignright wp-image-544 size-medium\" src=\"http:\/\/kepler.agency\/pepinieres\/wp-content\/uploads\/2016\/10\/caroubier-1-300x169.jpg\" alt=\"LE CAROUBIER\" width=\"300\" height=\"169\" \/><\/p>\n<p style=\"text-align: justify; margin-bottom: 30px;\">\u0625\u0644\u0649 \u062c\u0627\u0646\u0628 \u0646\u062c\u0627\u062d\u0647\u0627 \u0648\u0645\u0631\u0648\u0646\u062a\u0647\u0627 \u0627\u0644\u0625\u064a\u0643\u0648\u0644\u0648\u062c\u064a\u0629\u060c \u062a\u0639\u062f \u0634\u062c\u0631\u0629 \u0627\u0644\u062e\u0631\u0648\u0628 \u062b\u0631\u0648\u0629 \u0648\u062c\u0628 \u0627\u0633\u062a\u063a\u0644\u0627\u0644\u0647\u0627. \u0641\u0647\u064a \u0645\u0646\u0627\u0633\u0628\u0629 \u0644\u062a\u0623\u0647\u064a\u0644 \u0627\u0644\u0623\u0631\u0627\u0636\u064a \u0627\u0644\u0632\u0631\u0627\u0639\u064a\u0629 \u0627\u0644\u0635\u0639\u0628\u0629. \u0648\u064a\u0645\u0643\u0646 \u0644\u0647\u0630\u0627 \u0627\u0644\u0635\u0646\u0641 \u0645\u0646 \u0627\u0644\u0627\u0634\u062c\u0627\u0631 \u0623\u0646 \u064a\u0643\u0648\u0646 \u0645\u0635\u062f\u0631\u0627\u064b \u0644\u0625\u0646\u062c\u0627\u0632 \u0645\u0634\u0627\u0631\u064a\u0639 \u0645\u062f\u0631\u0629 \u0644\u0644\u062f\u062e\u0644.<\/p>\n<p style=\"text-align: justify;\">\u0627\u0644\u0646\u0628\u0627\u062a\u0627\u062a \u0627\u0644\u062a\u064a \u062a\u0642\u062a\u0631\u062d\u0647\u0627 \u0627\u0644\u064a\u0648\u0645 \u0627\u0644\u0636\u064a\u0639\u0627\u062a \u0627\u0644\u0641\u0644\u0627\u062d\u064a\u0629\u060c \u062a\u062c\u0645\u0639 \u0628\u064a\u0646 \u0645\u0632\u0627\u064a\u0627 \u0646\u0628\u0627\u062a\u0627\u062a \u0627\u0644\u063a\u0627\u0628\u0629 \u0648\u0628\u064a\u0646 \u0627\u0644\u0634\u062a\u0644\u0627\u062a \u0627\u0644\u0645\u062b\u0645\u0631\u0629\u060c \u0627\u0644\u062a\u064a \u062a\u0634\u0643\u0644 \u0645\u0635\u062f\u0631\u0627 \u0644\u0644\u062f\u062e\u0644. \u064a\u0642\u062a\u0631\u062d \u0645\u0634\u062a\u0644 \u0627\u0644\u0628\u0633\u0627\u062a\u064a\u0646 \u0623\u0635\u0646\u0627\u0641\u0627 \u0645\u062e\u062a\u0627\u0631\u0629 \u0645\u0646 \u0627\u0644\u062e\u0631\u0648\u0628 \u0630\u0627\u062a \u062c\u0648\u062f\u0629 \u0639\u0627\u0644\u064a\u0629. \u064a\u062a\u0645 \u0627\u062e\u062a\u064a\u0627\u0631 \u0647\u0630\u0647 \u0627\u0644\u0623\u0635\u0646\u0627\u0641 \u0645\u0646 \u0628\u0631\u0646\u0627\u0645\u062c\u0646\u0627 \u0627\u0644\u062e\u0627\u0635 \u0628\u0627\u0644\u0628\u062d\u062b \u0648\u0627\u0644\u062a\u0637\u0648\u064a\u0631 \u0628\u0641\u0636\u0644:<\/p>\n<p style=\"text-align: justify;\"><i class=\"fa fa-angle-right\"><\/i>\u062c\u0646\u0633\u0647\u0627 (100\u066a \u0645\u0646 \u0627\u0644\u0625\u0646\u0627\u062b \u0627\u0644\u0645\u0646\u062a\u062c\u0629 \u0623\u0648 100\u066a \u0645\u0646 \u0627\u0644\u0630\u0643\u0648\u0631 \u0627\u0644\u0645\u0644\u0642\u062d\u0629 ).<br \/>\n<i class=\"fa fa-angle-right\"><\/i> \u0625\u0646\u062a\u0627\u062c\u064a\u062a\u0647\u0627 \u0627\u0644\u0639\u0627\u0644\u064a\u0629.<br \/>\n<i class=\"fa fa-angle-right\"><\/i> \u0645\u0631\u062f\u0648\u062f\u064a\u062a\u0647\u0627 \u0627\u0644\u0639\u0627\u0644\u064a\u0629 \u0645\u0646 \u0628\u0630\u0648\u0631 \u0627\u0644\u062e\u0631\u0648\u0628.<br \/>\n<i class=\"fa fa-angle-right\"><\/i> \u0627\u062e\u062a\u064a\u0627\u0631 \u0634\u062a\u0644\u0627\u062a \u0630\u0643\u0631\u064a\u0629 \u0630\u0627\u062a \u0625\u0646\u062a\u0627\u062c\u064a\u0629 \u062c\u064a\u062f\u0629 \u0645\u0646 \u0627\u0644\u0644\u0642\u0627\u062d.<\/p>\n","protected":false,"raw":"<p style=\"text-align: justify; margin-bottom: 30px;\"><strong>\u0627\u0644\u062e\u0631\u0648\u0628\u060c \u062b\u0631\u0648\u0629 \u064a\u062c\u0628 \u0627\u0633\u062a\u063a\u0644\u0627\u0644\u0647\u0627<\/strong><\/p>\r\n<img class=\"alignright wp-image-544 size-medium\" src=\"http:\/\/kepler.agency\/pepinieres\/wp-content\/uploads\/2016\/10\/caroubier-1-300x169.jpg\" alt=\"LE CAROUBIER\" width=\"300\" height=\"169\" \/>\r\n<p style=\"text-align: justify; margin-bottom: 30px;\">\u0625\u0644\u0649 \u062c\u0627\u0646\u0628 \u0646\u062c\u0627\u062d\u0647\u0627 \u0648\u0645\u0631\u0648\u0646\u062a\u0647\u0627 \u0627\u0644\u0625\u064a\u0643\u0648\u0644\u0648\u062c\u064a\u0629\u060c \u062a\u0639\u062f \u0634\u062c\u0631\u0629 \u0627\u0644\u062e\u0631\u0648\u0628 \u062b\u0631\u0648\u0629 \u0648\u062c\u0628 \u0627\u0633\u062a\u063a\u0644\u0627\u0644\u0647\u0627. \u0641\u0647\u064a \u0645\u0646\u0627\u0633\u0628\u0629 \u0644\u062a\u0623\u0647\u064a\u0644 \u0627\u0644\u0623\u0631\u0627\u0636\u064a \u0627\u0644\u0632\u0631\u0627\u0639\u064a\u0629 \u0627\u0644\u0635\u0639\u0628\u0629. \u0648\u064a\u0645\u0643\u0646 \u0644\u0647\u0630\u0627 \u0627\u0644\u0635\u0646\u0641 \u0645\u0646 \u0627\u0644\u0627\u0634\u062c\u0627\u0631 \u0623\u0646 \u064a\u0643\u0648\u0646 \u0645\u0635\u062f\u0631\u0627\u064b \u0644\u0625\u0646\u062c\u0627\u0632 \u0645\u0634\u0627\u0631\u064a\u0639 \u0645\u062f\u0631\u0629 \u0644\u0644\u062f\u062e\u0644.<\/p>\r\n<p style=\"text-align: justify;\">\u0627\u0644\u0646\u0628\u0627\u062a\u0627\u062a \u0627\u0644\u062a\u064a \u062a\u0642\u062a\u0631\u062d\u0647\u0627 \u0627\u0644\u064a\u0648\u0645 \u0627\u0644\u0636\u064a\u0639\u0627\u062a \u0627\u0644\u0641\u0644\u0627\u062d\u064a\u0629\u060c \u062a\u062c\u0645\u0639 \u0628\u064a\u0646 \u0645\u0632\u0627\u064a\u0627 \u0646\u0628\u0627\u062a\u0627\u062a \u0627\u0644\u063a\u0627\u0628\u0629 \u0648\u0628\u064a\u0646 \u0627\u0644\u0634\u062a\u0644\u0627\u062a \u0627\u0644\u0645\u062b\u0645\u0631\u0629\u060c \u0627\u0644\u062a\u064a \u062a\u0634\u0643\u0644 \u0645\u0635\u062f\u0631\u0627 \u0644\u0644\u062f\u062e\u0644. \u064a\u0642\u062a\u0631\u062d \u0645\u0634\u062a\u0644 \u0627\u0644\u0628\u0633\u0627\u062a\u064a\u0646 \u0623\u0635\u0646\u0627\u0641\u0627 \u0645\u062e\u062a\u0627\u0631\u0629 \u0645\u0646 \u0627\u0644\u062e\u0631\u0648\u0628 \u0630\u0627\u062a \u062c\u0648\u062f\u0629 \u0639\u0627\u0644\u064a\u0629. \u064a\u062a\u0645 \u0627\u062e\u062a\u064a\u0627\u0631 \u0647\u0630\u0647 \u0627\u0644\u0623\u0635\u0646\u0627\u0641 \u0645\u0646 \u0628\u0631\u0646\u0627\u0645\u062c\u0646\u0627 \u0627\u0644\u062e\u0627\u0635 \u0628\u0627\u0644\u0628\u062d\u062b \u0648\u0627\u0644\u062a\u0637\u0648\u064a\u0631 \u0628\u0641\u0636\u0644:<\/p>\r\n<p style=\"text-align: justify;\"><i class=\"fa fa-angle-right\"><\/i>\u062c\u0646\u0633\u0647\u0627 (100\u066a \u0645\u0646 \u0627\u0644\u0625\u0646\u0627\u062b \u0627\u0644\u0645\u0646\u062a\u062c\u0629 \u0623\u0648 100\u066a \u0645\u0646 \u0627\u0644\u0630\u0643\u0648\u0631 \u0627\u0644\u0645\u0644\u0642\u062d\u0629 ).\r\n<i class=\"fa fa-angle-right\"><\/i> \u0625\u0646\u062a\u0627\u062c\u064a\u062a\u0647\u0627 \u0627\u0644\u0639\u0627\u0644\u064a\u0629.\r\n<i class=\"fa fa-angle-right\"><\/i> \u0645\u0631\u062f\u0648\u062f\u064a\u062a\u0647\u0627 \u0627\u0644\u0639\u0627\u0644\u064a\u0629 \u0645\u0646 \u0628\u0630\u0648\u0631 \u0627\u0644\u062e\u0631\u0648\u0628.\r\n<i class=\"fa fa-angle-right\"><\/i> \u0627\u062e\u062a\u064a\u0627\u0631 \u0634\u062a\u0644\u0627\u062a \u0630\u0643\u0631\u064a\u0629 \u0630\u0627\u062a \u0625\u0646\u062a\u0627\u062c\u064a\u0629 \u062c\u064a\u062f\u0629 \u0645\u0646 \u0627\u0644\u0644\u0642\u0627\u062d.<\/p>"},"excerpt":{"rendered":"","protected":false,"raw":""},"author":1,"featured_media":264,"parent":261,"menu_order":0,"comment_status":"closed","ping_status":"closed","template":"page-contenu.php","meta":{"_en_post_content":"<p style=\"text-align: justify; margin-bottom: 30px;\"><strong>THE CAROB TREE, A VALUABLE WEALTH TO EXPLOIT<\/strong><\/p>\r\n<img class=\"alignright wp-image-544 size-medium\" src=\"http:\/\/kepler.agency\/pepinieres\/wp-content\/uploads\/2016\/10\/caroubier-1-300x169.jpg\" alt=\"LE CAROUBIER\" width=\"300\" height=\"169\" \/>\r\n<p style=\"text-align: justify; margin-bottom: 30px;\"> Thanks to its success and its ecological elasticity, the carob tree is a wealth to exploit. It is suitable for the development of difficult agricultural land. This species could be part of the. \r\nachievement of income-generating projects.\r\n\r\n\r\n   The plants proposed today by Les Domaines Agricoles combine the advantages of a forest plant and those of a fruit plant, as a source of income. The El Bassatine nursery offers carob clones that are carefully selected for their very high quality. These clones resulting from our Research and Development program are particularly selected for:<\/p>\r\n<p style=\"text-align: justify;\"><i class=\"fa fa-angle-right\"><\/i> Their sex (100% productive female or 100% male pollinator).\r\n<i class=\"fa fa-angle-right\"><\/i> Leur tr\u00e8s haute productivit\u00e9.\r\n<i class=\"fa fa-angle-right\"><\/i> The very high yield in pod seed..\r\n<i class=\"fa fa-angle-right\"><\/i> Male plants with good production of pollen were also selected as pollinators.<\/p>","_en_post_name":"carob-tree","_en_post_excerpt":"","_en_post_title":"Carob Tree","_fr_post_content":"<p style=\"text-align: justify; margin-bottom: 30px;\"><strong>LE CAROUBIER, UNE RICHESSE \u00c0 EXPLOITER<\/strong><\/p>\r\n<img class=\"alignright wp-image-544 size-medium\" src=\"http:\/\/kepler.agency\/pepinieres\/wp-content\/uploads\/2016\/10\/caroubier-1-300x169.jpg\" alt=\"LE CAROUBIER\" width=\"300\" height=\"169\" \/>\r\n<p style=\"text-align: justify; margin-bottom: 30px;\">De part sa r\u00e9ussite et son \u00e9lasticit\u00e9 \u00e9cologique, le caroubier est une richesse \u00e0 exploiter. Il convient \u00e0 la mise en valeur des terrains agricoles difficiles. Cette esp\u00e8ce pourrait parfaitement entrer dans le cadre de la r\u00e9alisation de projets g\u00e9n\u00e9rateurs de revenus.<\/p>\r\n<p style=\"text-align: justify;\">Les plants propos\u00e9s aujourd\u2019hui par les Domaines Agricoles allient les avantages d\u2019un plant forestier et ceux d\u2019un plant fruitier, source de revenus. La p\u00e9pini\u00e8re El Bassatine propose des clones de caroubier s\u00e9lectionn\u00e9s pour leur tr\u00e8s haute qualit\u00e9. Ces clones issus de notre programme de Recherche et D\u00e9veloppement sont s\u00e9lectionn\u00e9s pour :<\/p>\r\n<p style=\"text-align: justify;\"><i class=\"fa fa-angle-right\"><\/i> Leur sexe (100% femelle productive ou 100% m\u00e2le pollinisateur).\r\n<i class=\"fa fa-angle-right\"><\/i> Leur tr\u00e8s haute productivit\u00e9.\r\n<i class=\"fa fa-angle-right\"><\/i> Leur rendement tr\u00e8s \u00e9lev\u00e9 en graine de gousse.\r\n<i class=\"fa fa-angle-right\"><\/i> Des plants m\u00e2les avec une bonne production de pollen ont aussi \u00e9t\u00e9 s\u00e9lectionn\u00e9s pour servir de pollinisateur.<\/p>","_fr_post_name":"caroubier","_fr_post_excerpt":"","_fr_post_title":"Caroubier","_ar_post_content":"<p style=\"text-align: justify; margin-bottom: 30px;\"><strong>\u0627\u0644\u062e\u0631\u0648\u0628\u060c \u062b\u0631\u0648\u0629 \u064a\u062c\u0628 \u0627\u0633\u062a\u063a\u0644\u0627\u0644\u0647\u0627<\/strong><\/p>\r\n<img class=\"alignright wp-image-544 size-medium\" src=\"http:\/\/kepler.agency\/pepinieres\/wp-content\/uploads\/2016\/10\/caroubier-1-300x169.jpg\" alt=\"LE CAROUBIER\" width=\"300\" height=\"169\" \/>\r\n<p style=\"text-align: justify; margin-bottom: 30px;\">\u0625\u0644\u0649 \u062c\u0627\u0646\u0628 \u0646\u062c\u0627\u062d\u0647\u0627 \u0648\u0645\u0631\u0648\u0646\u062a\u0647\u0627 \u0627\u0644\u0625\u064a\u0643\u0648\u0644\u0648\u062c\u064a\u0629\u060c \u062a\u0639\u062f \u0634\u062c\u0631\u0629 \u0627\u0644\u062e\u0631\u0648\u0628 \u062b\u0631\u0648\u0629 \u0648\u062c\u0628 \u0627\u0633\u062a\u063a\u0644\u0627\u0644\u0647\u0627. \u0641\u0647\u064a \u0645\u0646\u0627\u0633\u0628\u0629 \u0644\u062a\u0623\u0647\u064a\u0644 \u0627\u0644\u0623\u0631\u0627\u0636\u064a \u0627\u0644\u0632\u0631\u0627\u0639\u064a\u0629 \u0627\u0644\u0635\u0639\u0628\u0629. \u0648\u064a\u0645\u0643\u0646 \u0644\u0647\u0630\u0627 \u0627\u0644\u0635\u0646\u0641 \u0645\u0646 \u0627\u0644\u0627\u0634\u062c\u0627\u0631 \u0623\u0646 \u064a\u0643\u0648\u0646 \u0645\u0635\u062f\u0631\u0627\u064b \u0644\u0625\u0646\u062c\u0627\u0632 \u0645\u0634\u0627\u0631\u064a\u0639 \u0645\u062f\u0631\u0629 \u0644\u0644\u062f\u062e\u0644.<\/p>\r\n<p style=\"text-align: justify;\">\u0627\u0644\u0646\u0628\u0627\u062a\u0627\u062a \u0627\u0644\u062a\u064a \u062a\u0642\u062a\u0631\u062d\u0647\u0627 \u0627\u0644\u064a\u0648\u0645 \u0627\u0644\u0636\u064a\u0639\u0627\u062a \u0627\u0644\u0641\u0644\u0627\u062d\u064a\u0629\u060c \u062a\u062c\u0645\u0639 \u0628\u064a\u0646 \u0645\u0632\u0627\u064a\u0627 \u0646\u0628\u0627\u062a\u0627\u062a \u0627\u0644\u063a\u0627\u0628\u0629 \u0648\u0628\u064a\u0646 \u0627\u0644\u0634\u062a\u0644\u0627\u062a \u0627\u0644\u0645\u062b\u0645\u0631\u0629\u060c \u0627\u0644\u062a\u064a \u062a\u0634\u0643\u0644 \u0645\u0635\u062f\u0631\u0627 \u0644\u0644\u062f\u062e\u0644. \u064a\u0642\u062a\u0631\u062d \u0645\u0634\u062a\u0644 \u0627\u0644\u0628\u0633\u0627\u062a\u064a\u0646 \u0623\u0635\u0646\u0627\u0641\u0627 \u0645\u062e\u062a\u0627\u0631\u0629 \u0645\u0646 \u0627\u0644\u062e\u0631\u0648\u0628 \u0630\u0627\u062a \u062c\u0648\u062f\u0629 \u0639\u0627\u0644\u064a\u0629. \u064a\u062a\u0645 \u0627\u062e\u062a\u064a\u0627\u0631 \u0647\u0630\u0647 \u0627\u0644\u0623\u0635\u0646\u0627\u0641 \u0645\u0646 \u0628\u0631\u0646\u0627\u0645\u062c\u0646\u0627 \u0627\u0644\u062e\u0627\u0635 \u0628\u0627\u0644\u0628\u062d\u062b \u0648\u0627\u0644\u062a\u0637\u0648\u064a\u0631 \u0628\u0641\u0636\u0644:<\/p>\r\n<p style=\"text-align: justify;\"><i class=\"fa fa-angle-right\"><\/i>\u062c\u0646\u0633\u0647\u0627 (100\u066a \u0645\u0646 \u0627\u0644\u0625\u0646\u0627\u062b \u0627\u0644\u0645\u0646\u062a\u062c\u0629 \u0623\u0648 100\u066a \u0645\u0646 \u0627\u0644\u0630\u0643\u0648\u0631 \u0627\u0644\u0645\u0644\u0642\u062d\u0629 ).\r\n<i class=\"fa fa-angle-right\"><\/i> \u0625\u0646\u062a\u0627\u062c\u064a\u062a\u0647\u0627 \u0627\u0644\u0639\u0627\u0644\u064a\u0629.\r\n<i class=\"fa fa-angle-right\"><\/i> \u0645\u0631\u062f\u0648\u062f\u064a\u062a\u0647\u0627 \u0627\u0644\u0639\u0627\u0644\u064a\u0629 \u0645\u0646 \u0628\u0630\u0648\u0631 \u0627\u0644\u062e\u0631\u0648\u0628.\r\n<i class=\"fa fa-angle-right\"><\/i> \u0627\u062e\u062a\u064a\u0627\u0631 \u0634\u062a\u0644\u0627\u062a \u0630\u0643\u0631\u064a\u0629 \u0630\u0627\u062a \u0625\u0646\u062a\u0627\u062c\u064a\u0629 \u062c\u064a\u062f\u0629 \u0645\u0646 \u0627\u0644\u0644\u0642\u0627\u062d.<\/p>","_ar_post_name":"%d8%a7%d9%84%d8%ae%d8%b1%d9%88%d8%a8","_ar_post_excerpt":"","_ar_post_title":"\u0627\u0644\u062e\u0631\u0648\u0628","edit_language":"ar"},"_links":{"self":[{"href":"https:\/\/pepiniereslesdomaines.com\/ar\/wp-json\/wp\/v2\/pages\/263"}],"collection":[{"href":"https:\/\/pepiniereslesdomaines.com\/ar\/wp-json\/wp\/v2\/pages"}],"about":[{"href":"https:\/\/pepiniereslesdomaines.com\/ar\/wp-json\/wp\/v2\/types\/page"}],"author":[{"embeddable":true,"href":"https:\/\/pepiniereslesdomaines.com\/ar\/wp-json\/wp\/v2\/users\/1"}],"replies":[{"embeddable":true,"href":"https:\/\/pepiniereslesdomaines.com\/ar\/wp-json\/wp\/v2\/comments?post=263"}],"version-history":[{"count":12,"href":"https:\/\/pepiniereslesdomaines.com\/ar\/wp-json\/wp\/v2\/pages\/263\/revisions"}],"predecessor-version":[{"id":926,"href":"https:\/\/pepiniereslesdomaines.com\/ar\/wp-json\/wp\/v2\/pages\/263\/revisions\/926"}],"up":[{"embeddable":true,"href":"https:\/\/pepiniereslesdomaines.com\/ar\/wp-json\/wp\/v2\/pages\/261"}],"wp:featuredmedia":[{"embeddable":true,"href":"https:\/\/pepiniereslesdomaines.com\/ar\/wp-json\/wp\/v2\/media\/264"}],"wp:attachment":[{"href":"https:\/\/pepiniereslesdomaines.com\/ar\/wp-json\/wp\/v2\/media?parent=263"}],"curies":[{"name":"wp","href":"https:\/\/api.w.org\/{rel}","templated":true}]}}