{"id":266,"date":"2016-10-10T00:01:59","date_gmt":"2016-10-09T22:01:59","guid":{"rendered":"http:\/\/localhost:8888\/pepiniere-kepler\/?page_id=266"},"modified":"2018-06-22T14:36:30","modified_gmt":"2018-06-22T12:36:30","slug":"%d8%a7%d9%84%d8%a3%d8%b1%d9%83%d8%a7%d9%86","status":"publish","type":"page","link":"https:\/\/pepiniereslesdomaines.com\/ar\/autres-plants\/%d8%a7%d9%84%d8%a3%d8%b1%d9%83%d8%a7%d9%86\/","title":{"rendered":"\u0627\u0644\u0623\u0631\u0643\u0627\u0646","raw":"\u0627\u0644\u0623\u0631\u0643\u0627\u0646"},"content":{"rendered":"<p style=\"text-align: justify;\"><img loading=\"lazy\" class=\"wp-image-381 size-medium alignleft\" src=\"http:\/\/kepler.agency\/pepinieres\/wp-content\/uploads\/2016\/10\/Arganier-300x200.jpg\" alt=\"Arganier\" width=\"300\" height=\"200\" srcset=\"https:\/\/pepiniereslesdomaines.com\/wp-content\/uploads\/2016\/10\/Arganier-300x200.jpg 300w, https:\/\/pepiniereslesdomaines.com\/wp-content\/uploads\/2016\/10\/Arganier-768x512.jpg 768w, https:\/\/pepiniereslesdomaines.com\/wp-content\/uploads\/2016\/10\/Arganier-1024x683.jpg 1024w\" sizes=\"(max-width: 300px) 100vw, 300px\" \/><\/p>\n<p><span style=\"font-weight: 400;\">\u062a\u0639\u062a\u0628\u0631 \u0627\u0644\u0623\u0631\u0643\u0627\u0646 \u0634\u062c\u0631\u0629 \u0646\u0627\u062f\u0631\u0629 \u0645\u0633\u062a\u0648\u0637\u0646\u0629 \u0641\u064a \u0627\u0644\u0645\u063a\u0631\u0628 \u0641\u0642\u0637\u060c \u0648\u0641\u0648\u0627\u0626\u062f \u0632\u064a\u062a\u0647\u0627 \u0644\u0627 \u0623\u062d\u062f \u064a\u0646\u0643\u0631\u0647\u0627 \u0648\u0623\u0635\u0628\u062d\u062a \u0634\u0647\u0631\u062a\u0647\u0627 \u0639\u0627\u0644\u0645\u064a\u0629\u060c \u0643\u0645\u0627 \u0623\u0646\u0647\u0627 \u062a\u0644\u0639\u0628 \u062f\u0648\u0631\u0627 \u0647\u0627\u0645\u0627 \u0643\u0645\u0635\u062f\u0631 \u062f\u062e\u0644 \u0644\u0633\u0643\u0627\u0646 \u0645\u0646\u0627\u0637\u0642 \u0633\u0648\u0633. \u063a\u064a\u0631 \u0623\u0646 \u0647\u0630\u0627 \u0627\u0644\u0635\u0646\u0641 \u0645\u0646 \u0627\u0644\u0623\u0634\u062c\u0627\u0631 \u064a\u0639\u0627\u0646\u064a \u062a\u0631\u0627\u062c\u0639\u0627 \u0645\u0647\u0648\u0644\u0627 \u0628\u0633\u0628\u0628 \u0627\u0644\u0631\u0639\u064a \u0648\u0627\u0644\u062c\u0641\u0627\u0641 \u0648\u0639\u062f\u0645 \u0627\u0644\u0639\u0645\u0644 \u0639\u0644\u0649 \u062a\u062c\u062f\u064a\u062f\u0647.<\/span><\/p>\n<p><span style=\"font-weight: 400;\">\u0648\u0645\u0646 \u0623\u062c\u0644 \u0645\u0643\u0627\u0641\u062d\u0629 \u062a\u062f\u0647\u0648\u0631 \u0634\u062c\u0631\u0629 \u0627\u0644\u0623\u0631\u0643\u0627\u0646 \u0627\u0644\u0645\u063a\u0631\u0628\u064a\u0629 \u0648\u0627\u0642\u062a\u0631\u0627\u062d \u0634\u062a\u0644\u0627\u062a \u062c\u064a\u062f\u0629 \u0633\u0648\u0627\u0621 \u0627\u0644\u0622\u062a\u064a\u0629 \u0645\u0646 \u0627\u0644\u0628\u0630\u0631 \u0623\u0648 \u0627\u0644\u062a\u0637\u0639\u064a\u0645\u060c \u0623\u0637\u0644\u0642\u062a \u0645\u0634\u0627\u062a\u0644 \u0627\u0644\u0636\u064a\u0639\u0627\u062a \u0627\u0644\u0641\u0644\u0627\u062d\u064a\u0629 \u0645\u0634\u0631\u0648\u0639\u0627 \u0637\u0645\u0648\u062d\u0627 \u0644\u0625\u0646\u062a\u0627\u062c \u0645\u0634\u0627\u062a\u0644 \u0627\u0644\u0623\u0631\u0643\u0627\u0646.<\/span><\/p>\n<p>\u0648\u064a\u0634\u0645\u0644 \u0647\u0630\u0627 \u0627\u0644\u0628\u0631\u0646\u0627\u0645\u062c \u062c\u0632\u0621\u0627 \u062e\u0627\u0635\u0627 \u0628\u0627\u062e\u062a\u064a\u0627\u0631 \u0627\u0644\u0623\u0635\u0646\u0627\u0641 \u0630\u0627\u062a \u062c\u0648\u062f\u0629 \u0639\u0627\u0644\u064a\u0629.<\/p>\n<p>&nbsp;<\/p>\n","protected":false,"raw":"<p style=\"text-align: justify;\"><img class=\"wp-image-381 size-medium alignleft\" src=\"http:\/\/kepler.agency\/pepinieres\/wp-content\/uploads\/2016\/10\/Arganier-300x200.jpg\" alt=\"Arganier\" width=\"300\" height=\"200\" \/><\/p>\r\n<span style=\"font-weight: 400;\">\u062a\u0639\u062a\u0628\u0631 \u0627\u0644\u0623\u0631\u0643\u0627\u0646 \u0634\u062c\u0631\u0629 \u0646\u0627\u062f\u0631\u0629 \u0645\u0633\u062a\u0648\u0637\u0646\u0629 \u0641\u064a \u0627\u0644\u0645\u063a\u0631\u0628 \u0641\u0642\u0637\u060c \u0648\u0641\u0648\u0627\u0626\u062f \u0632\u064a\u062a\u0647\u0627 \u0644\u0627 \u0623\u062d\u062f \u064a\u0646\u0643\u0631\u0647\u0627 \u0648\u0623\u0635\u0628\u062d\u062a \u0634\u0647\u0631\u062a\u0647\u0627 \u0639\u0627\u0644\u0645\u064a\u0629\u060c \u0643\u0645\u0627 \u0623\u0646\u0647\u0627 \u062a\u0644\u0639\u0628 \u062f\u0648\u0631\u0627 \u0647\u0627\u0645\u0627 \u0643\u0645\u0635\u062f\u0631 \u062f\u062e\u0644 \u0644\u0633\u0643\u0627\u0646 \u0645\u0646\u0627\u0637\u0642 \u0633\u0648\u0633. \u063a\u064a\u0631 \u0623\u0646 \u0647\u0630\u0627 \u0627\u0644\u0635\u0646\u0641 \u0645\u0646 \u0627\u0644\u0623\u0634\u062c\u0627\u0631 \u064a\u0639\u0627\u0646\u064a \u062a\u0631\u0627\u062c\u0639\u0627 \u0645\u0647\u0648\u0644\u0627 \u0628\u0633\u0628\u0628 \u0627\u0644\u0631\u0639\u064a \u0648\u0627\u0644\u062c\u0641\u0627\u0641 \u0648\u0639\u062f\u0645 \u0627\u0644\u0639\u0645\u0644 \u0639\u0644\u0649 \u062a\u062c\u062f\u064a\u062f\u0647.<\/span>\r\n\r\n<span style=\"font-weight: 400;\">\u0648\u0645\u0646 \u0623\u062c\u0644 \u0645\u0643\u0627\u0641\u062d\u0629 \u062a\u062f\u0647\u0648\u0631 \u0634\u062c\u0631\u0629 \u0627\u0644\u0623\u0631\u0643\u0627\u0646 \u0627\u0644\u0645\u063a\u0631\u0628\u064a\u0629 \u0648\u0627\u0642\u062a\u0631\u0627\u062d \u0634\u062a\u0644\u0627\u062a \u062c\u064a\u062f\u0629 \u0633\u0648\u0627\u0621 \u0627\u0644\u0622\u062a\u064a\u0629 \u0645\u0646 \u0627\u0644\u0628\u0630\u0631 \u0623\u0648 \u0627\u0644\u062a\u0637\u0639\u064a\u0645\u060c \u0623\u0637\u0644\u0642\u062a \u0645\u0634\u0627\u062a\u0644 \u0627\u0644\u0636\u064a\u0639\u0627\u062a \u0627\u0644\u0641\u0644\u0627\u062d\u064a\u0629 \u0645\u0634\u0631\u0648\u0639\u0627 \u0637\u0645\u0648\u062d\u0627 \u0644\u0625\u0646\u062a\u0627\u062c \u0645\u0634\u0627\u062a\u0644 \u0627\u0644\u0623\u0631\u0643\u0627\u0646.<\/span>\r\n\r\n\u0648\u064a\u0634\u0645\u0644 \u0647\u0630\u0627 \u0627\u0644\u0628\u0631\u0646\u0627\u0645\u062c \u062c\u0632\u0621\u0627 \u062e\u0627\u0635\u0627 \u0628\u0627\u062e\u062a\u064a\u0627\u0631 \u0627\u0644\u0623\u0635\u0646\u0627\u0641 \u0630\u0627\u062a \u062c\u0648\u062f\u0629 \u0639\u0627\u0644\u064a\u0629.\r\n\r\n&nbsp;"},"excerpt":{"rendered":"","protected":false,"raw":""},"author":1,"featured_media":269,"parent":261,"menu_order":0,"comment_status":"closed","ping_status":"closed","template":"page-contenu.php","meta":{"_en_post_content":"<p style=\"text-align: justify;\"><img class=\"alignright wp-image-381 size-medium\" src=\"http:\/\/kepler.agency\/pepinieres\/wp-content\/uploads\/2016\/10\/Arganier-300x200.jpg\" alt=\"Arganier\" width=\"300\" height=\"200\" \/> The argan tree is an endemic species to in Morocco whose benefits of its oil cannot be over emphasized. it also plays an important role as a source of income for the populations of the regions of Souss. however ,This species is experiencing rapid degradation due to pastoralism, drought and lack of regeneration.<\/p>\r\n\r\n<p style=\"text-align: justify;\">Pour lutter contre la d\u00e9gradation de l\u2019arganeraie marocaine et proposer des plants de qualit\u00e9s tant issus du semis que du greffage, les p\u00e9pini\u00e8res des Domaines Agricoles ont lanc\u00e9 un projet ambitieux de production de plants d\u2019arganier.<\/p>\r\n<p style=\"text-align: justify;\">This program includes a selection part, which aims to locate the best performing clones.<\/p>\r\n&nbsp;","_en_post_name":"argan-tree","_en_post_excerpt":"","_en_post_title":"Argan Tree","_fr_post_content":"<p style=\"text-align: justify;\"><img class=\"alignright wp-image-381 size-medium\" src=\"http:\/\/kepler.agency\/pepinieres\/wp-content\/uploads\/2016\/10\/Arganier-300x200.jpg\" alt=\"Arganier\" width=\"300\" height=\"200\" \/>L\u2019arganier est une esp\u00e8ce end\u00e9mique du Maroc dont les bienfaits de son huile ne sont plus \u00e0 d\u00e9montrer, elle joue aussi un r\u00f4le important comme source de revenu pour les populations des r\u00e9gions du Souss. Cette esp\u00e8ce connait n\u00e9anmoins une d\u00e9gradation rapide du fait du pastoralisme, de la s\u00e9cheresse et du manque de r\u00e9g\u00e9n\u00e9ration.<\/p>\r\n<p style=\"text-align: justify;\">Pour lutter contre la d\u00e9gradation de l\u2019arganeraie marocaine et proposer des plants de qualit\u00e9 tant issus du semis que du greffage, les p\u00e9pini\u00e8res des Domaines Agricoles ont lanc\u00e9 un projet ambitieux de production de plants d\u2019arganier.<\/p>\r\n<p style=\"text-align: justify;\">Ce programme comporte une partie s\u00e9lection, qui vise \u00e0 localiser les clones les plus performants.<\/p>\r\n&nbsp;","_fr_post_name":"arganier","_fr_post_excerpt":"","_fr_post_title":"Arganier","_ar_post_content":"<p style=\"text-align: justify;\"><img class=\"wp-image-381 size-medium alignleft\" src=\"http:\/\/kepler.agency\/pepinieres\/wp-content\/uploads\/2016\/10\/Arganier-300x200.jpg\" alt=\"Arganier\" width=\"300\" height=\"200\" \/><\/p>\r\n<span style=\"font-weight: 400;\">\u062a\u0639\u062a\u0628\u0631 \u0627\u0644\u0623\u0631\u0643\u0627\u0646 \u0634\u062c\u0631\u0629 \u0646\u0627\u062f\u0631\u0629 \u0645\u0633\u062a\u0648\u0637\u0646\u0629 \u0641\u064a \u0627\u0644\u0645\u063a\u0631\u0628 \u0641\u0642\u0637\u060c \u0648\u0641\u0648\u0627\u0626\u062f \u0632\u064a\u062a\u0647\u0627 \u0644\u0627 \u0623\u062d\u062f \u064a\u0646\u0643\u0631\u0647\u0627 \u0648\u0623\u0635\u0628\u062d\u062a \u0634\u0647\u0631\u062a\u0647\u0627 \u0639\u0627\u0644\u0645\u064a\u0629\u060c \u0643\u0645\u0627 \u0623\u0646\u0647\u0627 \u062a\u0644\u0639\u0628 \u062f\u0648\u0631\u0627 \u0647\u0627\u0645\u0627 \u0643\u0645\u0635\u062f\u0631 \u062f\u062e\u0644 \u0644\u0633\u0643\u0627\u0646 \u0645\u0646\u0627\u0637\u0642 \u0633\u0648\u0633. \u063a\u064a\u0631 \u0623\u0646 \u0647\u0630\u0627 \u0627\u0644\u0635\u0646\u0641 \u0645\u0646 \u0627\u0644\u0623\u0634\u062c\u0627\u0631 \u064a\u0639\u0627\u0646\u064a \u062a\u0631\u0627\u062c\u0639\u0627 \u0645\u0647\u0648\u0644\u0627 \u0628\u0633\u0628\u0628 \u0627\u0644\u0631\u0639\u064a \u0648\u0627\u0644\u062c\u0641\u0627\u0641 \u0648\u0639\u062f\u0645 \u0627\u0644\u0639\u0645\u0644 \u0639\u0644\u0649 \u062a\u062c\u062f\u064a\u062f\u0647.<\/span>\r\n\r\n<span style=\"font-weight: 400;\">\u0648\u0645\u0646 \u0623\u062c\u0644 \u0645\u0643\u0627\u0641\u062d\u0629 \u062a\u062f\u0647\u0648\u0631 \u0634\u062c\u0631\u0629 \u0627\u0644\u0623\u0631\u0643\u0627\u0646 \u0627\u0644\u0645\u063a\u0631\u0628\u064a\u0629 \u0648\u0627\u0642\u062a\u0631\u0627\u062d \u0634\u062a\u0644\u0627\u062a \u062c\u064a\u062f\u0629 \u0633\u0648\u0627\u0621 \u0627\u0644\u0622\u062a\u064a\u0629 \u0645\u0646 \u0627\u0644\u0628\u0630\u0631 \u0623\u0648 \u0627\u0644\u062a\u0637\u0639\u064a\u0645\u060c \u0623\u0637\u0644\u0642\u062a \u0645\u0634\u0627\u062a\u0644 \u0627\u0644\u0636\u064a\u0639\u0627\u062a \u0627\u0644\u0641\u0644\u0627\u062d\u064a\u0629 \u0645\u0634\u0631\u0648\u0639\u0627 \u0637\u0645\u0648\u062d\u0627 \u0644\u0625\u0646\u062a\u0627\u062c \u0645\u0634\u0627\u062a\u0644 \u0627\u0644\u0623\u0631\u0643\u0627\u0646.<\/span>\r\n\r\n\u0648\u064a\u0634\u0645\u0644 \u0647\u0630\u0627 \u0627\u0644\u0628\u0631\u0646\u0627\u0645\u062c \u062c\u0632\u0621\u0627 \u062e\u0627\u0635\u0627 \u0628\u0627\u062e\u062a\u064a\u0627\u0631 \u0627\u0644\u0623\u0635\u0646\u0627\u0641 \u0630\u0627\u062a \u062c\u0648\u062f\u0629 \u0639\u0627\u0644\u064a\u0629.\r\n\r\n&nbsp;","_ar_post_name":"%d8%a7%d9%84%d8%a3%d8%b1%d9%83%d8%a7%d9%86","_ar_post_excerpt":"","_ar_post_title":"\u0627\u0644\u0623\u0631\u0643\u0627\u0646","edit_language":"ar"},"_links":{"self":[{"href":"https:\/\/pepiniereslesdomaines.com\/ar\/wp-json\/wp\/v2\/pages\/266"}],"collection":[{"href":"https:\/\/pepiniereslesdomaines.com\/ar\/wp-json\/wp\/v2\/pages"}],"about":[{"href":"https:\/\/pepiniereslesdomaines.com\/ar\/wp-json\/wp\/v2\/types\/page"}],"author":[{"embeddable":true,"href":"https:\/\/pepiniereslesdomaines.com\/ar\/wp-json\/wp\/v2\/users\/1"}],"replies":[{"embeddable":true,"href":"https:\/\/pepiniereslesdomaines.com\/ar\/wp-json\/wp\/v2\/comments?post=266"}],"version-history":[{"count":11,"href":"https:\/\/pepiniereslesdomaines.com\/ar\/wp-json\/wp\/v2\/pages\/266\/revisions"}],"predecessor-version":[{"id":1175,"href":"https:\/\/pepiniereslesdomaines.com\/ar\/wp-json\/wp\/v2\/pages\/266\/revisions\/1175"}],"up":[{"embeddable":true,"href":"https:\/\/pepiniereslesdomaines.com\/ar\/wp-json\/wp\/v2\/pages\/261"}],"wp:featuredmedia":[{"embeddable":true,"href":"https:\/\/pepiniereslesdomaines.com\/ar\/wp-json\/wp\/v2\/media\/269"}],"wp:attachment":[{"href":"https:\/\/pepiniereslesdomaines.com\/ar\/wp-json\/wp\/v2\/media?parent=266"}],"curies":[{"name":"wp","href":"https:\/\/api.w.org\/{rel}","templated":true}]}}