{"id":271,"date":"2016-10-10T00:11:07","date_gmt":"2016-10-09T22:11:07","guid":{"rendered":"http:\/\/localhost:8888\/pepiniere-kepler\/?page_id=271"},"modified":"2018-06-22T14:44:21","modified_gmt":"2018-06-22T12:44:21","slug":"%d8%a7%d9%84%d9%88%d8%b1%d8%af%d9%8a%d8%a7%d8%aa-%d8%a7%d9%84%d9%85%d8%ab%d9%85%d8%b1%d8%a9","status":"publish","type":"page","link":"https:\/\/pepiniereslesdomaines.com\/ar\/autres-plants\/%d8%a7%d9%84%d9%88%d8%b1%d8%af%d9%8a%d8%a7%d8%aa-%d8%a7%d9%84%d9%85%d8%ab%d9%85%d8%b1%d8%a9\/","title":{"rendered":"\u0627\u0644\u0648\u0631\u062f\u064a\u0627\u062a \u0627\u0644\u0645\u062b\u0645\u0631\u0629","raw":"\u0627\u0644\u0648\u0631\u062f\u064a\u0627\u062a \u0627\u0644\u0645\u062b\u0645\u0631\u0629"},"content":{"rendered":"<p style=\"text-align: justify; margin-bottom: 30px;\"><strong>\u0646\u0628\u0627\u062a\u0627\u062a \u0627\u0644\u0648\u0631\u062f\u064a\u0627\u062a \u0627\u0644\u0645\u062b\u0645\u0631\u0629<\/strong><\/p>\n<p><img loading=\"lazy\" class=\"wp-image-546 size-medium alignleft\" src=\"http:\/\/kepler.agency\/pepinieres\/wp-content\/uploads\/2016\/10\/Rosace\u0301es-300x169.jpg\" alt=\"Rosac\u00e9es fruiti\u00e8res\" width=\"300\" height=\"169\" srcset=\"https:\/\/pepiniereslesdomaines.com\/wp-content\/uploads\/2016\/10\/Rosace\u0301es-300x169.jpg 300w, https:\/\/pepiniereslesdomaines.com\/wp-content\/uploads\/2016\/10\/Rosace\u0301es-768x432.jpg 768w, https:\/\/pepiniereslesdomaines.com\/wp-content\/uploads\/2016\/10\/Rosace\u0301es-1024x576.jpg 1024w, https:\/\/pepiniereslesdomaines.com\/wp-content\/uploads\/2016\/10\/Rosace\u0301es.jpg 1280w\" sizes=\"(max-width: 300px) 100vw, 300px\" \/><\/p>\n<p style=\"text-align: justify;\">\u0628\u0627\u0644\u0625\u0636\u0627\u0641\u0629 \u0625\u0644\u0649 \u0627\u0644\u0623\u0635\u0646\u0627\u0641 \u0627\u0644\u0645\u062b\u0645\u0631\u0629 \u0627\u0644\u062a\u064a \u062a\u0645 \u0627\u0646\u062a\u0627\u062c\u0647\u0627 \u0641\u064a \u0645\u0634\u0627\u062a\u0644 \u0627\u0644\u0636\u064a\u0639\u0627\u062a \u0627\u0644\u0641\u0644\u0627\u062d\u064a\u0629 \u0645\u062b\u0644 \u0627\u0644\u062e\u0631\u0648\u0628 \u0627\u0644\u0645\u0637\u0639\u0645\u0629 \u0648\u0627\u0644\u0623\u0631\u0643\u0627\u0646 \u0648\u0627\u0644\u0631\u0645\u0627\u0646\u060c \u0648\u0641\u064a \u0625\u0637\u0627\u0631 \u0627\u0633\u062a\u0631\u0627\u062a\u064a\u062c\u064a\u0629 \u0627\u0644\u062a\u0646\u0648\u064a\u0639\u060c \u0633\u064a\u062a\u0645 \u062a\u0642\u062f\u064a\u0645 \u0623\u0635\u0646\u0627\u0641 \u062c\u062f\u064a\u062f\u0629 \u0645\u0646 \u0627\u0644\u0648\u0631\u062f\u064a\u0627\u062a \u0642\u0631\u064a\u0628\u0627 \u062c\u062f\u0627 \u0644\u0632\u0628\u0646\u0627\u0626\u0646\u0627: \u0634\u062c\u0631\u0629 \u0627\u0644\u0644\u0648\u0632\u060c \u0634\u062c\u0631\u0629 \u0627\u0644\u062a\u0641\u0627\u062d \u060c \u0627\u0644\u0643\u0631\u0632\u060c \u0627\u0644\u0623\u0641\u0648\u0643\u0627\u062f\u0648\u060c \u0627\u0644\u0645\u0634\u0645\u0634\u060c \u0648\u0627\u0644\u062c\u0648\u0632.<\/p>\n","protected":false,"raw":"<p style=\"text-align: justify; margin-bottom: 30px;\"><strong>\u0646\u0628\u0627\u062a\u0627\u062a \u0627\u0644\u0648\u0631\u062f\u064a\u0627\u062a \u0627\u0644\u0645\u062b\u0645\u0631\u0629<\/strong><\/p>\r\n<img class=\"wp-image-546 size-medium alignleft\" src=\"http:\/\/kepler.agency\/pepinieres\/wp-content\/uploads\/2016\/10\/Rosace\u0301es-300x169.jpg\" alt=\"Rosac\u00e9es fruiti\u00e8res\" width=\"300\" height=\"169\" \/>\r\n<p style=\"text-align: justify;\">\u0628\u0627\u0644\u0625\u0636\u0627\u0641\u0629 \u0625\u0644\u0649 \u0627\u0644\u0623\u0635\u0646\u0627\u0641 \u0627\u0644\u0645\u062b\u0645\u0631\u0629 \u0627\u0644\u062a\u064a \u062a\u0645 \u0627\u0646\u062a\u0627\u062c\u0647\u0627 \u0641\u064a \u0645\u0634\u0627\u062a\u0644 \u0627\u0644\u0636\u064a\u0639\u0627\u062a \u0627\u0644\u0641\u0644\u0627\u062d\u064a\u0629 \u0645\u062b\u0644 \u0627\u0644\u062e\u0631\u0648\u0628 \u0627\u0644\u0645\u0637\u0639\u0645\u0629 \u0648\u0627\u0644\u0623\u0631\u0643\u0627\u0646 \u0648\u0627\u0644\u0631\u0645\u0627\u0646\u060c \u0648\u0641\u064a \u0625\u0637\u0627\u0631 \u0627\u0633\u062a\u0631\u0627\u062a\u064a\u062c\u064a\u0629 \u0627\u0644\u062a\u0646\u0648\u064a\u0639\u060c \u0633\u064a\u062a\u0645 \u062a\u0642\u062f\u064a\u0645 \u0623\u0635\u0646\u0627\u0641 \u062c\u062f\u064a\u062f\u0629 \u0645\u0646 \u0627\u0644\u0648\u0631\u062f\u064a\u0627\u062a \u0642\u0631\u064a\u0628\u0627 \u062c\u062f\u0627 \u0644\u0632\u0628\u0646\u0627\u0626\u0646\u0627: \u0634\u062c\u0631\u0629 \u0627\u0644\u0644\u0648\u0632\u060c \u0634\u062c\u0631\u0629 \u0627\u0644\u062a\u0641\u0627\u062d \u060c \u0627\u0644\u0643\u0631\u0632\u060c \u0627\u0644\u0623\u0641\u0648\u0643\u0627\u062f\u0648\u060c \u0627\u0644\u0645\u0634\u0645\u0634\u060c \u0648\u0627\u0644\u062c\u0648\u0632.<\/p>"},"excerpt":{"rendered":"","protected":false,"raw":""},"author":1,"featured_media":272,"parent":261,"menu_order":0,"comment_status":"closed","ping_status":"closed","template":"page-contenu.php","meta":{"_en_post_content":"<p style=\"text-align: justify; margin-bottom: 30px;\"><strong>Plants of Fruit Rosaceae<\/strong><\/p>\r\n<img class=\"alignright wp-image-546 size-medium\" src=\"http:\/\/kepler.agency\/pepinieres\/wp-content\/uploads\/2016\/10\/Rosace\u0301es-300x169.jpg\" alt=\"Rosac\u00e9es fruiti\u00e8res\" width=\"300\" height=\"169\" \/>\r\n<p style=\"text-align: justify;\"> In addition to the other fruit species already grown at the level of nurseries of Les Domaines Agricoles  like the grafted carob tree, argan and grenadier ,with a view to diversification , new species of rosaceae will be offered very soon to our customers including almond tree, apple tree , cherry, avocado, apricot, and walnut.<\/p>","_en_post_name":"fruit-rosaceae","_en_post_excerpt":"","_en_post_title":"Fruit Rosaceae","_fr_post_content":"<p style=\"text-align: justify; margin-bottom: 30px;\"><strong>Plants de rosac\u00e9es fruiti\u00e8res<\/strong><\/p>\r\n<img class=\"alignright wp-image-546 size-medium\" src=\"http:\/\/kepler.agency\/pepinieres\/wp-content\/uploads\/2016\/10\/Rosace\u0301es-300x169.jpg\" alt=\"Rosac\u00e9es fruiti\u00e8res\" width=\"300\" height=\"169\" \/>\r\n<p style=\"text-align: justify;\">En outre des autres esp\u00e8ces fruiti\u00e8res d\u00e9j\u00e0 multipli\u00e9es au niveau des p\u00e9pini\u00e8res des Domaines Agricoles \u00e0 l\u2019instar du caroubier greff\u00e9, arganier et grenadier, et dans une optique de diversification, de nouvelles esp\u00e8ces de rosac\u00e9es seront tr\u00e8s prochainement propos\u00e9es \u00e0 nos clients\u00a0: amandier, pommier, cerisier, avocatier, abricotier et noyer.<\/p>","_fr_post_name":"rosaces-fruitieres","_fr_post_excerpt":"","_fr_post_title":"Rosac\u00e9es fruiti\u00e8res","_ar_post_content":"<p style=\"text-align: justify; margin-bottom: 30px;\"><strong>\u0646\u0628\u0627\u062a\u0627\u062a \u0627\u0644\u0648\u0631\u062f\u064a\u0627\u062a \u0627\u0644\u0645\u062b\u0645\u0631\u0629<\/strong><\/p>\r\n<img class=\"wp-image-546 size-medium alignleft\" src=\"http:\/\/kepler.agency\/pepinieres\/wp-content\/uploads\/2016\/10\/Rosace\u0301es-300x169.jpg\" alt=\"Rosac\u00e9es fruiti\u00e8res\" width=\"300\" height=\"169\" \/>\r\n<p style=\"text-align: justify;\">\u0628\u0627\u0644\u0625\u0636\u0627\u0641\u0629 \u0625\u0644\u0649 \u0627\u0644\u0623\u0635\u0646\u0627\u0641 \u0627\u0644\u0645\u062b\u0645\u0631\u0629 \u0627\u0644\u062a\u064a \u062a\u0645 \u0627\u0646\u062a\u0627\u062c\u0647\u0627 \u0641\u064a \u0645\u0634\u0627\u062a\u0644 \u0627\u0644\u0636\u064a\u0639\u0627\u062a \u0627\u0644\u0641\u0644\u0627\u062d\u064a\u0629 \u0645\u062b\u0644 \u0627\u0644\u062e\u0631\u0648\u0628 \u0627\u0644\u0645\u0637\u0639\u0645\u0629 \u0648\u0627\u0644\u0623\u0631\u0643\u0627\u0646 \u0648\u0627\u0644\u0631\u0645\u0627\u0646\u060c \u0648\u0641\u064a \u0625\u0637\u0627\u0631 \u0627\u0633\u062a\u0631\u0627\u062a\u064a\u062c\u064a\u0629 \u0627\u0644\u062a\u0646\u0648\u064a\u0639\u060c \u0633\u064a\u062a\u0645 \u062a\u0642\u062f\u064a\u0645 \u0623\u0635\u0646\u0627\u0641 \u062c\u062f\u064a\u062f\u0629 \u0645\u0646 \u0627\u0644\u0648\u0631\u062f\u064a\u0627\u062a \u0642\u0631\u064a\u0628\u0627 \u062c\u062f\u0627 \u0644\u0632\u0628\u0646\u0627\u0626\u0646\u0627: \u0634\u062c\u0631\u0629 \u0627\u0644\u0644\u0648\u0632\u060c \u0634\u062c\u0631\u0629 \u0627\u0644\u062a\u0641\u0627\u062d \u060c \u0627\u0644\u0643\u0631\u0632\u060c \u0627\u0644\u0623\u0641\u0648\u0643\u0627\u062f\u0648\u060c \u0627\u0644\u0645\u0634\u0645\u0634\u060c \u0648\u0627\u0644\u062c\u0648\u0632.<\/p>","_ar_post_name":"%d8%a7%d9%84%d9%88%d8%b1%d8%af%d9%8a%d8%a7%d8%aa-%d8%a7%d9%84%d9%85%d8%ab%d9%85%d8%b1%d8%a9","_ar_post_excerpt":"","_ar_post_title":"\u0627\u0644\u0648\u0631\u062f\u064a\u0627\u062a \u0627\u0644\u0645\u062b\u0645\u0631\u0629","edit_language":"ar"},"_links":{"self":[{"href":"https:\/\/pepiniereslesdomaines.com\/ar\/wp-json\/wp\/v2\/pages\/271"}],"collection":[{"href":"https:\/\/pepiniereslesdomaines.com\/ar\/wp-json\/wp\/v2\/pages"}],"about":[{"href":"https:\/\/pepiniereslesdomaines.com\/ar\/wp-json\/wp\/v2\/types\/page"}],"author":[{"embeddable":true,"href":"https:\/\/pepiniereslesdomaines.com\/ar\/wp-json\/wp\/v2\/users\/1"}],"replies":[{"embeddable":true,"href":"https:\/\/pepiniereslesdomaines.com\/ar\/wp-json\/wp\/v2\/comments?post=271"}],"version-history":[{"count":10,"href":"https:\/\/pepiniereslesdomaines.com\/ar\/wp-json\/wp\/v2\/pages\/271\/revisions"}],"predecessor-version":[{"id":937,"href":"https:\/\/pepiniereslesdomaines.com\/ar\/wp-json\/wp\/v2\/pages\/271\/revisions\/937"}],"up":[{"embeddable":true,"href":"https:\/\/pepiniereslesdomaines.com\/ar\/wp-json\/wp\/v2\/pages\/261"}],"wp:featuredmedia":[{"embeddable":true,"href":"https:\/\/pepiniereslesdomaines.com\/ar\/wp-json\/wp\/v2\/media\/272"}],"wp:attachment":[{"href":"https:\/\/pepiniereslesdomaines.com\/ar\/wp-json\/wp\/v2\/media?parent=271"}],"curies":[{"name":"wp","href":"https:\/\/api.w.org\/{rel}","templated":true}]}}