{"id":419,"date":"2016-10-11T01:50:30","date_gmt":"2016-10-10T23:50:30","guid":{"rendered":"http:\/\/kepler.lienclient.com\/pep\/?page_id=419"},"modified":"2018-06-20T17:25:41","modified_gmt":"2018-06-20T15:25:41","slug":"presentation","status":"publish","type":"page","link":"https:\/\/pepiniereslesdomaines.com\/ar\/les-domaines-agricoles-2\/presentation\/","title":{"rendered":"\u062a\u0642\u062f\u064a\u0645","raw":"\u062a\u0642\u062f\u064a\u0645"},"content":{"rendered":"<p><strong>\u0641\u0627\u0639\u0644 \u0631\u0626\u064a\u0633\u064a \u0641\u064a \u0627\u0644\u0642\u0637\u0627\u0639 \u0627\u0644\u0641\u0644\u0627\u062d\u064a<\/strong><\/p>\n<p><span style=\"font-weight: 400;\">\u0645\u0646\u0630 \u062a\u0623\u0633\u064a\u0633\u0647\u0627 \u0633\u0646\u0629 1960\u060c \u0631\u0643\u0632\u062a \u0627\u0644\u0636\u064a\u0639\u0627\u062a \u0627\u0644\u0641\u0644\u0627\u062d\u064a\u0629 \u0645\u0647\u0645\u062a\u0647\u0627 \u062d\u0648\u0644 \u062a\u0637\u0648\u064a\u0631 \u0648\u062a\u0639\u0632\u064a\u0632 \u0641\u0644\u0627\u062d\u0629 \u0645\u0628\u062a\u0643\u0631\u0629 \u0648\u062e\u0644\u0642 \u0627\u0644\u0642\u064a\u0645\u0629 \u0641\u064a \u0625\u0637\u0627\u0631 \u0627\u062d\u062a\u0631\u0627\u0645 \u0627\u0644\u0628\u064a\u0626\u0629 \u0648\u0627\u0644\u0639\u0646\u0635\u0631 \u0627\u0644\u0628\u0634\u0631\u064a.<\/span><\/p>\n<p><span style=\"font-weight: 400;\">\u062a\u062a\u0648\u0641\u0631\u00a0\u0627\u0644\u0636\u064a\u0639\u0627\u062a\u00a0\u0627\u0644\u0641\u0644\u0627\u062d\u064a\u0629\u00a0\u0639\u0644\u0649 \u0639\u062f\u0629 \u0645\u0648\u0627\u0642\u0639 \u0644\u0644\u0625\u0646\u062a\u0627\u062c \u0627\u0644\u0641\u0644\u0627\u062d\u064a \u0648\u0627\u0644\u0635\u0646\u0627\u0639\u0627\u062a \u0627\u0644\u0641\u0644\u0627\u062d\u064a\u0629\u060c \u0645\u0648\u0632\u0639\u0629 \u0639\u0644\u0649 \u0645\u062c\u0645\u0648\u0639 \u0627\u0644\u062a\u0631\u0627\u0628 \u0627\u0644\u0648\u0637\u0646\u064a \u0645\u0646 \u0627\u0644\u062f\u0627\u062e\u0644\u0629 \u0625\u0644\u0649 \u0628\u0631\u0643\u0627\u0646 \u0645\u0631\u0648\u0631\u0627 \u0628\u0645\u0646\u0627\u0637\u0642 \u0633\u0648\u0633 \u0648\u0627\u0644\u062d\u0648\u0632 \u0648\u0633\u0627\u064a\u0633 \u0648\u0627\u0644\u063a\u0631\u0628.<\/span><\/p>\n<p><span style=\"font-weight: 400;\">\u0628\u0641\u0636\u0644 \u0623\u0633\u0633\u0647\u0627 \u0627\u0644\u0645\u062a\u064a\u0646\u0629 \u0648\u0631\u0624\u064a\u062a\u0647\u0627 \u0627\u0644\u0627\u0633\u062a\u0631\u0627\u062a\u064a\u062c\u064a\u0629\u060c \u062a\u0639\u062f \u0627\u0644\u0636\u064a\u0639\u0627\u062a \u0627\u0644\u0641\u0644\u0627\u062d\u064a\u0629 \u0627\u0644\u064a\u0648\u0645 \u0641\u0627\u0639\u0644\u0627 \u0623\u0633\u0627\u0633\u064a\u0627 \u0648\u0631\u0627\u0626\u062f\u0627 \u0641\u064a \u0645\u062c\u0627\u0644\u0647 \u0645\u0646 \u0627\u0644\u062f\u0631\u062c\u0629 \u0627\u0644\u0623\u0648\u0644\u0649\u060c \u064a\u062a\u0637\u0644\u0639 \u0644\u0623\u0646 \u064a\u0643\u0648\u0646 \u0645\u0631\u062c\u0639\u0627 \u0644\u0644\u0641\u0644\u0627\u062d\u0629 \u0627\u0644\u0648\u0637\u0646\u064a\u0629.<\/span><\/p>\n","protected":false,"raw":"<strong>\u0641\u0627\u0639\u0644 \u0631\u0626\u064a\u0633\u064a \u0641\u064a \u0627\u0644\u0642\u0637\u0627\u0639 \u0627\u0644\u0641\u0644\u0627\u062d\u064a<\/strong>\r\n\r\n<span style=\"font-weight: 400;\">\u0645\u0646\u0630 \u062a\u0623\u0633\u064a\u0633\u0647\u0627 \u0633\u0646\u0629 1960\u060c \u0631\u0643\u0632\u062a \u0627\u0644\u0636\u064a\u0639\u0627\u062a \u0627\u0644\u0641\u0644\u0627\u062d\u064a\u0629 \u0645\u0647\u0645\u062a\u0647\u0627 \u062d\u0648\u0644 \u062a\u0637\u0648\u064a\u0631 \u0648\u062a\u0639\u0632\u064a\u0632 \u0641\u0644\u0627\u062d\u0629 \u0645\u0628\u062a\u0643\u0631\u0629 \u0648\u062e\u0644\u0642 \u0627\u0644\u0642\u064a\u0645\u0629 \u0641\u064a \u0625\u0637\u0627\u0631 \u0627\u062d\u062a\u0631\u0627\u0645 \u0627\u0644\u0628\u064a\u0626\u0629 \u0648\u0627\u0644\u0639\u0646\u0635\u0631 \u0627\u0644\u0628\u0634\u0631\u064a.<\/span>\r\n\r\n<span style=\"font-weight: 400;\">\u062a\u062a\u0648\u0641\u0631\u00a0\u0627\u0644\u0636\u064a\u0639\u0627\u062a\u00a0\u0627\u0644\u0641\u0644\u0627\u062d\u064a\u0629\u00a0\u0639\u0644\u0649 \u0639\u062f\u0629 \u0645\u0648\u0627\u0642\u0639 \u0644\u0644\u0625\u0646\u062a\u0627\u062c \u0627\u0644\u0641\u0644\u0627\u062d\u064a \u0648\u0627\u0644\u0635\u0646\u0627\u0639\u0627\u062a \u0627\u0644\u0641\u0644\u0627\u062d\u064a\u0629\u060c \u0645\u0648\u0632\u0639\u0629 \u0639\u0644\u0649 \u0645\u062c\u0645\u0648\u0639 \u0627\u0644\u062a\u0631\u0627\u0628 \u0627\u0644\u0648\u0637\u0646\u064a \u0645\u0646 \u0627\u0644\u062f\u0627\u062e\u0644\u0629 \u0625\u0644\u0649 \u0628\u0631\u0643\u0627\u0646 \u0645\u0631\u0648\u0631\u0627 \u0628\u0645\u0646\u0627\u0637\u0642 \u0633\u0648\u0633 \u0648\u0627\u0644\u062d\u0648\u0632 \u0648\u0633\u0627\u064a\u0633 \u0648\u0627\u0644\u063a\u0631\u0628.<\/span>\r\n\r\n<span style=\"font-weight: 400;\">\u0628\u0641\u0636\u0644 \u0623\u0633\u0633\u0647\u0627 \u0627\u0644\u0645\u062a\u064a\u0646\u0629 \u0648\u0631\u0624\u064a\u062a\u0647\u0627 \u0627\u0644\u0627\u0633\u062a\u0631\u0627\u062a\u064a\u062c\u064a\u0629\u060c \u062a\u0639\u062f \u0627\u0644\u0636\u064a\u0639\u0627\u062a \u0627\u0644\u0641\u0644\u0627\u062d\u064a\u0629 \u0627\u0644\u064a\u0648\u0645 \u0641\u0627\u0639\u0644\u0627 \u0623\u0633\u0627\u0633\u064a\u0627 \u0648\u0631\u0627\u0626\u062f\u0627 \u0641\u064a \u0645\u062c\u0627\u0644\u0647 \u0645\u0646 \u0627\u0644\u062f\u0631\u062c\u0629 \u0627\u0644\u0623\u0648\u0644\u0649\u060c \u064a\u062a\u0637\u0644\u0639 \u0644\u0623\u0646 \u064a\u0643\u0648\u0646 \u0645\u0631\u062c\u0639\u0627 \u0644\u0644\u0641\u0644\u0627\u062d\u0629 \u0627\u0644\u0648\u0637\u0646\u064a\u0629.<\/span>"},"excerpt":{"rendered":"","protected":false,"raw":""},"author":1,"featured_media":782,"parent":413,"menu_order":0,"comment_status":"closed","ping_status":"closed","template":"page-contenu.php","meta":{"_en_post_content":"<strong>A leading agricultural operator <\/strong>\r\n\r\n<i><span style=\"font-weight: 400;\">Les Domaines Agricoles<\/span><\/i><span style=\"font-weight: 400;\">, since its creation in 1960, has been dedicated to developing and enhancing an innovative and value-creating agriculture in terms of the respect of Man and nature.<\/span>\r\n\r\n<i><span style=\"font-weight: 400;\">Les Domaines Agricoles<\/span><\/i><span style=\"font-weight: 400;\"> is primarily distinguished by its several agricultural and agro-industrial sites of production, distributed all over Moroccan kingdom territory, from Dakhla to Berkane, through the regions of Souss, El Haouz, Sa\u00efss and Gharb. <\/span>\r\n\r\n<span style=\"font-weight: 400;\">Thanks to the very strong fundamentals as well its forward-looking strategy, <\/span><i><span style=\"font-weight: 400;\">Les Domaines Agricoles<\/span><\/i><span style=\"font-weight: 400;\"> is \u00a0today undoubtedly a leadership operator that are \u00a0intended to act as a key reference for national agriculture. <\/span>","_en_post_name":"introduction","_en_post_excerpt":"","_en_post_title":"Introduction","_fr_post_content":"<strong>Un op\u00e9rateur agricole de premier plan <\/strong>\r\n\r\n<span style=\"font-weight: 400;\">Depuis leur cr\u00e9ation en 1960, Les Domaines Agricoles se sont donn\u00e9s pour mission de d\u00e9velopper et de promouvoir une <\/span><b>agriculture innovante<\/b><span style=\"font-weight: 400;\"> et <\/span><b>cr\u00e9atrice de valeurs<\/b><span style=\"font-weight: 400;\"> dans le respect de <\/span><b>l\u2019Homme<\/b><span style=\"font-weight: 400;\"> et de <\/span><b>la nature<\/b><span style=\"font-weight: 400;\">.<\/span>\r\n\r\n<span style=\"font-weight: 400;\">Les Domaines Agricoles comptent plusieurs sites de production agricole et agro-industrielle r\u00e9partis sur le territoire marocain, de Dakhla \u00e0 Berkane en passant par les r\u00e9gions du Souss, d\u2019El Haouz, du Sa\u00efss et du Gharb.<\/span>\r\n\r\n<span style=\"font-weight: 400;\">Gr\u00e2ce \u00e0 des fondamentaux solides et une strat\u00e9gie visionnaire, Les Domaines Agricoles sont aujourd\u2019hui un op\u00e9rateur de premier ordre et se veulent \u00eatre la R\u00e9f\u00e9rence de l\u2019agriculture nationale.<\/span>","_fr_post_name":"presentation","_fr_post_excerpt":"","_fr_post_title":"Pr\u00e9sentation","_ar_post_content":"<strong>\u0641\u0627\u0639\u0644 \u0631\u0626\u064a\u0633\u064a \u0641\u064a \u0627\u0644\u0642\u0637\u0627\u0639 \u0627\u0644\u0641\u0644\u0627\u062d\u064a<\/strong>\r\n\r\n<span style=\"font-weight: 400;\">\u0645\u0646\u0630 \u062a\u0623\u0633\u064a\u0633\u0647\u0627 \u0633\u0646\u0629 1960\u060c \u0631\u0643\u0632\u062a \u0627\u0644\u0636\u064a\u0639\u0627\u062a \u0627\u0644\u0641\u0644\u0627\u062d\u064a\u0629 \u0645\u0647\u0645\u062a\u0647\u0627 \u062d\u0648\u0644 \u062a\u0637\u0648\u064a\u0631 \u0648\u062a\u0639\u0632\u064a\u0632 \u0641\u0644\u0627\u062d\u0629 \u0645\u0628\u062a\u0643\u0631\u0629 \u0648\u062e\u0644\u0642 \u0627\u0644\u0642\u064a\u0645\u0629 \u0641\u064a \u0625\u0637\u0627\u0631 \u0627\u062d\u062a\u0631\u0627\u0645 \u0627\u0644\u0628\u064a\u0626\u0629 \u0648\u0627\u0644\u0639\u0646\u0635\u0631 \u0627\u0644\u0628\u0634\u0631\u064a.<\/span>\r\n\r\n<span style=\"font-weight: 400;\">\u062a\u062a\u0648\u0641\u0631\u00a0\u0627\u0644\u0636\u064a\u0639\u0627\u062a\u00a0\u0627\u0644\u0641\u0644\u0627\u062d\u064a\u0629\u00a0\u0639\u0644\u0649 \u0639\u062f\u0629 \u0645\u0648\u0627\u0642\u0639 \u0644\u0644\u0625\u0646\u062a\u0627\u062c \u0627\u0644\u0641\u0644\u0627\u062d\u064a \u0648\u0627\u0644\u0635\u0646\u0627\u0639\u0627\u062a \u0627\u0644\u0641\u0644\u0627\u062d\u064a\u0629\u060c \u0645\u0648\u0632\u0639\u0629 \u0639\u0644\u0649 \u0645\u062c\u0645\u0648\u0639 \u0627\u0644\u062a\u0631\u0627\u0628 \u0627\u0644\u0648\u0637\u0646\u064a \u0645\u0646 \u0627\u0644\u062f\u0627\u062e\u0644\u0629 \u0625\u0644\u0649 \u0628\u0631\u0643\u0627\u0646 \u0645\u0631\u0648\u0631\u0627 \u0628\u0645\u0646\u0627\u0637\u0642 \u0633\u0648\u0633 \u0648\u0627\u0644\u062d\u0648\u0632 \u0648\u0633\u0627\u064a\u0633 \u0648\u0627\u0644\u063a\u0631\u0628.<\/span>\r\n\r\n<span style=\"font-weight: 400;\">\u0628\u0641\u0636\u0644 \u0623\u0633\u0633\u0647\u0627 \u0627\u0644\u0645\u062a\u064a\u0646\u0629 \u0648\u0631\u0624\u064a\u062a\u0647\u0627 \u0627\u0644\u0627\u0633\u062a\u0631\u0627\u062a\u064a\u062c\u064a\u0629\u060c \u062a\u0639\u062f \u0627\u0644\u0636\u064a\u0639\u0627\u062a \u0627\u0644\u0641\u0644\u0627\u062d\u064a\u0629 \u0627\u0644\u064a\u0648\u0645 \u0641\u0627\u0639\u0644\u0627 \u0623\u0633\u0627\u0633\u064a\u0627 \u0648\u0631\u0627\u0626\u062f\u0627 \u0641\u064a \u0645\u062c\u0627\u0644\u0647 \u0645\u0646 \u0627\u0644\u062f\u0631\u062c\u0629 \u0627\u0644\u0623\u0648\u0644\u0649\u060c \u064a\u062a\u0637\u0644\u0639 \u0644\u0623\u0646 \u064a\u0643\u0648\u0646 \u0645\u0631\u062c\u0639\u0627 \u0644\u0644\u0641\u0644\u0627\u062d\u0629 \u0627\u0644\u0648\u0637\u0646\u064a\u0629.<\/span>","_ar_post_name":"presentation","_ar_post_excerpt":"","_ar_post_title":"\u062a\u0642\u062f\u064a\u0645","edit_language":"ar"},"_links":{"self":[{"href":"https:\/\/pepiniereslesdomaines.com\/ar\/wp-json\/wp\/v2\/pages\/419"}],"collection":[{"href":"https:\/\/pepiniereslesdomaines.com\/ar\/wp-json\/wp\/v2\/pages"}],"about":[{"href":"https:\/\/pepiniereslesdomaines.com\/ar\/wp-json\/wp\/v2\/types\/page"}],"author":[{"embeddable":true,"href":"https:\/\/pepiniereslesdomaines.com\/ar\/wp-json\/wp\/v2\/users\/1"}],"replies":[{"embeddable":true,"href":"https:\/\/pepiniereslesdomaines.com\/ar\/wp-json\/wp\/v2\/comments?post=419"}],"version-history":[{"count":13,"href":"https:\/\/pepiniereslesdomaines.com\/ar\/wp-json\/wp\/v2\/pages\/419\/revisions"}],"predecessor-version":[{"id":1181,"href":"https:\/\/pepiniereslesdomaines.com\/ar\/wp-json\/wp\/v2\/pages\/419\/revisions\/1181"}],"up":[{"embeddable":true,"href":"https:\/\/pepiniereslesdomaines.com\/ar\/wp-json\/wp\/v2\/pages\/413"}],"wp:featuredmedia":[{"embeddable":true,"href":"https:\/\/pepiniereslesdomaines.com\/ar\/wp-json\/wp\/v2\/media\/782"}],"wp:attachment":[{"href":"https:\/\/pepiniereslesdomaines.com\/ar\/wp-json\/wp\/v2\/media?parent=419"}],"curies":[{"name":"wp","href":"https:\/\/api.w.org\/{rel}","templated":true}]}}