{"id":57,"date":"2016-10-06T03:27:32","date_gmt":"2016-10-06T01:27:32","guid":{"rendered":"http:\/\/localhost:8888\/pepiniere\/?page_id=57"},"modified":"2018-08-02T11:43:20","modified_gmt":"2018-08-02T09:43:20","slug":"vitroplants-de-palmier-dattier","status":"publish","type":"page","link":"https:\/\/pepiniereslesdomaines.com\/ar\/vitroplants-de-palmier-dattier\/","title":{"rendered":"\u0634\u062a\u0644\u0627\u062a \u0627\u0644\u0646\u062e\u064a\u0644 \u0627\u0644\u0646\u0633\u064a\u062c\u064a\u0629","raw":"\u0634\u062a\u0644\u0627\u062a \u0627\u0644\u0646\u062e\u064a\u0644 \u0627\u0644\u0646\u0633\u064a\u062c\u064a\u0629"},"content":{"rendered":"<p style=\"margin-bottom: 30px;\"><b>\u0645\u0646 \u0623\u062c\u0644 \u0645\u0632\u0627\u0631\u0639 \u0633\u0644\u064a\u0645\u0629 \u0648\u0645\u0646\u062a\u062c\u0629<\/b><\/p>\n<p><img loading=\"lazy\" class=\"wp-image-375 size-medium alignleft\" src=\"http:\/\/kepler.agency\/pepinieres\/wp-content\/uploads\/2016\/10\/Pix-SP-289-300x200.jpg\" alt=\"Vitroplants de palmier dattier\" width=\"300\" height=\"200\" srcset=\"https:\/\/pepiniereslesdomaines.com\/wp-content\/uploads\/2016\/10\/Pix-SP-289-300x200.jpg 300w, https:\/\/pepiniereslesdomaines.com\/wp-content\/uploads\/2016\/10\/Pix-SP-289-768x512.jpg 768w, https:\/\/pepiniereslesdomaines.com\/wp-content\/uploads\/2016\/10\/Pix-SP-289-1024x683.jpg 1024w\" sizes=\"(max-width: 300px) 100vw, 300px\" \/><\/p>\n<p>\u062a\u0633\u0627\u0647\u0645 \u0627\u0644\u0636\u064a\u0639\u0627\u062a \u0627\u0644\u0641\u0644\u0627\u062d\u064a\u0629\u00a0\u0628\u0634\u0643\u0644 \u0641\u0639\u0627\u0644 \u0641\u064a \u0625\u062d\u064a\u0627\u0621 \u0648\u0627\u062d\u0627\u062a \u0627\u0644\u0646\u062e\u064a\u0644 \u0627\u0644\u0645\u063a\u0631\u0628\u064a\u0629 \u0627\u0644\u0645\u062a\u0636\u0631\u0631\u0629 \u0628\u0645\u0631\u0636 \u0627\u0644\u0628\u064a\u0648\u0636.<\/p>\n<p>\u0648 \u064a\u062a\u0645 \u0630\u0644\u0643 \u0639\u0646 \u0637\u0631\u064a\u0642 \u062a\u0642\u0646\u064a\u0629 \u0632\u0631\u0627\u0639\u0629 \u0627\u0644\u0623\u0646\u0633\u062c\u0629 \u0639\u0628\u0631 \u062a\u0643\u0648\u064a\u0646 \u0627\u0644\u0623\u0639\u0636\u0627\u0621 \u0628\u0625\u0646\u062a\u0627\u062c \u0646\u0628\u0627\u062a\u0627\u062a \u062e\u0627\u0644\u064a\u0629 \u0645\u0646 \u0627\u0644\u0623\u0645\u0631\u0627\u0636 \u0648 \u0645\u062a\u0637\u0627\u0628\u0642\u0629 \u0645\u0639 \u0637\u0628\u064a\u0639\u0629 \u0627\u0644\u0634\u062c\u0631\u0629 \u0627\u0644\u0623\u0645.<\/p>\n<p>\u0647\u0630\u0627 \u0627\u0644\u0646\u062e\u064a\u0644 \u0627\u0644\u0633\u0644\u064a\u0645 \u064a\u0638\u0647\u0631 \u0646\u0645\u0648 \u0633\u0631\u064a\u0639\u0627 \u0648\u062a\u062c\u0627\u0646\u0633\u0627 \u0645\u0647\u0645\u0627\u064b \u0645\u0646 \u0623\u062c\u0644 \u0625\u0646\u0634\u0627\u0621 \u0648\u0627\u062d\u0627\u062a \u062d\u062f\u064a\u062b\u0629.<\/p>\n","protected":false,"raw":"<p style=\"margin-bottom: 30px;\"><b>\u0645\u0646 \u0623\u062c\u0644 \u0645\u0632\u0627\u0631\u0639 \u0633\u0644\u064a\u0645\u0629 \u0648\u0645\u0646\u062a\u062c\u0629<\/b><\/p>\r\n<img class=\"wp-image-375 size-medium alignleft\" src=\"http:\/\/kepler.agency\/pepinieres\/wp-content\/uploads\/2016\/10\/Pix-SP-289-300x200.jpg\" alt=\"Vitroplants de palmier dattier\" width=\"300\" height=\"200\" \/>\r\n\r\n\u062a\u0633\u0627\u0647\u0645 \u0627\u0644\u0636\u064a\u0639\u0627\u062a \u0627\u0644\u0641\u0644\u0627\u062d\u064a\u0629\u00a0\u0628\u0634\u0643\u0644 \u0641\u0639\u0627\u0644 \u0641\u064a \u0625\u062d\u064a\u0627\u0621 \u0648\u0627\u062d\u0627\u062a \u0627\u0644\u0646\u062e\u064a\u0644 \u0627\u0644\u0645\u063a\u0631\u0628\u064a\u0629 \u0627\u0644\u0645\u062a\u0636\u0631\u0631\u0629 \u0628\u0645\u0631\u0636 \u0627\u0644\u0628\u064a\u0648\u0636.\r\n\r\n\u0648 \u064a\u062a\u0645 \u0630\u0644\u0643 \u0639\u0646 \u0637\u0631\u064a\u0642 \u062a\u0642\u0646\u064a\u0629 \u0632\u0631\u0627\u0639\u0629 \u0627\u0644\u0623\u0646\u0633\u062c\u0629 \u0639\u0628\u0631 \u062a\u0643\u0648\u064a\u0646 \u0627\u0644\u0623\u0639\u0636\u0627\u0621 \u0628\u0625\u0646\u062a\u0627\u062c \u0646\u0628\u0627\u062a\u0627\u062a \u062e\u0627\u0644\u064a\u0629 \u0645\u0646 \u0627\u0644\u0623\u0645\u0631\u0627\u0636 \u0648 \u0645\u062a\u0637\u0627\u0628\u0642\u0629 \u0645\u0639 \u0637\u0628\u064a\u0639\u0629 \u0627\u0644\u0634\u062c\u0631\u0629 \u0627\u0644\u0623\u0645.\r\n\r\n\u0647\u0630\u0627 \u0627\u0644\u0646\u062e\u064a\u0644 \u0627\u0644\u0633\u0644\u064a\u0645 \u064a\u0638\u0647\u0631 \u0646\u0645\u0648 \u0633\u0631\u064a\u0639\u0627 \u0648\u062a\u062c\u0627\u0646\u0633\u0627 \u0645\u0647\u0645\u0627\u064b \u0645\u0646 \u0623\u062c\u0644 \u0625\u0646\u0634\u0627\u0621 \u0648\u0627\u062d\u0627\u062a \u062d\u062f\u064a\u062b\u0629."},"excerpt":{"rendered":"","protected":false,"raw":""},"author":1,"featured_media":56,"parent":0,"menu_order":0,"comment_status":"closed","ping_status":"closed","template":"page-contenu.php","meta":{"_en_post_content":"<p style=\"margin-bottom: 30px;\"><strong><span id=\"tran0\">For healthy and productive plantations<\/span><\/strong><\/p>\r\n<img class=\"alignright wp-image-375 size-medium\" src=\"http:\/\/kepler.agency\/pepinieres\/wp-content\/uploads\/2016\/10\/Pix-SP-289-300x200.jpg\" alt=\"Vitroplants de palmier dattier\" width=\"300\" height=\"200\" \/>\r\n\r\n<span id=\"tran1\">The Agricultural Domains, concerned by the conservation of the national flora, participate actively in the reconstruction of the Moroccan palm grove decreased for several decades by the disease of Bayoud.<\/span>\r\n\r\n<span id=\"tran2\">So, thanks to the expertise in biotechnology of the laboratory El Bassatine, The Agricultural Domains multiply on a large scale varieties and clones of palm trees date palms carefully selected. To do it, we use the technique of the organogen\u00e8se, which allows to obtain palm trees corresponding to the foot especially unhurt but genetic mother of a point of view of diseases.<\/span>\r\n\r\n<span id=\"tran3\">Of a big vigour, these palm trees present a fast growth as well as an interesting homogeneity for the implementation of modern plantations.<\/span>","_en_post_name":"vitroplants-de-palmier-dattier","_en_post_excerpt":"","_en_post_title":"Vitroplants of date palm tree","_fr_post_content":"<p style=\"margin-bottom: 30px;\"><strong>Pour des plantations saines et productives<\/strong><\/p>\r\n<img class=\"alignright wp-image-375 size-medium\" src=\"http:\/\/kepler.agency\/pepinieres\/wp-content\/uploads\/2016\/10\/Pix-SP-289-300x200.jpg\" alt=\"Vitroplants de palmier dattier\" width=\"300\" height=\"200\" \/>\r\n\r\nLes Domaines Agricoles, concern\u00e9s par la pr\u00e9servation de la flore nationale, participent activement \u00e0 la reconstitution de la palmeraie marocaine amoindrie depuis plusieurs d\u00e9cennies par la maladie du Bayoud.\r\n\r\nAinsi, gr\u00e2ce \u00e0 l\u2019expertise en biotechnologie du laboratoire El Bassatine, Les Domaines Agricoles multiplient \u00e0 grande \u00e9chelle des vari\u00e9t\u00e9s et clones de palmiers dattiers soigneusement s\u00e9lectionn\u00e9s. Pour ce faire, nous utilisons la technique de l\u2019organogen\u00e8se, qui permet d\u2019obtenir des palmiers conformes au pied m\u00e8re d\u2019un point de vue g\u00e9n\u00e9tique mais surtout indemnes de maladies.\r\n\r\nD\u2019une grande vigueur, ces palmiers pr\u00e9sentent une croissance rapide ainsi qu\u2019une homog\u00e9n\u00e9it\u00e9 int\u00e9ressante pour la mise en place de plantations modernes.","_fr_post_name":"vitroplants-de-palmier-dattier","_fr_post_excerpt":"","_fr_post_title":"Vitroplants de palmier dattier","_ar_post_content":"<p style=\"margin-bottom: 30px;\"><b>\u0645\u0646 \u0623\u062c\u0644 \u0645\u0632\u0627\u0631\u0639 \u0633\u0644\u064a\u0645\u0629 \u0648\u0645\u0646\u062a\u062c\u0629<\/b><\/p>\r\n<img class=\"wp-image-375 size-medium alignleft\" src=\"http:\/\/kepler.agency\/pepinieres\/wp-content\/uploads\/2016\/10\/Pix-SP-289-300x200.jpg\" alt=\"Vitroplants de palmier dattier\" width=\"300\" height=\"200\" \/>\r\n\r\n\u062a\u0633\u0627\u0647\u0645 \u0627\u0644\u0636\u064a\u0639\u0627\u062a \u0627\u0644\u0641\u0644\u0627\u062d\u064a\u0629\u00a0\u0628\u0634\u0643\u0644 \u0641\u0639\u0627\u0644 \u0641\u064a \u0625\u062d\u064a\u0627\u0621 \u0648\u0627\u062d\u0627\u062a \u0627\u0644\u0646\u062e\u064a\u0644 \u0627\u0644\u0645\u063a\u0631\u0628\u064a\u0629 \u0627\u0644\u0645\u062a\u0636\u0631\u0631\u0629 \u0628\u0645\u0631\u0636 \u0627\u0644\u0628\u064a\u0648\u0636.\r\n\r\n\u0648 \u064a\u062a\u0645 \u0630\u0644\u0643 \u0639\u0646 \u0637\u0631\u064a\u0642 \u062a\u0642\u0646\u064a\u0629 \u0632\u0631\u0627\u0639\u0629 \u0627\u0644\u0623\u0646\u0633\u062c\u0629 \u0639\u0628\u0631 \u062a\u0643\u0648\u064a\u0646 \u0627\u0644\u0623\u0639\u0636\u0627\u0621 \u0628\u0625\u0646\u062a\u0627\u062c \u0646\u0628\u0627\u062a\u0627\u062a \u062e\u0627\u0644\u064a\u0629 \u0645\u0646 \u0627\u0644\u0623\u0645\u0631\u0627\u0636 \u0648 \u0645\u062a\u0637\u0627\u0628\u0642\u0629 \u0645\u0639 \u0637\u0628\u064a\u0639\u0629 \u0627\u0644\u0634\u062c\u0631\u0629 \u0627\u0644\u0623\u0645.\r\n\r\n\u0647\u0630\u0627 \u0627\u0644\u0646\u062e\u064a\u0644 \u0627\u0644\u0633\u0644\u064a\u0645 \u064a\u0638\u0647\u0631 \u0646\u0645\u0648 \u0633\u0631\u064a\u0639\u0627 \u0648\u062a\u062c\u0627\u0646\u0633\u0627 \u0645\u0647\u0645\u0627\u064b \u0645\u0646 \u0623\u062c\u0644 \u0625\u0646\u0634\u0627\u0621 \u0648\u0627\u062d\u0627\u062a \u062d\u062f\u064a\u062b\u0629.","_ar_post_name":"vitroplants-de-palmier-dattier","_ar_post_excerpt":"","_ar_post_title":"\u0634\u062a\u0644\u0627\u062a \u0627\u0644\u0646\u062e\u064a\u0644 \u0627\u0644\u0646\u0633\u064a\u062c\u064a\u0629","edit_language":"ar"},"_links":{"self":[{"href":"https:\/\/pepiniereslesdomaines.com\/ar\/wp-json\/wp\/v2\/pages\/57"}],"collection":[{"href":"https:\/\/pepiniereslesdomaines.com\/ar\/wp-json\/wp\/v2\/pages"}],"about":[{"href":"https:\/\/pepiniereslesdomaines.com\/ar\/wp-json\/wp\/v2\/types\/page"}],"author":[{"embeddable":true,"href":"https:\/\/pepiniereslesdomaines.com\/ar\/wp-json\/wp\/v2\/users\/1"}],"replies":[{"embeddable":true,"href":"https:\/\/pepiniereslesdomaines.com\/ar\/wp-json\/wp\/v2\/comments?post=57"}],"version-history":[{"count":11,"href":"https:\/\/pepiniereslesdomaines.com\/ar\/wp-json\/wp\/v2\/pages\/57\/revisions"}],"predecessor-version":[{"id":498,"href":"https:\/\/pepiniereslesdomaines.com\/ar\/wp-json\/wp\/v2\/pages\/57\/revisions\/498"}],"wp:featuredmedia":[{"embeddable":true,"href":"https:\/\/pepiniereslesdomaines.com\/ar\/wp-json\/wp\/v2\/media\/56"}],"wp:attachment":[{"href":"https:\/\/pepiniereslesdomaines.com\/ar\/wp-json\/wp\/v2\/media?parent=57"}],"curies":[{"name":"wp","href":"https:\/\/api.w.org\/{rel}","templated":true}]}}