{"id":205,"date":"2016-10-09T21:16:43","date_gmt":"2016-10-09T19:16:43","guid":{"rendered":"http:\/\/localhost:8888\/pepiniere-kepler\/?page_id=205"},"modified":"2018-08-02T11:42:11","modified_gmt":"2018-08-02T09:42:11","slug":"rootstock","status":"publish","type":"page","link":"https:\/\/pepiniereslesdomaines.com\/en\/plants-dagrumes\/rootstock\/","title":{"rendered":"Rootstock","raw":"Rootstock"},"content":{"rendered":"<p style=\"text-align: justify;\"><strong>A range of rootstocks satisfying all your requirements<\/strong><\/p>\n<div class=\"entry-content\">\n<p style=\"text-align: justify; margin: 0 0 20px;\"><span style=\"font-weight: 400;\">Our nurseries have, for several years, actively developped tolerant rootstocks \u00a0that have proven their performance in Morocco. These rootstocks allow to improve the yields, the caliber, and to spread the periods of harvest as well.<\/span><\/p>\n<p style=\"text-align: justify; padding-left: 10px;\"><i class=\"fa fa-angle-right\"><\/i> Bitter Orange<br \/>\n<i class=\"fa fa-angle-right\"><\/i> Citrange C35<br \/>\n<i class=\"fa fa-angle-right\"><\/i> Citrange Troyer<br \/>\n<i class=\"fa fa-angle-right\"><\/i> Citrange Carrizo<br \/>\n<i class=\"fa fa-angle-right\"><\/i> Citrus volkameriana<br \/>\n<i class=\"fa fa-angle-right\"><\/i> Alemow<\/p>\n<p style=\"text-align: justify;\"><strong>Choice of varieties :\u00a0<\/strong><\/p>\n<p>The choice of varieties to plant is mainly made on the basis of the following elements:<\/p>\n<p style=\"padding-left: 10px;\"><i class=\"fa fa-angle-right\"><\/i> The Market targeted by the producer: Local or export markets.<br \/>\n<i class=\"fa fa-angle-right\"><\/i> Organoleptic characteristics<br \/>\n<i class=\"fa fa-angle-right\"><\/i> The size and the hanging after harvest<br \/>\n<i class=\"fa fa-angle-right\"><\/i> De-greening and storage<br \/>\n<i class=\"fa fa-angle-right\"><\/i> The conditions of the soil: early varieties in the south, oranges in the Gharb and Berkane in the East .<\/p>\n<\/div>\n","protected":false,"raw":"<p style=\"text-align: justify;\"><strong>A range of rootstocks satisfying all your requirements<\/strong><\/p>\r\n\r\n<div class=\"entry-content\">\r\n<p style=\"text-align: justify; margin: 0 0 20px;\"><span style=\"font-weight: 400;\">Our nurseries have, for several years, actively developped tolerant rootstocks \u00a0that have proven their performance in Morocco. These rootstocks allow to improve the yields, the caliber, and to spread the periods of harvest as well.<\/span><\/p>\r\n<p style=\"text-align: justify; padding-left: 10px;\"><i class=\"fa fa-angle-right\"><\/i> Bitter Orange\r\n<i class=\"fa fa-angle-right\"><\/i> Citrange C35\r\n<i class=\"fa fa-angle-right\"><\/i> Citrange Troyer\r\n<i class=\"fa fa-angle-right\"><\/i> Citrange Carrizo\r\n<i class=\"fa fa-angle-right\"><\/i> Citrus volkameriana\r\n<i class=\"fa fa-angle-right\"><\/i> Alemow<\/p>\r\n<p style=\"text-align: justify;\"><strong>Choice of varieties :\u00a0<\/strong><\/p>\r\nThe choice of varieties to plant is mainly made on the basis of the following elements:\r\n<p style=\"padding-left: 10px;\"><i class=\"fa fa-angle-right\"><\/i> The Market targeted by the producer: Local or export markets.\r\n<i class=\"fa fa-angle-right\"><\/i> Organoleptic characteristics\r\n<i class=\"fa fa-angle-right\"><\/i> The size and the hanging after harvest\r\n<i class=\"fa fa-angle-right\"><\/i> De-greening and storage\r\n<i class=\"fa fa-angle-right\"><\/i> The conditions of the soil: early varieties in the south, oranges in the Gharb and Berkane in the East .<\/p>\r\n\r\n<\/div>"},"excerpt":{"rendered":"","protected":false,"raw":""},"author":1,"featured_media":88,"parent":90,"menu_order":3,"comment_status":"closed","ping_status":"closed","template":"page-contenu.php","meta":{"_en_post_content":"<p style=\"text-align: justify;\"><strong>A range of rootstocks satisfying all your requirements<\/strong><\/p>\r\n\r\n<div class=\"entry-content\">\r\n<p style=\"text-align: justify; margin: 0 0 20px;\"><span style=\"font-weight: 400;\">Our nurseries have, for several years, actively developped tolerant rootstocks \u00a0that have proven their performance in Morocco. These rootstocks allow to improve the yields, the caliber, and to spread the periods of harvest as well.<\/span><\/p>\r\n<p style=\"text-align: justify; padding-left: 10px;\"><i class=\"fa fa-angle-right\"><\/i> Bitter Orange\r\n<i class=\"fa fa-angle-right\"><\/i> Citrange C35\r\n<i class=\"fa fa-angle-right\"><\/i> Citrange Troyer\r\n<i class=\"fa fa-angle-right\"><\/i> Citrange Carrizo\r\n<i class=\"fa fa-angle-right\"><\/i> Citrus volkameriana\r\n<i class=\"fa fa-angle-right\"><\/i> Alemow<\/p>\r\n<p style=\"text-align: justify;\"><strong>Choice of varieties :\u00a0<\/strong><\/p>\r\nThe choice of varieties to plant is mainly made on the basis of the following elements:\r\n<p style=\"padding-left: 10px;\"><i class=\"fa fa-angle-right\"><\/i> The Market targeted by the producer: Local or export markets.\r\n<i class=\"fa fa-angle-right\"><\/i> Organoleptic characteristics\r\n<i class=\"fa fa-angle-right\"><\/i> The size and the hanging after harvest\r\n<i class=\"fa fa-angle-right\"><\/i> De-greening and storage\r\n<i class=\"fa fa-angle-right\"><\/i> The conditions of the soil: early varieties in the south, oranges in the Gharb and Berkane in the East .<\/p>\r\n\r\n<\/div>","_en_post_name":"rootstock","_en_post_excerpt":"","_en_post_title":"Rootstock","_fr_post_content":"<strong>Une palette de porte-greffes r\u00e9pondant \u00e0 toutes vos exigences<\/strong>\r\n<div class=\"entry-content\">\r\n<p style=\"text-align: justify; margin: 0 0 20px;\">Depuis plusieurs ann\u00e9es, nos p\u00e9pini\u00e8res ont activement d\u00e9velopp\u00e9 des porte-greffes tol\u00e9rants ayant d\u00e9montr\u00e9 leurs performances au Maroc. Ces porte-greffes permettent d\u2019am\u00e9liorer les rendements, le calibre et d\u2019\u00e9taler les p\u00e9riodes de r\u00e9colte.<\/p>\r\n<p style=\"text-align: justify; padding-left: 10px;\"><i class=\"fa fa-angle-right\"><\/i> Bigaradier\r\n<i class=\"fa fa-angle-right\"><\/i> Citrange C35\r\n<i class=\"fa fa-angle-right\"><\/i> Citrange Troyer\r\n<i class=\"fa fa-angle-right\"><\/i> Citrange Carrizo\r\n<i class=\"fa fa-angle-right\"><\/i> Citrus volkameriana\r\n<i class=\"fa fa-angle-right\"><\/i> Alemow<\/p>\r\n<p style=\"text-align: justify; \/* text-align: center;\"><strong>Choix des vari\u00e9t\u00e9s :\u00a0<\/strong><\/p>\r\nLe choix des vari\u00e9t\u00e9s \u00e0 planter est bas\u00e9 principalement sur les \u00e9l\u00e9ments suivants :\r\n<p style=\"padding-left: 10px;\"><i class=\"fa fa-angle-right\"><\/i> march\u00e9 vis\u00e9 par le producteur : March\u00e9 local ou export.\r\n<i class=\"fa fa-angle-right\"><\/i> les caract\u00e9ristiques organoleptiques\r\n<i class=\"fa fa-angle-right\"><\/i> le calibre et la tenue apr\u00e8s r\u00e9colte\r\n<i class=\"fa fa-angle-right\"><\/i> d\u00e9-verdissage et stockage\r\n<i class=\"fa fa-angle-right\"><\/i> les conditions du terroir : vari\u00e9t\u00e9s pr\u00e9coces au sud, les oranges dans le Gharb et Berkane pour l\u2019oriental.<\/p>\r\n\r\n<\/div>","_fr_post_name":"portes-greffe","_fr_post_excerpt":"","_fr_post_title":"Porte-greffes","_ar_post_content":"<strong>\u0645\u062c\u0645\u0648\u0639\u0629 \u0645\u0646 \u0623\u0635\u0646\u0627\u0641 \u062d\u0627\u0645\u0644 \u0627\u0644\u0637\u0639\u0645 \u062a\u0644\u0628\u064a \u062c\u0645\u064a\u0639 \u0627\u062d\u062a\u064a\u0627\u062c\u0627\u062a\u0643\u0645<\/strong>\r\n<div class=\"entry-content\">\r\n<p style=\"text-align: justify; margin: 0 0 20px;\">\u0639\u0644\u0649 \u0645\u062f\u0649 \u0639\u062f\u0629 \u0633\u0646\u064a\u0646\u060c \u0642\u0627\u0645\u062a \u0645\u0634\u0627\u062a\u0644\u0646\u0627 \u0628\u062a\u0637\u0648\u064a\u0631 \u062d\u0648\u0627\u0645\u0644 \u0627\u0644\u0637\u0639\u0645 \u0627\u0644\u062a\u064a \u0623\u062b\u0628\u062a \u0623\u062f\u0627\u0626\u0647\u0627 \u0627\u0644\u062c\u064a\u062f \u0641\u064a \u0627\u0644\u0645\u063a\u0631\u0628. \u0648\u062a\u0633\u0627\u0639\u062f \u062d\u0648\u0627\u0645\u0644 \u0627\u0644\u0637\u0639\u0645 \u0647\u0630\u0647 \u0639\u0644\u0649 \u062a\u062d\u0633\u064a\u0646 \u0627\u0644\u0625\u0646\u062a\u0627\u062c\u060c \u0648\u0627\u0644\u0631\u0641\u0639 \u0645\u0646 \u0627\u0644\u0639\u064a\u0627\u0631\u0627\u062a \u0648 \u0627\u0644\u0632\u064a\u0627\u062f\u0629 \u0645\u0646 \u0641\u062a\u0631\u0627\u062a \u0627\u0644\u062c\u0646\u064a.<\/p>\r\n<p style=\"text-align: justify; padding-left: 10px;\"><i class=\"fa fa-angle-right\"><\/i> Bigaradier\r\n<i class=\"fa fa-angle-right\"><\/i> Citrange C35\r\n<i class=\"fa fa-angle-right\"><\/i> Citrange Troyer\r\n<i class=\"fa fa-angle-right\"><\/i> Citrange Carrizo\r\n<i class=\"fa fa-angle-right\"><\/i> Citrus volkameriana\r\n<i class=\"fa fa-angle-right\"><\/i> Alemow<\/p>\r\n<p style=\"text-align: justify; \/* text-align: center;\"><strong>\u0627\u062e\u062a\u064a\u0627\u0631 \u0627\u0644\u0623\u0635\u0646\u0627\u0641:\u00a0<\/strong><\/p>\r\n\u064a\u0633\u062a\u0646\u062f \u0627\u062e\u062a\u064a\u0627\u0631 \u0627\u0644\u0623\u0635\u0646\u0627\u0641 \u0627\u0644\u0642\u0627\u0628\u0644\u0629 \u0644\u0644\u063a\u0631\u0633 \u0623\u0633\u0627\u0633\u0627 \u0639\u0644\u0649 \u0627\u0644\u0639\u0646\u0627\u0635\u0631 \u0627\u0644\u062a\u0627\u0644\u064a\u0629:\r\n<p style=\"padding-left: 10px;\"><i class=\"fa fa-angle-right\"><\/i> \u0627\u0644\u0633\u0648\u0642 \u0627\u0644\u0645\u0633\u062a\u0647\u062f\u0641 \u0645\u0646 \u0642\u0628\u0644 \u0627\u0644\u0645\u0646\u062a\u062c: \u0627\u0644\u0633\u0648\u0642 \u0627\u0644\u0645\u062d\u0644\u064a \u0623\u0648 \u0627\u0644\u062e\u0627\u0635 \u0628\u0627\u0644\u062a\u0635\u062f\u064a\u0631.\r\n<i class=\"fa fa-angle-right\"><\/i> \u0627\u0644\u062e\u0635\u0627\u0626\u0635 \u0627\u0644\u0639\u0636\u0648\u064a\u0629\r\n<i class=\"fa fa-angle-right\"><\/i> \u0627\u0644\u0639\u064a\u0627\u0631 \u0648\u062d\u0627\u0644\u062a\u0647 \u0628\u0639\u062f \u0627\u0644\u062c\u0646\u064a\r\n<i class=\"fa fa-angle-right\"><\/i> \u0627\u0644\u062d\u0641\u0627\u0638 \u0639\u0644\u0649 \u0627\u0644\u0646\u0638\u0627\u0631\u0629 \u0648\u0627\u0644\u062a\u062e\u0632\u064a\u0646\r\n<i class=\"fa fa-angle-right\"><\/i> \u0627\u0644\u0634\u0631\u0648\u0637 \u0627\u0644\u0645\u062d\u0644\u064a\u0629: \u0623\u0635\u0646\u0627\u0641 \u0645\u0628\u0643\u0631\u0629 \u0641\u064a \u0627\u0644\u062c\u0646\u0648\u0628\u060c \u0627\u0644\u0628\u0631\u062a\u0642\u0627\u0644 \u0641\u064a \u0627\u0644\u063a\u0631\u0628 \u0648\u0628\u0631\u0643\u0627\u0646 \u0628\u0627\u0644\u0646\u0633\u0628\u0629 \u0644\u0644\u0634\u0631\u0642.<\/p>\r\n\r\n<\/div>","_ar_post_name":"%d8%ad%d8%a7%d9%85%d9%84-%d8%a7%d9%84%d8%b7%d8%b9%d9%85","_ar_post_excerpt":"","_ar_post_title":"\u062d\u0627\u0645\u0644 \u0627\u0644\u0637\u0639\u0645","edit_language":"en"},"_links":{"self":[{"href":"https:\/\/pepiniereslesdomaines.com\/en\/wp-json\/wp\/v2\/pages\/205"}],"collection":[{"href":"https:\/\/pepiniereslesdomaines.com\/en\/wp-json\/wp\/v2\/pages"}],"about":[{"href":"https:\/\/pepiniereslesdomaines.com\/en\/wp-json\/wp\/v2\/types\/page"}],"author":[{"embeddable":true,"href":"https:\/\/pepiniereslesdomaines.com\/en\/wp-json\/wp\/v2\/users\/1"}],"replies":[{"embeddable":true,"href":"https:\/\/pepiniereslesdomaines.com\/en\/wp-json\/wp\/v2\/comments?post=205"}],"version-history":[{"count":19,"href":"https:\/\/pepiniereslesdomaines.com\/en\/wp-json\/wp\/v2\/pages\/205\/revisions"}],"predecessor-version":[{"id":722,"href":"https:\/\/pepiniereslesdomaines.com\/en\/wp-json\/wp\/v2\/pages\/205\/revisions\/722"}],"up":[{"embeddable":true,"href":"https:\/\/pepiniereslesdomaines.com\/en\/wp-json\/wp\/v2\/pages\/90"}],"wp:featuredmedia":[{"embeddable":true,"href":"https:\/\/pepiniereslesdomaines.com\/en\/wp-json\/wp\/v2\/media\/88"}],"wp:attachment":[{"href":"https:\/\/pepiniereslesdomaines.com\/en\/wp-json\/wp\/v2\/media?parent=205"}],"curies":[{"name":"wp","href":"https:\/\/api.w.org\/{rel}","templated":true}]}}