{"id":207,"date":"2016-10-09T21:20:02","date_gmt":"2016-10-09T19:20:02","guid":{"rendered":"http:\/\/localhost:8888\/pepiniere-kepler\/?page_id=207"},"modified":"2018-07-26T16:34:57","modified_gmt":"2018-07-26T14:34:57","slug":"qualite-et-certification","status":"publish","type":"page","link":"https:\/\/pepiniereslesdomaines.com\/en\/plants-dagrumes\/qualite-et-certification\/","title":{"rendered":"Quality and certification","raw":"Quality and certification"},"content":{"rendered":"<p><span style=\"font-weight: 400;\">As the only one private and specialized in nursery, equipped with a sanitation laboratory in Morocco (plant control unit &#8211; UCP), the plant certification process at <\/span><i><span style=\"font-weight: 400;\">Les Domaines Agricoles<\/span><\/i> <span style=\"font-weight: 400;\">is fully integrated, allowing our company to ensure its clients a unfailing traceability. In this way, from seed farms to grafting plants, we control all the production phases and we are self-sufficient in terms of certified seeds.<\/span><\/p>\n<p><span style=\"font-weight: 400;\">This certification process is inclusive of \u00a0the establishment of timber wood yards, selection of clones and varieties, sanitation, health<\/span> <span style=\"font-weight: 400;\">control, verification of varietal authenticity and grafting.<\/span><\/p>\n<p><span style=\"font-weight: 400;\">Once grafted, the plant is raised under optimal conditions both in terms of substrate \u00a0quality <\/span><span style=\"font-weight: 400;\">and<\/span> <span style=\"font-weight: 400;\">raising<\/span> <span style=\"font-weight: 400;\">structures.<\/span><b><br \/>\n<\/b><\/p>\n<p><span style=\"font-weight: 400;\">Out of concern for continuous improvement and to meet the expectations of our customers, we have for some years set up<\/span> <span style=\"font-weight: 400;\">requirements specification, guaranteeing to all certified plants an \u00a0<\/span><span style=\"font-weight: 400;\">impeccable<\/span><span style=\"font-weight: 400;\"> quality<\/span><span style=\"font-weight: 400;\">.<\/span><\/p>\n","protected":false,"raw":"<span style=\"font-weight: 400;\">As the only one private and specialized in nursery, equipped with a sanitation laboratory in Morocco (plant control unit - UCP), the plant certification process at <\/span><i><span style=\"font-weight: 400;\">Les Domaines Agricoles<\/span><\/i> <span style=\"font-weight: 400;\">is fully integrated, allowing our company to ensure its clients a unfailing traceability. In this way, from seed farms to grafting plants, we control all the production phases and we are self-sufficient in terms of certified seeds.<\/span>\r\n\r\n<span style=\"font-weight: 400;\">This certification process is inclusive of \u00a0the establishment of timber wood yards, selection of clones and varieties, sanitation, health<\/span> <span style=\"font-weight: 400;\">control, verification of varietal authenticity and grafting.<\/span>\r\n\r\n<span style=\"font-weight: 400;\">Once grafted, the plant is raised under optimal conditions both in terms of substrate \u00a0quality <\/span><span style=\"font-weight: 400;\">and<\/span> <span style=\"font-weight: 400;\">raising<\/span> <span style=\"font-weight: 400;\">structures.<\/span><b>\r\n<\/b>\r\n\r\n<span style=\"font-weight: 400;\">Out of concern for continuous improvement and to meet the expectations of our customers, we have for some years set up<\/span> <span style=\"font-weight: 400;\">requirements specification, guaranteeing to all certified plants an \u00a0<\/span><span style=\"font-weight: 400;\">impeccable<\/span><span style=\"font-weight: 400;\"> quality<\/span><span style=\"font-weight: 400;\">.<\/span>"},"excerpt":{"rendered":"","protected":false,"raw":""},"author":1,"featured_media":88,"parent":90,"menu_order":5,"comment_status":"closed","ping_status":"closed","template":"page-contenu.php","meta":{"_en_post_content":"<span style=\"font-weight: 400;\">As the only one private and specialized in nursery, equipped with a sanitation laboratory in Morocco (plant control unit - UCP), the plant certification process at <\/span><i><span style=\"font-weight: 400;\">Les Domaines Agricoles<\/span><\/i> <span style=\"font-weight: 400;\">is fully integrated, allowing our company to ensure its clients a unfailing traceability. In this way, from seed farms to grafting plants, we control all the production phases and we are self-sufficient in terms of certified seeds.<\/span>\r\n\r\n<span style=\"font-weight: 400;\">This certification process is inclusive of \u00a0the establishment of timber wood yards, selection of clones and varieties, sanitation, health<\/span> <span style=\"font-weight: 400;\">control, verification of varietal authenticity and grafting.<\/span>\r\n\r\n<span style=\"font-weight: 400;\">Once grafted, the plant is raised under optimal conditions both in terms of substrate \u00a0quality <\/span><span style=\"font-weight: 400;\">and<\/span> <span style=\"font-weight: 400;\">raising<\/span> <span style=\"font-weight: 400;\">structures.<\/span><b>\r\n<\/b>\r\n\r\n<span style=\"font-weight: 400;\">Out of concern for continuous improvement and to meet the expectations of our customers, we have for some years set up<\/span> <span style=\"font-weight: 400;\">requirements specification, guaranteeing to all certified plants an \u00a0<\/span><span style=\"font-weight: 400;\">impeccable<\/span><span style=\"font-weight: 400;\"> quality<\/span><span style=\"font-weight: 400;\">.<\/span>","_en_post_name":"qualite-et-certification","_en_post_excerpt":"","_en_post_title":"Quality and certification","_fr_post_content":"Seul p\u00e9pini\u00e9riste priv\u00e9 disposant d\u2019un laboratoire d\u2019assainissement au Maroc (Unit\u00e9 de Contr\u00f4le des Plants - UCP), le processus de certification des plants aux Domaines Agricoles est totalement int\u00e9gr\u00e9, nous permettant de vous assurer une tra\u00e7abilit\u00e9 sans faille. Ainsi, des parcs semenciers aux greffons, nous ma\u00eetrisons l\u2019ensemble des phases de production et sommes autosuffisants en mati\u00e8re de semences certifi\u00e9es.\r\n\r\nCe processus de certification comprend la constitution de parcs \u00e0 bois, la s\u00e9lection de clones et de vari\u00e9t\u00e9s, l\u2019assainissement, le contr\u00f4le sanitaire, la v\u00e9rification de l\u2019authenticit\u00e9 vari\u00e9tale et le greffage.\r\n\r\nUne fois greff\u00e9, le plant est \u00e9lev\u00e9 dans des conditions optimales tant au niveau de la qualit\u00e9 du substrat que des structures d\u2019\u00e9levage.\r\n\r\nDans un souci d\u2019am\u00e9lioration continue et pour r\u00e9pondre aux attentes de nos clients, nous avons depuis quelques ann\u00e9es mis en place un cahier des charges des plus stricts, garantissant \u00e0 tous des plants certifi\u00e9s de qualit\u00e9 irr\u00e9prochable.","_fr_post_name":"qualite-et-certification","_fr_post_excerpt":"","_fr_post_title":"Qualit\u00e9 et certification","_ar_post_content":"\u062a\u062a\u0645 \u0639\u0645\u0644\u064a\u0629 \u0627\u0644\u062a\u0635\u062f\u064a\u0642 \u0639\u0644\u0649 \u0634\u062a\u0644\u0627\u062a \u0627\u0644\u0636\u064a\u0639\u0627\u062a \u0627\u0644\u0641\u0644\u0627\u062d\u064a\u0629 \u0628\u0637\u0631\u064a\u0642\u0629 \u0645\u0646\u062f\u0645\u062c\u0629 \u0643\u0644\u064a\u0627 \u0648 \u0630\u0644\u0643 \u0644\u0643\u0648\u0646\u0647 \u0627\u0644\u0645\u0634\u062a\u0644 \u0627\u0644\u062e\u0627\u0635 \u0627\u0644\u0648\u062d\u064a\u062f \u0627\u0644\u0645\u062a\u0648\u0641\u0631 \u0639\u0644\u0649 \u0645\u062e\u062a\u0628\u0631 \u0644\u0644\u0645\u0631\u0627\u0642\u0628\u0629 \u0641\u064a \u0627\u0644\u0645\u063a\u0631\u0628 \u00a0(\u0648\u062d\u062f\u0629 \u0645\u0631\u0627\u0642\u0628\u0629 \u0627\u0644\u0645\u0634\u0627\u062a\u0644) \u060c \u0645\u0645\u0627 \u064a\u0633\u0645\u062d \u0644\u0646\u0627 \u0628\u0636\u0645\u0627\u0646 \u0625\u0645\u0643\u0627\u0646\u064a\u0629 \u0627\u0644\u062a\u062a\u0628\u0639 \u0627\u0644\u0643\u0627\u0645\u0644 \u0648 \u0627\u0644\u062a\u062d\u0643\u0645 \u0641\u064a \u062c\u0645\u064a\u0639 \u0645\u0631\u0627\u062d\u0644 \u0627\u0644\u0625\u0646\u062a\u0627\u062c \u0643\u0645\u0627 \u0646\u062d\u0642\u0642 \u0627\u0644\u0627\u0643\u062a\u0641\u0627\u0621 \u0627\u0644\u0630\u0627\u062a\u064a \u0641\u064a\u0645\u0627 \u064a\u062e\u0635 \u0627\u0644\u0628\u0630\u0648\u0631 \u0627\u0644\u0645\u0639\u062a\u0645\u062f\u0629.\r\n\r\n\u0648\u062a\u0634\u0645\u0644 \u0639\u0645\u0644\u064a\u0629 \u0627\u0644\u062a\u0635\u062f\u064a\u0642 \u0647\u0630\u0647\u060c \u0625\u0646\u0634\u0627\u0621 \u0623\u0634\u062c\u0627\u0631 \u0627\u0644\u0623\u0645\u060c \u0627\u062e\u062a\u064a\u0627\u0631 \u0623\u0646\u0648\u0627\u0639 \u0627\u0644\u0623\u0635\u0646\u0627\u0641 \u0648\u0627\u0644\u0645\u0633\u062a\u0646\u0633\u062e\u0627\u062a\u060c \u0627\u0644\u0645\u0639\u0627\u0644\u062c\u0629 \u0648\u0627\u0644\u062a\u0637\u0647\u064a\u0631\u060c \u0627\u0644\u0645\u0631\u0627\u0642\u0628\u0629 \u0627\u0644\u0635\u062d\u064a\u0629\u060c \u0627\u0644\u062a\u062d\u0642\u0642 \u0645\u0646 \u0635\u062d\u0629 \u0627\u0644\u0623\u0635\u0646\u0627\u0641 \u0648\u0627\u0644\u062a\u0637\u0639\u064a\u0645.\r\n\r\n\u0639\u0646\u062f \u0627\u0644\u062a\u0637\u0639\u064a\u0645\u060c \u062a\u062a\u0645 \u062a\u0631\u0628\u064a\u0629 \u0627\u0644\u0634\u062a\u0644\u0627\u062a \u0641\u064a \u0638\u0631\u0648\u0641 \u062c\u064a\u062f\u0629 \u0633\u0648\u0627\u0621 \u0645\u0646 \u062d\u064a\u062b \u062c\u0648\u062f\u0629 \u0627\u0644\u0631\u0643\u064a\u0632\u0629 \u0623\u0648 \u0647\u064a\u0627\u0643\u0644 \u0627\u0644\u0645\u0632\u0631\u0639\u0629.\r\n\r\n\u0645\u0646 \u0623\u062c\u0644 \u0627\u0644\u062a\u062d\u0633\u064a\u0646 \u0627\u0644\u0645\u0633\u062a\u0645\u0631\u060c \u0648\u0644\u062a\u0644\u0628\u064a\u0629 \u062a\u0648\u0642\u0639\u0627\u062a \u0634\u0631\u0643\u0627\u0626\u0646\u0627\u060c \u0642\u0645\u0646\u0627 \u0645\u0646\u0630 \u0633\u0646\u0648\u0627\u062a \u0639\u062f\u064a\u062f\u0629 \u0628\u0625\u0639\u062f\u0627\u062f \u062f\u0641\u062a\u0631 \u0644\u0644\u062a\u062d\u0645\u0644\u0627\u062a \u062c\u062f \u0635\u0627\u0631\u0645\u060c \u0648\u0630\u0644\u0643 \u0644\u0636\u0645\u0627\u0646 \u0634\u062a\u0644\u0627\u062a \u0645\u0635\u0627\u062f\u0642 \u0639\u0644\u064a\u0647\u0627 \u0648\u0630\u0627\u062a \u062c\u0648\u062f\u0629 \u0627\u0633\u062a\u062b\u0646\u0627\u0626\u064a\u0629","_ar_post_name":"%d8%a7%d9%84%d8%ac%d9%88%d8%af%d8%a9-%d9%88%d8%a7%d9%84%d8%b4%d9%87%d8%a7%d8%af%d8%a7%d8%aa","_ar_post_excerpt":"","_ar_post_title":"\u0627\u0644\u062c\u0648\u062f\u0629 \u0648\u0627\u0644\u0634\u0647\u0627\u062f\u0627\u062a","edit_language":"en"},"_links":{"self":[{"href":"https:\/\/pepiniereslesdomaines.com\/en\/wp-json\/wp\/v2\/pages\/207"}],"collection":[{"href":"https:\/\/pepiniereslesdomaines.com\/en\/wp-json\/wp\/v2\/pages"}],"about":[{"href":"https:\/\/pepiniereslesdomaines.com\/en\/wp-json\/wp\/v2\/types\/page"}],"author":[{"embeddable":true,"href":"https:\/\/pepiniereslesdomaines.com\/en\/wp-json\/wp\/v2\/users\/1"}],"replies":[{"embeddable":true,"href":"https:\/\/pepiniereslesdomaines.com\/en\/wp-json\/wp\/v2\/comments?post=207"}],"version-history":[{"count":15,"href":"https:\/\/pepiniereslesdomaines.com\/en\/wp-json\/wp\/v2\/pages\/207\/revisions"}],"predecessor-version":[{"id":1238,"href":"https:\/\/pepiniereslesdomaines.com\/en\/wp-json\/wp\/v2\/pages\/207\/revisions\/1238"}],"up":[{"embeddable":true,"href":"https:\/\/pepiniereslesdomaines.com\/en\/wp-json\/wp\/v2\/pages\/90"}],"wp:featuredmedia":[{"embeddable":true,"href":"https:\/\/pepiniereslesdomaines.com\/en\/wp-json\/wp\/v2\/media\/88"}],"wp:attachment":[{"href":"https:\/\/pepiniereslesdomaines.com\/en\/wp-json\/wp\/v2\/media?parent=207"}],"curies":[{"name":"wp","href":"https:\/\/api.w.org\/{rel}","templated":true}]}}