{"id":231,"date":"2016-10-09T22:08:03","date_gmt":"2016-10-09T20:08:03","guid":{"rendered":"http:\/\/localhost:8888\/pepiniere-kepler\/?page_id=231"},"modified":"2018-08-02T11:44:34","modified_gmt":"2018-08-02T09:44:34","slug":"quality-and-certification","status":"publish","type":"page","link":"https:\/\/pepiniereslesdomaines.com\/en\/vitroplants-de-palmier-dattier\/quality-and-certification\/","title":{"rendered":"Quality and certification","raw":"Quality and certification"},"content":{"rendered":"<p>Since 2008, the laboratory El Bassatine, as a producer of vitroplants of date palms among others, has been equipped with a certified management system of quality (MSQ) ISO2000 of 2005 version and it makes up an integral part of a new approach of quality: integrated system ISO 2200- ISO 9001 GLOBALGAP, Management of Safety Risk, and Environmental Risks Management .<br \/>\nIn 2015, the El Bassatine laboratory provided the production of the first batch of certified plants at a national level, and according to the ONSSA procedure.<\/p>\n<p style=\"text-align: justify;\"><strong>Our Quality Management System is based on the following four essential axes:<\/strong><\/p>\n<p style=\"padding-left: 10px;\"><i class=\"fa fa-angle-right\"><\/i> The satisfaction of our customers,<br \/>\n<i class=\"fa fa-angle-right\"><\/i> Security<br \/>\n<i class=\"fa fa-angle-right\"><\/i> Human resources development<br \/>\n<i class=\"fa fa-angle-right\"><\/i> Ongoing evaluation of the performance of our suppliers.<\/p>\n<p style=\"text-align: justify;\"><strong>Our Quality Management System allows for:<\/strong><\/p>\n<p style=\"padding-left: 10px;\"><i class=\"fa fa-angle-right\"><\/i> The continuous provision of products meeting the stringent quality standards and requirements.<br \/>\n<i class=\"fa fa-angle-right\"><\/i> Ensurance of full traceability and preventing varietal mixing.<br \/>\n<i class=\"fa fa-angle-right\"><\/i> Taking advantage of an organized and rigorous communication with our commercial partners.<br \/>\n<i class=\"fa fa-angle-right\"><\/i> Strengthening the trust of our customers.<\/p>\n","protected":false,"raw":"Since 2008, the laboratory El Bassatine, as a producer of vitroplants of date palms among others, has been equipped with a certified management system of quality (MSQ) ISO2000 of 2005 version and it makes up an integral part of a new approach of quality: integrated system ISO 2200- ISO 9001 GLOBALGAP, Management of Safety Risk, and Environmental Risks Management .\r\nIn 2015, the El Bassatine laboratory provided the production of the first batch of certified plants at a national level, and according to the ONSSA procedure.\r\n<p style=\"text-align: justify;\"><strong>Our Quality Management System is based on the following four essential axes:<\/strong><\/p>\r\n<p style=\"padding-left: 10px;\"><i class=\"fa fa-angle-right\"><\/i> The satisfaction of our customers,\r\n<i class=\"fa fa-angle-right\"><\/i> Security\r\n<i class=\"fa fa-angle-right\"><\/i> Human resources development\r\n<i class=\"fa fa-angle-right\"><\/i> Ongoing evaluation of the performance of our suppliers.<\/p>\r\n<p style=\"text-align: justify;\"><strong>Our Quality Management System allows for:<\/strong><\/p>\r\n<p style=\"padding-left: 10px;\"><i class=\"fa fa-angle-right\"><\/i> The continuous provision of products meeting the stringent quality standards and requirements.\r\n<i class=\"fa fa-angle-right\"><\/i> Ensurance of full traceability and preventing varietal mixing.\r\n<i class=\"fa fa-angle-right\"><\/i> Taking advantage of an organized and rigorous communication with our commercial partners.\r\n<i class=\"fa fa-angle-right\"><\/i> Strengthening the trust of our customers.<\/p>"},"excerpt":{"rendered":"","protected":false,"raw":""},"author":1,"featured_media":56,"parent":57,"menu_order":2,"comment_status":"closed","ping_status":"closed","template":"page-contenu.php","meta":{"_en_post_content":"Since 2008, the laboratory El Bassatine, as a producer of vitroplants of date palms among others, has been equipped with a certified management system of quality (MSQ) ISO2000 of 2005 version and it makes up an integral part of a new approach of quality: integrated system ISO 2200- ISO 9001 GLOBALGAP, Management of Safety Risk, and Environmental Risks Management .\r\nIn 2015, the El Bassatine laboratory provided the production of the first batch of certified plants at a national level, and according to the ONSSA procedure.\r\n<p style=\"text-align: justify;\"><strong>Our Quality Management System is based on the following four essential axes:<\/strong><\/p>\r\n<p style=\"padding-left: 10px;\"><i class=\"fa fa-angle-right\"><\/i> The satisfaction of our customers,\r\n<i class=\"fa fa-angle-right\"><\/i> Security\r\n<i class=\"fa fa-angle-right\"><\/i> Human resources development\r\n<i class=\"fa fa-angle-right\"><\/i> Ongoing evaluation of the performance of our suppliers.<\/p>\r\n<p style=\"text-align: justify;\"><strong>Our Quality Management System allows for:<\/strong><\/p>\r\n<p style=\"padding-left: 10px;\"><i class=\"fa fa-angle-right\"><\/i> The continuous provision of products meeting the stringent quality standards and requirements.\r\n<i class=\"fa fa-angle-right\"><\/i> Ensurance of full traceability and preventing varietal mixing.\r\n<i class=\"fa fa-angle-right\"><\/i> Taking advantage of an organized and rigorous communication with our commercial partners.\r\n<i class=\"fa fa-angle-right\"><\/i> Strengthening the trust of our customers.<\/p>","_en_post_name":"quality-and-certification","_en_post_excerpt":"","_en_post_title":"Quality and certification","_fr_post_content":"Depuis 2008, le laboratoire El Bassatine, producteur de vitroplants de palmiers dattiers entre autres, est dot\u00e9 d\u2019un syst\u00e8me de management de la qualit\u00e9 (SMQ) certifi\u00e9 ISO2000 version 2005 et s\u2019est inscrit dans une nouvelle d\u00e9marche qualit\u00e9\u00a0: syst\u00e8me int\u00e9gr\u00e9 ISO 22000- ISO 9001 GLOBALGAP, gestion des risques de s\u00e9curit\u00e9, gestion des risques environnementaux.\r\n\r\nEN 2015, le laboratoire El Bassatine a assur\u00e9 la production du premier lot de plants certifi\u00e9s au niveau national selon la proc\u00e9dure ONSSA.\r\n<p style=\"text-align: justify;\"><strong>Notre Syst\u00e8me Management Qualit\u00e9 s\u2019articule autour de quatre axes :<\/strong><\/p>\r\n<p style=\"padding-left: 10px;\"><i class=\"fa fa-angle-right\"><\/i> La satisfaction de nos clients,\r\n<i class=\"fa fa-angle-right\"><\/i> La s\u00e9curit\u00e9,\r\n<i class=\"fa fa-angle-right\"><\/i> Le d\u00e9veloppement des ressources humaines,\r\n<i class=\"fa fa-angle-right\"><\/i> L\u2019\u00e9valuation permanente de la performance de nos fournisseurs.<\/p>\r\n<p style=\"text-align: justify;\"><strong>Notre Syst\u00e8me Management Qualit\u00e9 permet de :<\/strong><\/p>\r\n<p style=\"padding-left: 10px;\"><i class=\"fa fa-angle-right\"><\/i> Fournir en permanence des produits r\u00e9pondant aux normes rigoureuses de qualit\u00e9.\r\n<i class=\"fa fa-angle-right\"><\/i> Garantir une tra\u00e7abilit\u00e9 totale et pr\u00e9venir le m\u00e9lange vari\u00e9tal.\r\n<i class=\"fa fa-angle-right\"><\/i> B\u00e9n\u00e9ficier d\u2019une communication organis\u00e9e et rigoureuse avec nos partenaires commerciaux.\r\n<i class=\"fa fa-angle-right\"><\/i> Renforcer la confiance de nos clients.<\/p>","_fr_post_name":"qualite-et-certification-2","_fr_post_excerpt":"","_fr_post_title":"Qualit\u00e9 et certification","_ar_post_content":"\u0645\u0646\u0630 \u0641\u0628\u0631\u0627\u064a\u0631 2008\u060c \u064a\u0639\u062a\u0645\u062f \u0645\u062e\u062a\u0628\u0631 \u0627\u0644\u0628\u0633\u0627\u062a\u064a\u0646\u060c \u0628\u0627\u0639\u062a\u0628\u0627\u0631\u0647 \u0645\u0646\u062a\u062c\u0627 \u0644\u0634\u062a\u0644\u0627\u062a \u0627\u0644\u0646\u062e\u064a\u0644 \u0627\u0644\u0646\u0633\u064a\u062c\u064a\u0629 \u0648\u063a\u064a\u0631\u0647\u0627\u060c \u0639\u0644\u0649 \u0646\u0638\u0627\u0645 \u062a\u062f\u0628\u064a\u0631 \u0627\u0644\u062c\u0648\u062f\u0629 (SMQ) \u0645\u0635\u0627\u062f\u0642 \u0639\u0644\u064a\u0647 \u0637\u0628\u0642\u0627 \u0644\u0645\u062a\u0637\u0644\u0628\u0627\u062a \u0634\u0647\u0627\u062f\u0629 ISO 22000 \u0646\u0633\u062e\u0629 2005.\r\n\r\n\u0643\u0645\u0627 \u0623\u0646\u0647\u0627 \u0627\u0646\u062e\u0631\u0637\u062a \u0641\u064a \u0645\u062e\u0637\u0637\u0627\u062a \u062c\u062f\u064a\u062f\u0629 \u0644\u0644\u062c\u0648\u062f\u0629 \u0648\u0630\u0644\u0643 \u0639\u0628\u0631: \u0627\u0644\u062a\u0648\u0641\u0631 \u0639\u0644\u0649 \u0646\u0638\u0627\u0645 \u0645\u062a\u0643\u0627\u0645\u0644 ISO 22000 \u2013 2005\u060c GLOBALGAP\u060c \u0646\u0638\u0627\u0645 \u062a\u062f\u0628\u064a\u0631 \u0627\u0644\u0623\u062e\u0637\u0627\u0631 \u0627\u0644\u0645\u062a\u0639\u0644\u0642\u0629 \u0628\u0627\u0644\u0633\u0644\u0627\u0645\u0629\u060c \u0646\u0638\u0627\u0645 \u062a\u062f\u0628\u064a\u0631 \u0627\u0644\u0645\u062e\u0627\u0637\u0631 \u0627\u0644\u0628\u064a\u0626\u064a\u0629.\r\n\r\n\u0628\u0631\u0633\u0645 \u0633\u0646\u0629 2015\u060c \u062a\u0645 \u0625\u0646\u062a\u0627\u062c \u0623\u0648\u0644 \u062f\u0641\u0639\u0629 \u0645\u0646 \u0627\u0644\u0634\u062a\u0644\u0627\u062a \u0627\u0644\u0645\u0639\u062a\u0645\u062f\u0629 \u0639\u0644\u0649 \u0627\u0644\u0645\u0633\u062a\u0648\u0649 \u0627\u0644\u0648\u0637\u0646\u064a \u0648\u0641\u0642\u0627 \u0644\u0645\u0639\u0627\u064a\u064a\u0631 \u0627\u0644\u0645\u0643\u062a\u0628 \u0627\u0644\u0648\u0637\u0646\u064a \u0644\u0644\u0633\u0644\u0627\u0645\u0629 \u0627\u0644\u0635\u062d\u064a\u0629 \u0644\u0644\u0645\u0646\u062a\u062c\u0627\u062a \u0627\u0644\u063a\u0630\u0627\u0626\u064a\u0629 ONSSA.\r\n<p style=\"text-align: justify;\"><strong>\u064a\u062a\u0645\u062d\u0648\u0631 \u0646\u0638\u0627\u0645\u0646\u0627 SMQ \u062a\u062f\u0628\u064a\u0631 \u0627\u0644\u062c\u0648\u062f\u0629 \u0639\u0644\u0649 \u0623\u0631\u0628\u0639 \u0646\u0642\u0637:\r\n<\/strong><\/p>\r\n<p style=\"padding-left: 10px;\"><i class=\"fa fa-angle-right\"><\/i> \u0625\u0631\u0636\u0627\u0621 \u0632\u0628\u0646\u0627\u0626\u0646\u0627\r\n<i class=\"fa fa-angle-right\"><\/i> \u0627\u0644\u0633\u0644\u0627\u0645\u0629 \u0627\u0644\u063a\u0630\u0627\u0626\u064a\u0629\r\n<i class=\"fa fa-angle-right\"><\/i> \u062a\u0637\u0648\u064a\u0631 \u0627\u0644\u0645\u0648\u0627\u0631\u062f \u0627\u0644\u0628\u0634\u0631\u064a\u0629\r\n<i class=\"fa fa-angle-right\"><\/i> \u062a\u0642\u064a\u064a\u0645 \u0645\u0633\u062a\u0645\u0631 \u0644\u0643\u0641\u0627\u0621\u0629 \u0627\u0644\u0645\u0645\u0648\u0646\u064a\u0646<\/p>\r\n<p style=\"text-align: justify;\"><strong>\u064a\u0645\u0643\u0646\u0646\u0627 \u0646\u0638\u0627\u0645 SMQ \u0645\u0646 \u062a\u062f\u0628\u064a\u0631 \u0627\u0644\u062c\u0648\u062f\u0629 \u0645\u0646 \u062e\u0644\u0627\u0644:<\/strong><\/p>\r\n<p style=\"padding-left: 10px;\"><i class=\"fa fa-angle-right\"><\/i> \u062a\u0648\u0641\u064a\u0631 \u0645\u0646\u062a\u062c\u0627\u062a \u062a\u0644\u0628\u064a \u0645\u0639\u0627\u064a\u064a\u0631 \u0627\u0644\u062c\u0648\u062f\u0629 \u0627\u0644\u0623\u0643\u062b\u0631 \u0635\u0631\u0627\u0645\u0629.\r\n<i class=\"fa fa-angle-right\"><\/i> \u0636\u0645\u0627\u0646 \u0627\u0644\u062a\u062a\u0628\u0639 \u0627\u0644\u0643\u0627\u0645\u0644 \u0648\u0645\u0646\u0639 \u0627\u062e\u062a\u0644\u0627\u0637 \u0627\u0644\u0623\u0635\u0646\u0627\u0641.\r\n<i class=\"fa fa-angle-right\"><\/i> \u0636\u0645\u0627\u0646 \u062a\u0648\u0627\u0635\u0644 \u062f\u0627\u0626\u0645 \u0645\u0639 \u0634\u0631\u0643\u0627\u0626\u0646\u0627 \u0627\u0644\u062a\u062c\u0627\u0631\u064a\u064a\u0646.\r\n<i class=\"fa fa-angle-right\"><\/i> \u062a\u0639\u0632\u064a\u0632 \u062b\u0642\u0629 \u0632\u0628\u0646\u0627\u0626\u0646\u0627<\/p>","_ar_post_name":"%d8%a7%d9%84%d8%ac%d9%88%d8%af%d8%a9-%d9%88%d8%a7%d9%84%d8%b4%d9%87%d8%a7%d8%af%d8%a7%d8%aa","_ar_post_excerpt":"","_ar_post_title":"\u0627\u0644\u062c\u0648\u062f\u0629 \u0648\u0627\u0644\u0634\u0647\u0627\u062f\u0627\u062a","edit_language":"en"},"_links":{"self":[{"href":"https:\/\/pepiniereslesdomaines.com\/en\/wp-json\/wp\/v2\/pages\/231"}],"collection":[{"href":"https:\/\/pepiniereslesdomaines.com\/en\/wp-json\/wp\/v2\/pages"}],"about":[{"href":"https:\/\/pepiniereslesdomaines.com\/en\/wp-json\/wp\/v2\/types\/page"}],"author":[{"embeddable":true,"href":"https:\/\/pepiniereslesdomaines.com\/en\/wp-json\/wp\/v2\/users\/1"}],"replies":[{"embeddable":true,"href":"https:\/\/pepiniereslesdomaines.com\/en\/wp-json\/wp\/v2\/comments?post=231"}],"version-history":[{"count":9,"href":"https:\/\/pepiniereslesdomaines.com\/en\/wp-json\/wp\/v2\/pages\/231\/revisions"}],"predecessor-version":[{"id":795,"href":"https:\/\/pepiniereslesdomaines.com\/en\/wp-json\/wp\/v2\/pages\/231\/revisions\/795"}],"up":[{"embeddable":true,"href":"https:\/\/pepiniereslesdomaines.com\/en\/wp-json\/wp\/v2\/pages\/57"}],"wp:featuredmedia":[{"embeddable":true,"href":"https:\/\/pepiniereslesdomaines.com\/en\/wp-json\/wp\/v2\/media\/56"}],"wp:attachment":[{"href":"https:\/\/pepiniereslesdomaines.com\/en\/wp-json\/wp\/v2\/media?parent=231"}],"curies":[{"name":"wp","href":"https:\/\/api.w.org\/{rel}","templated":true}]}}