{"id":239,"date":"2016-10-09T23:05:30","date_gmt":"2016-10-09T21:05:30","guid":{"rendered":"http:\/\/localhost:8888\/pepiniere-kepler\/?page_id=239"},"modified":"2018-06-20T17:00:33","modified_gmt":"2018-06-20T15:00:33","slug":"nos-vitroplants-de-bananier","status":"publish","type":"page","link":"https:\/\/pepiniereslesdomaines.com\/en\/nos-vitroplants-de-bananier\/","title":{"rendered":"VITROPLANTS OF BANANA TREE","raw":"VITROPLANTS OF BANANA TREE"},"content":{"rendered":"<p class=\"p1\"><span class=\"s1\"><img loading=\"lazy\" class=\"alignright wp-image-377 size-medium\" src=\"http:\/\/kepler.agency\/pepinieres\/wp-content\/uploads\/2016\/10\/Pix-SP-368-300x200.jpg\" alt=\"Vitroplants de bananier\" width=\"300\" height=\"200\" srcset=\"https:\/\/pepiniereslesdomaines.com\/wp-content\/uploads\/2016\/10\/Pix-SP-368-300x200.jpg 300w, https:\/\/pepiniereslesdomaines.com\/wp-content\/uploads\/2016\/10\/Pix-SP-368-768x512.jpg 768w, https:\/\/pepiniereslesdomaines.com\/wp-content\/uploads\/2016\/10\/Pix-SP-368-1024x683.jpg 1024w\" sizes=\"(max-width: 300px) 100vw, 300px\" \/><\/span><\/p>\n<p><span style=\"font-weight: 400;\">Strengthened by its great expertise in the field of \u00a0sanitation techniques, and in-vitro cultivations, our company <\/span><i><span style=\"font-weight: 400;\">Les Domaines Agricoles <\/span><\/i><span style=\"font-weight: 400;\">has been producing banana vitro plants for several years.<\/span><\/p>\n<p><span style=\"font-weight: 400;\">These vitro-plants are acclimated to our nurseries located in the two major regions of banana production in Morocco, namely Gharb and Souss.<\/span><\/p>\n<p class=\"p1\"><span class=\"s1\">\u00a0<\/span><\/p>\n","protected":false,"raw":"<p class=\"p1\"><span class=\"s1\"><img class=\"alignright wp-image-377 size-medium\" src=\"http:\/\/kepler.agency\/pepinieres\/wp-content\/uploads\/2016\/10\/Pix-SP-368-300x200.jpg\" alt=\"Vitroplants de bananier\" width=\"300\" height=\"200\" \/><\/span><\/p>\r\n<span style=\"font-weight: 400;\">Strengthened by its great expertise in the field of \u00a0sanitation techniques, and in-vitro cultivations, our company <\/span><i><span style=\"font-weight: 400;\">Les Domaines Agricoles <\/span><\/i><span style=\"font-weight: 400;\">has been producing banana vitro plants for several years.<\/span>\r\n\r\n<span style=\"font-weight: 400;\">These vitro-plants are acclimated to our nurseries located in the two major regions of banana production in Morocco, namely Gharb and Souss.<\/span>\r\n<p class=\"p1\"><span class=\"s1\">\u00a0<\/span><\/p>"},"excerpt":{"rendered":"","protected":false,"raw":""},"author":1,"featured_media":323,"parent":0,"menu_order":0,"comment_status":"closed","ping_status":"closed","template":"page-contenu.php","meta":{"_en_post_content":"<p class=\"p1\"><span class=\"s1\"><img class=\"alignright wp-image-377 size-medium\" src=\"http:\/\/kepler.agency\/pepinieres\/wp-content\/uploads\/2016\/10\/Pix-SP-368-300x200.jpg\" alt=\"Vitroplants de bananier\" width=\"300\" height=\"200\" \/><\/span><\/p>\r\n<span style=\"font-weight: 400;\">Strengthened by its great expertise in the field of \u00a0sanitation techniques, and in-vitro cultivations, our company <\/span><i><span style=\"font-weight: 400;\">Les Domaines Agricoles <\/span><\/i><span style=\"font-weight: 400;\">has been producing banana vitro plants for several years.<\/span>\r\n\r\n<span style=\"font-weight: 400;\">These vitro-plants are acclimated to our nurseries located in the two major regions of banana production in Morocco, namely Gharb and Souss.<\/span>\r\n<p class=\"p1\"><span class=\"s1\">\u00a0<\/span><\/p>","_en_post_name":"nos-vitroplants-de-bananier","_en_post_excerpt":"","_en_post_title":"VITROPLANTS OF BANANA TREE","_fr_post_content":"<p class=\"p1\"><span class=\"s1\"><img class=\"alignright wp-image-377 size-medium\" src=\"http:\/\/kepler.agency\/pepinieres\/wp-content\/uploads\/2016\/10\/Pix-SP-368-300x200.jpg\" alt=\"Vitroplants de bananier\" width=\"300\" height=\"200\" \/>Forts de leur savoir-faire en mati\u00e8re de techniques d\u2019assainissement et de cultures in vitro, les Do<\/span>maines Agricoles produisent depuis plusieurs ann\u00e9es des vitro-plants de bananier.<\/p>\r\n<p class=\"p1\"><span class=\"s1\">Ces vitro-plants sont acclimat\u00e9s au niveau de nos p\u00e9pini\u00e8res situ\u00e9es dans les deux grandes r\u00e9gions de production de bananes du Maroc, le Gharb et le Souss.<\/span><\/p>","_fr_post_name":"nos-vitroplants-de-bananier","_fr_post_excerpt":"","_fr_post_title":"Vitroplants de bananier","_ar_post_content":"<p class=\"p1\"><span class=\"s1\"><img class=\"wp-image-377 size-medium alignleft\" src=\"http:\/\/kepler.agency\/pepinieres\/wp-content\/uploads\/2016\/10\/Pix-SP-368-300x200.jpg\" alt=\"Vitroplants de bananier\" width=\"300\" height=\"200\" \/><\/span><\/p>\r\n<p class=\"m_-9073591673936843182gmail-m_6640875306497810720ydp1aa94bbcMsoNormal\" dir=\"RTL\"><span lang=\"AR-SA\">\u0628\u0641\u0636\u0644 \u062e\u0628\u0631\u062a\u0647\u0627 \u0641\u064a \u062a\u0642\u0646\u064a\u0627\u062a \u0627\u0644\u062a\u0637\u0647\u064a\u0631 \u0648\u0632\u0631\u0627\u0639\u0629 \u0627\u0644\u0623\u0646\u0633\u062c\u0629\u060c \u062a\u0642\u0648\u0645 \u0627\u0644\u0636\u064a\u0639\u0627\u062a \u0627\u0644\u0641\u0644\u0627\u062d\u064a\u0629 \u0628\u0625\u0646\u062a\u0627\u062c \u0634\u062a\u0644\u0627\u062a \u0627\u0644\u0645\u0648\u0632 \u0627\u0644\u0646\u0633\u064a\u062c\u064a\u0629 \u0645\u0646\u0630 \u0639\u062f\u0629 \u0633\u0646\u0648\u0627\u062a.<\/span><\/p>\r\n<p class=\"m_-9073591673936843182gmail-m_6640875306497810720ydp1aa94bbcMsoNormal\" dir=\"RTL\"><span lang=\"AR-SA\">\u062a\u0645 \u062a\u062c\u0647\u064a\u0632 \u0647\u0630\u0647 \u0627\u0644\u0634\u062a\u0644\u0627\u062a \u0627\u0644\u0646\u0633\u064a\u062c\u064a\u0629 \u0639\u0644\u0649 \u0645\u0633\u062a\u0648\u0649 \u0645\u0634\u0627\u062a\u0644\u0646\u0627 \u0627\u0644\u0645\u062a\u0648\u0627\u062c\u062f\u0629 \u0641\u064a \u0627\u0644\u0645\u0646\u0637\u0642\u062a\u064a\u0646 \u0627\u0644\u0631\u0626\u064a\u0633\u064a\u062a\u064a\u0646 \u0644\u0625\u0646\u062a\u0627\u062c \u0627\u0644\u0645\u0648\u0632 \u0641\u064a \u0627\u0644\u0645\u063a\u0631\u0628 (\u0627\u0644\u063a\u0631\u0628 \u0648\u0633\u0648\u0633).<\/span><\/p>\r\n<p class=\"p1\"><span class=\"s1\">\u00a0<\/span><\/p>","_ar_post_name":"nos-vitroplants-de-bananier","_ar_post_excerpt":"","_ar_post_title":"\u0634\u062a\u0644\u0627\u062a \u0627\u0644\u0645\u0648\u0632","edit_language":"en"},"_links":{"self":[{"href":"https:\/\/pepiniereslesdomaines.com\/en\/wp-json\/wp\/v2\/pages\/239"}],"collection":[{"href":"https:\/\/pepiniereslesdomaines.com\/en\/wp-json\/wp\/v2\/pages"}],"about":[{"href":"https:\/\/pepiniereslesdomaines.com\/en\/wp-json\/wp\/v2\/types\/page"}],"author":[{"embeddable":true,"href":"https:\/\/pepiniereslesdomaines.com\/en\/wp-json\/wp\/v2\/users\/1"}],"replies":[{"embeddable":true,"href":"https:\/\/pepiniereslesdomaines.com\/en\/wp-json\/wp\/v2\/comments?post=239"}],"version-history":[{"count":10,"href":"https:\/\/pepiniereslesdomaines.com\/en\/wp-json\/wp\/v2\/pages\/239\/revisions"}],"predecessor-version":[{"id":1170,"href":"https:\/\/pepiniereslesdomaines.com\/en\/wp-json\/wp\/v2\/pages\/239\/revisions\/1170"}],"wp:featuredmedia":[{"embeddable":true,"href":"https:\/\/pepiniereslesdomaines.com\/en\/wp-json\/wp\/v2\/media\/323"}],"wp:attachment":[{"href":"https:\/\/pepiniereslesdomaines.com\/en\/wp-json\/wp\/v2\/media?parent=239"}],"curies":[{"name":"wp","href":"https:\/\/api.w.org\/{rel}","templated":true}]}}