{"id":245,"date":"2016-10-09T23:13:37","date_gmt":"2016-10-09T21:13:37","guid":{"rendered":"http:\/\/localhost:8888\/pepiniere-kepler\/?page_id=245"},"modified":"2018-08-02T11:45:37","modified_gmt":"2018-08-02T09:45:37","slug":"quality-and-certification","status":"publish","type":"page","link":"https:\/\/pepiniereslesdomaines.com\/en\/nos-vitroplants-de-bananier\/quality-and-certification\/","title":{"rendered":"Quality and Certification","raw":"Quality and Certification"},"content":{"rendered":"<p style=\"text-align: justify;\">Our laboratory takes pride in its long experience in production of banana in-vitroplants. The large-scale production of high quality banana plants in our laboratory has contributed, to a great extent, to the development of this sector in Morocco.<\/p>\n<p style=\"text-align: justify;\">Our quality system not only ensures the traceability of the batches, but also guarantees optimal conditions of production of the plants at all levels. The essential objectif of our firm is to provide homogeneous plants, free from diseases or pests, giving a high quality and homogeneous production.<\/p>\n<p style=\"text-align: justify;\"><strong>A quality plant material<\/strong><\/p>\n<p style=\"text-align: justify;\">Obtained by in-vitro cultivation, the banana plants produced by Les Domaines Agricoles are efficient and of high quality.<\/p>\n<p style=\"text-align: justify;\"><strong>Health quality<\/strong><\/p>\n<p style=\"text-align: justify;\">The major advantage of vitroplant, compared to rejection, resides in the absence of nematodes on the planting material. The use of banana Vitroplants of Les Domaines Agricoles on healthy soils considerably reduces nematicide treatments, associating high yields with lower pesticide use.<\/p>\n<p style=\"text-align: justify;\"><strong>Agronomic quality<\/strong><\/p>\n<p style=\"text-align: justify;\">The Banana Plant Vitroplants of Les Domaines Agricoles stand out for a high vigor, a better homogeneity of growth, and a productivity that is superior to that obtained with conventional planting material.<\/p>\n<p style=\"text-align: justify;\"><strong>Available throughout the year<\/strong><\/p>\n<p style=\"text-align: justify;\">With the use of vitroplants, Les Domaines Agricoles is able to satisfy your needs in quantity of plants throughout the year, thus facilitating the management of your farms.<\/p>\n<p style=\"text-align: justify;\"><strong>With personalized assistance<\/strong><\/p>\n<p style=\"text-align: justify;\">Our nurseries, located in Souss and Gharb, the main production areas, are equipped with all the technical, logistical and human resources to provide you not only with quality plants, but also with advice, ensuring a rigorous follow-up so that your production&#8217;s goals are well achieved.<\/p>\n","protected":false,"raw":"<p style=\"text-align: justify;\">Our laboratory takes pride in its long experience in production of banana in-vitroplants. The large-scale production of high quality banana plants in our laboratory has contributed, to a great extent, to the development of this sector in Morocco.<\/p>\r\n<p style=\"text-align: justify;\">Our quality system not only ensures the traceability of the batches, but also guarantees optimal conditions of production of the plants at all levels. The essential objectif of our firm is to provide homogeneous plants, free from diseases or pests, giving a high quality and homogeneous production.<\/p>\r\n<p style=\"text-align: justify;\"><strong>A quality plant material<\/strong><\/p>\r\n<p style=\"text-align: justify;\">Obtained by in-vitro cultivation, the banana plants produced by Les Domaines Agricoles are efficient and of high quality.<\/p>\r\n<p style=\"text-align: justify;\"><strong>Health quality<\/strong><\/p>\r\n<p style=\"text-align: justify;\">The major advantage of vitroplant, compared to rejection, resides in the absence of nematodes on the planting material. The use of banana Vitroplants of Les Domaines Agricoles on healthy soils considerably reduces nematicide treatments, associating high yields with lower pesticide use.<\/p>\r\n<p style=\"text-align: justify;\"><strong>Agronomic quality<\/strong><\/p>\r\n<p style=\"text-align: justify;\">The Banana Plant Vitroplants of Les Domaines Agricoles stand out for a high vigor, a better homogeneity of growth, and a productivity that is superior to that obtained with conventional planting material.<\/p>\r\n<p style=\"text-align: justify;\"><strong>Available throughout the year<\/strong><\/p>\r\n<p style=\"text-align: justify;\">With the use of vitroplants, Les Domaines Agricoles is able to satisfy your needs in quantity of plants throughout the year, thus facilitating the management of your farms.<\/p>\r\n<p style=\"text-align: justify;\"><strong>With personalized assistance<\/strong><\/p>\r\n<p style=\"text-align: justify;\">Our nurseries, located in Souss and Gharb, the main production areas, are equipped with all the technical, logistical and human resources to provide you not only with quality plants, but also with advice, ensuring a rigorous follow-up so that your production's goals are well achieved.<\/p>"},"excerpt":{"rendered":"","protected":false,"raw":""},"author":1,"featured_media":323,"parent":239,"menu_order":0,"comment_status":"closed","ping_status":"closed","template":"page-contenu.php","meta":{"_en_post_content":"<p style=\"text-align: justify;\">Our laboratory takes pride in its long experience in production of banana in-vitroplants. The large-scale production of high quality banana plants in our laboratory has contributed, to a great extent, to the development of this sector in Morocco.<\/p>\r\n<p style=\"text-align: justify;\">Our quality system not only ensures the traceability of the batches, but also guarantees optimal conditions of production of the plants at all levels. The essential objectif of our firm is to provide homogeneous plants, free from diseases or pests, giving a high quality and homogeneous production.<\/p>\r\n<p style=\"text-align: justify;\"><strong>A quality plant material<\/strong><\/p>\r\n<p style=\"text-align: justify;\">Obtained by in-vitro cultivation, the banana plants produced by Les Domaines Agricoles are efficient and of high quality.<\/p>\r\n<p style=\"text-align: justify;\"><strong>Health quality<\/strong><\/p>\r\n<p style=\"text-align: justify;\">The major advantage of vitroplant, compared to rejection, resides in the absence of nematodes on the planting material. The use of banana Vitroplants of Les Domaines Agricoles on healthy soils considerably reduces nematicide treatments, associating high yields with lower pesticide use.<\/p>\r\n<p style=\"text-align: justify;\"><strong>Agronomic quality<\/strong><\/p>\r\n<p style=\"text-align: justify;\">The Banana Plant Vitroplants of Les Domaines Agricoles stand out for a high vigor, a better homogeneity of growth, and a productivity that is superior to that obtained with conventional planting material.<\/p>\r\n<p style=\"text-align: justify;\"><strong>Available throughout the year<\/strong><\/p>\r\n<p style=\"text-align: justify;\">With the use of vitroplants, Les Domaines Agricoles is able to satisfy your needs in quantity of plants throughout the year, thus facilitating the management of your farms.<\/p>\r\n<p style=\"text-align: justify;\"><strong>With personalized assistance<\/strong><\/p>\r\n<p style=\"text-align: justify;\">Our nurseries, located in Souss and Gharb, the main production areas, are equipped with all the technical, logistical and human resources to provide you not only with quality plants, but also with advice, ensuring a rigorous follow-up so that your production's goals are well achieved.<\/p>","_en_post_name":"quality-and-certification","_en_post_excerpt":"","_en_post_title":"Quality and Certification","_fr_post_content":"<p style=\"text-align: justify;\">Notre laboratoire a une longue exp\u00e9rience en production de vitroplants de bananier. La production \u00e0 grande \u00e9chelle de plants de bananier de haute qualit\u00e9 de notre laboratoire a particip\u00e9 au d\u00e9veloppement de ce secteur au niveau du Maroc.<\/p>\r\n<p style=\"text-align: justify;\">Notre syst\u00e8me qualit\u00e9 veille \u00e0 la tra\u00e7abilit\u00e9 des lots et \u00e0 garantir des conditions optimales de production des plants sur tous les niveaux, le but est de fournir des plants homog\u00e8nes, indemnes de maladies ou de parasites, donnant une production de qualit\u00e9 et homog\u00e8ne.<\/p>\r\n<p style=\"text-align: justify;\"><strong>Un mat\u00e9riel v\u00e9g\u00e9tal de qualit\u00e9<\/strong><\/p>\r\n<p style=\"text-align: justify;\">Obtenus par culture in vitro, les plants de bananier produits par Les Domaines Agricoles sont performants et de haute qualit\u00e9.<\/p>\r\n<p style=\"text-align: justify;\"><span style=\"text-decoration: underline;\">Qualit\u00e9 sanitaire<\/span>\r\nL\u2019int\u00e9r\u00eat majeur du vitroplant, par rapport au rejet, est l\u2019absence de n\u00e9matode sur le mat\u00e9riel de plantation. L\u2019utilisation des vitriolants de bananier des Domaines Agricoles sur des sols sains r\u00e9duit consid\u00e9rablement les traitements n\u00e9maticides, associant des rendements \u00e9lev\u00e9s \u00e0 une moindre utilisation des pesticides.<\/p>\r\n<p style=\"text-align: justify;\"><span style=\"text-decoration: underline;\">Qualit\u00e9 agronomique<\/span>\r\nLes vitroplants de bananier des Domaines Agricoles sont caract\u00e9ris\u00e9s par une grande vigueur, une meilleure homog\u00e9n\u00e9it\u00e9 de croissance et par une productivit\u00e9 sup\u00e9rieure \u00e0 celle obtenue avec du mat\u00e9riel de plantation classique.<\/p>\r\n<p style=\"text-align: justify;\"><strong>Disponible tout au long de l\u2019ann\u00e9e<\/strong><\/p>\r\n<p style=\"text-align: justify;\">Gr\u00e2ce \u00e0 l\u2019utilisation des vitroplants, les Domaines Agricoles sont \u00e0 m\u00eame de r\u00e9pondre \u00e0 vos besoins en quantit\u00e9 de plants tout au long de l\u2019ann\u00e9e, vous facilitant ainsi la gestion de vos exploitations.<\/p>\r\n<p style=\"text-align: justify;\"><strong>Avec une assistance personnalis\u00e9e<\/strong><\/p>\r\n<p style=\"text-align: justify;\">Nos p\u00e9pini\u00e8res, situ\u00e9es dans le Souss et le Gharb, principales zones de production, sont dot\u00e9es de tous les moyens techniques, logistiques et humains performants pour vous offrir non seulement des plants de qualit\u00e9 mais aussi pour vous conseiller et assurer un suivi rigoureux afin que vos objectifs de production soient atteints.<\/p>","_fr_post_name":"qualite-et-certification-3","_fr_post_excerpt":"","_fr_post_title":"Qualit\u00e9 et certification","_ar_post_content":"<p style=\"text-align: justify;\">\u064a\u062a\u0645\u064a\u0632 \u0645\u062e\u062a\u0628\u0631\u0646\u0627 \u0628\u062e\u0628\u0631\u0629 \u0637\u0648\u064a\u0644\u0629 \u0641\u064a \u0625\u0646\u062a\u0627\u062c \u0634\u062a\u0644\u0627\u062a \u0627\u0644\u0645\u0648\u0632 \u062d\u064a\u062b \u0642\u062f \u0633\u0627\u0647\u0645 \u0627\u0644\u0625\u0646\u062a\u0627\u062c \u0627\u0644\u0643\u0628\u064a\u0631 \u0644\u0646\u0628\u0627\u062a\u0627\u062a \u0627\u0644\u0645\u0648\u0632 \u0630\u0627\u062a \u0627\u0644\u062c\u0648\u062f\u0629 \u0627\u0644\u0639\u0627\u0644\u064a\u0629 \u0641\u064a \u062a\u0637\u0648\u064a\u0631 \u0647\u0630\u0627 \u0627\u0644\u0642\u0637\u0627\u0639 \u0641\u064a \u0627\u0644\u0645\u063a\u0631\u0628.<\/p>\r\n<p style=\"text-align: justify;\">\u064a\u0636\u0645\u0646 \u0646\u0638\u0627\u0645 \u0627\u0644\u062c\u0648\u062f\u0629 \u0625\u0645\u0643\u0627\u0646\u064a\u0629 \u062a\u062a\u0628\u0639 \u0627\u0644\u062f\u0641\u0639\u0627\u062a \u0648\u0636\u0645\u0627\u0646 \u0627\u0644\u0638\u0631\u0648\u0641 \u0627\u0644\u0645\u062b\u0644\u0649 \u0644\u0625\u0646\u062a\u0627\u062c \u0627\u0644\u0646\u0628\u0627\u062a\u0627\u062a \u0639\u0644\u0649 \u062c\u0645\u064a\u0639 \u0627\u0644\u0645\u0633\u062a\u0648\u064a\u0627\u062a\u060c \u0648\u0627\u0644\u0647\u062f\u0641 \u0647\u0648 \u062a\u0648\u0641\u064a\u0631 \u0646\u0628\u0627\u062a\u0627\u062a \u0645\u062a\u062c\u0627\u0646\u0633\u0629\u060c \u062e\u0627\u0644\u064a\u0629 \u0645\u0646 \u0627\u0644\u0623\u0645\u0631\u0627\u0636 \u0623\u0648 \u0627\u0644\u062d\u0634\u0631\u0627\u062a \u0627\u0644\u0645\u0636\u0631\u0629\u060c \u0648 \u0647\u0630\u0627 \u0645\u0627 \u064a\u0645\u0646\u062d \u0625\u0646\u062a\u0627\u062c\u0627 \u0630\u064a \u062c\u0648\u062f\u0629 \u0648\u0645\u062a\u062c\u0627\u0646\u0633\u0627 \u0628\u0634\u0643\u0644 \u062c\u064a\u062f.<\/p>\r\n<p style=\"text-align: justify;\"><strong>\u0645\u0627\u062f\u0629 \u0646\u0628\u0627\u062a\u064a\u0629 \u0630\u0627\u062a \u062c\u0648\u062f\u0629<\/strong><\/p>\r\n<p style=\"text-align: justify;\">\u062a\u0639\u062a\u0628\u0631 \u0634\u062a\u0644\u0627\u062a \u0627\u0644\u0645\u0648\u0632 \u0627\u0644\u062a\u064a \u062a\u0646\u062a\u062c\u0647\u0627 \u0627\u0644\u0636\u064a\u0639\u0627\u062a \u0627\u0644\u0641\u0644\u0627\u062d\u064a\u0629 \u0648 \u0627\u0644\u0645\u0646\u0628\u062b\u0642\u0629 \u0645\u0646 \u0632\u0631\u0627\u0639\u0629 \u0627\u0644\u0623\u0646\u0633\u062c\u0629 \u0630\u0627\u062a \u062c\u0648\u062f\u0629 \u0639\u0627\u0644\u064a\u0629<\/p>\r\n<p style=\"text-align: justify;\"><span style=\"text-decoration: underline;\">\u0627\u0644\u062c\u0648\u062f\u0629 \u0627\u0644\u0635\u062d\u064a\u0629<\/span>\r\n\u0627\u0644\u0645\u064a\u0632\u0629 \u0627\u0644\u0631\u0626\u064a\u0633\u064a\u0629 \u0644\u0644\u0634\u062a\u0644\u0627\u062a \u0627\u0644\u0646\u0633\u064a\u062c\u064a\u0629\u060c \u0645\u0642\u0627\u0631\u0646\u0629 \u0628\u0627\u0644\u0641\u0633\u0627\u0626\u0644 \u0627\u0644\u062a\u0642\u0644\u064a\u062f\u064a\u0629\u060c \u0647\u064a \u0639\u062f\u0645 \u062a\u0648\u0627\u062c\u062f \u0627\u0644\u062f\u064a\u062f\u0627\u0646 \u0627\u0644\u062e\u064a\u0637\u064a\u0629 \u0639\u0644\u0649 \u0623\u062c\u0647\u0632\u0629 \u0627\u0644\u063a\u0631\u0633. \u0625\u0646 \u0627\u0633\u062a\u062e\u062f\u0627\u0645 \u0627\u0644\u0636\u064a\u0639\u0627\u062a \u0627\u0644\u0641\u0644\u0627\u062d\u064a\u0629 \u0644\u0634\u062a\u0644\u0627\u062a \u0627\u0644\u0645\u0648\u0632 \u0639\u0644\u0649 \u062a\u0631\u0628\u0629 \u0635\u062d\u064a\u0629 \u064a\u0642\u0644\u0644 \u0628\u0634\u0643\u0644 \u0643\u0628\u064a\u0631 \u0645\u0646 \u0627\u0644\u0645\u0639\u0627\u0644\u062c\u0629 \u0628\u0627\u0644\u0645\u0648\u0627\u062f \u0627\u0644\u0643\u064a\u0645\u064a\u0627\u0626\u064a\u0629 \u0627\u0644\u0645\u0633\u062a\u062e\u062f\u0645\u0629 n\u00e9maticides \u060c\u0648 \u0647\u0630\u0627 \u0645\u0627 \u064a\u0631\u0628\u0637 \u0628\u064a\u0646 \u0627\u0644\u0625\u0646\u062a\u0627\u062c\u064a\u0629 \u0627\u0644\u0639\u0627\u0644\u064a\u0629 \u0648\u0627\u0646\u062e\u0641\u0627\u0636 \u0627\u0633\u062a\u062e\u062f\u0627\u0645 \u0627\u0644\u0645\u0628\u064a\u062f\u0627\u062a.<\/p>\r\n<p style=\"text-align: justify;\"><span style=\"text-decoration: underline;\">\u0627\u0644\u062c\u0648\u062f\u0629 \u0627\u0644\u0632\u0631\u0627\u0639\u064a\u0629<\/span>\r\n\u062a\u062a\u0645\u064a\u0632 \u0634\u062a\u0644\u0627\u062a \u0645\u0648\u0632 \u0627\u0644\u0636\u064a\u0639\u0627\u062a \u0627\u0644\u0641\u0644\u0627\u062d\u064a\u0629 \u0628\u0642\u0648\u0629 \u0639\u0627\u0644\u064a\u0629 \u0648\u062a\u062c\u0627\u0646\u0633 \u0627\u0644\u0646\u0645\u0648 \u0648\u0625\u0646\u062a\u0627\u062c\u064a\u0629 \u0623\u0639\u0644\u0649 \u0645\u0646 \u062a\u0644\u0643 \u0627\u0644\u062a\u064a \u064a\u062a\u0645 \u0627\u0644\u062d\u0635\u0648\u0644 \u0639\u0644\u064a\u0647\u0627 \u0628\u0627\u0633\u062a\u062e\u062f\u0627\u0645 \u0645\u0648\u0627\u062f \u0627\u0644\u0632\u0631\u0627\u0639\u0629 \u0627\u0644\u062a\u0642\u0644\u064a\u062f\u064a\u0629.<\/p>\r\n<p style=\"text-align: justify;\"><strong>\u0645\u062a\u0627\u062d\u0629 \u0639\u0644\u0649 \u0645\u062f\u0627\u0631 \u0627\u0644\u0633\u0646\u0629<\/strong><\/p>\r\n<p style=\"text-align: justify;\">\u0628\u0641\u0636\u0644 \u0627\u0633\u062a\u062e\u062f\u0627\u0645 \u0627\u0644\u0634\u062a\u0644\u0627\u062a \u0627\u0644\u0646\u0633\u064a\u062c\u064a\u0629\u060c \u0641\u0625\u0646 \u0627\u0644\u0636\u064a\u0639\u0627\u062a \u0627\u0644\u0641\u0644\u0627\u062d\u064a\u0629 \u0642\u0627\u062f\u0631\u0629 \u0639\u0644\u0649 \u062a\u0644\u0628\u064a\u0629 \u0627\u062d\u062a\u064a\u0627\u062c\u0627\u062a\u0643\u0645 \u0645\u0646 \u062d\u064a\u062b \u0643\u0645\u064a\u0629 \u0627\u0644\u0646\u0628\u0627\u062a\u0627\u062a \u0639\u0644\u0649 \u0645\u062f\u0627\u0631 \u0627\u0644\u0633\u0646\u0629\u060c \u0645\u0645\u0627 \u064a\u0633\u0647\u0644 \u0639\u0644\u064a\u0643\u0645 \u062a\u062f\u0628\u064a\u0631 \u0645\u0632\u0627\u0631\u0639\u0643\u0645.<\/p>\r\n<p style=\"text-align: justify;\"><strong>\u0645\u0639 \u0645\u0633\u0627\u0639\u062f\u0629 \u0634\u062e\u0635\u064a\u0629<\/strong><\/p>\r\n<p style=\"text-align: justify;\">\u0625\u0646 \u0645\u0634\u0627\u062a\u0644\u0646\u0627 \u0627\u0644\u0645\u062a\u0648\u0627\u062c\u062f\u0629 \u0641\u064a \u0633\u0648\u0633 \u0648\u0627\u0644\u063a\u0631\u0628\u060c \u0648\u0647\u0645\u0627 \u0623\u0647\u0645 \u0645\u0646\u0627\u0637\u0642 \u0644\u0644\u0625\u0646\u062a\u0627\u062c\u060c \u0645\u062c\u0647\u0632\u0629 \u0628\u062c\u0645\u064a\u0639 \u0627\u0644\u0648\u0633\u0627\u0626\u0644 \u0627\u0644\u062a\u0642\u0646\u064a\u0629 \u0648\u0627\u0644\u0644\u0648\u062c\u0633\u062a\u064a\u0629 \u0648\u0627\u0644\u0628\u0634\u0631\u064a\u0629 \u0644\u062a\u0642\u062f\u0645 \u0644\u0643\u0645 \u0644\u064a\u0633 \u0641\u0642\u0637 \u0646\u0628\u0627\u062a\u0627\u062a \u0630\u0627\u062a \u062c\u0648\u062f\u0629 \u0648\u0644\u0643\u0646 \u0623\u064a\u0636\u0627 \u0644\u062a\u0642\u062f\u064a\u0645 \u0627\u0644\u0627\u0633\u062a\u0634\u0627\u0631\u0629 \u0648\u0636\u0645\u0627\u0646 \u0627\u0644\u0645\u062a\u0627\u0628\u0639\u0629 \u0627\u0644\u0635\u0627\u0631\u0645\u0629 \u062d\u062a\u0649 \u062a\u062d\u0642\u0642\u0648\u0627 \u0623\u0647\u062f\u0627\u0641\u0643\u0645 \u0627\u0644\u0625\u0646\u062a\u0627\u062c\u064a\u0629.<\/p>","_ar_post_name":"%d8%a7%d9%84%d8%ac%d9%88%d8%af%d8%a9-%d9%88%d8%a7%d9%84%d8%aa%d8%b5%d8%af%d9%8a%d9%82","_ar_post_excerpt":"","_ar_post_title":"\u0627\u0644\u062c\u0648\u062f\u0629 \u0648\u0627\u0644\u062a\u0635\u062f\u064a\u0642","edit_language":"en"},"_links":{"self":[{"href":"https:\/\/pepiniereslesdomaines.com\/en\/wp-json\/wp\/v2\/pages\/245"}],"collection":[{"href":"https:\/\/pepiniereslesdomaines.com\/en\/wp-json\/wp\/v2\/pages"}],"about":[{"href":"https:\/\/pepiniereslesdomaines.com\/en\/wp-json\/wp\/v2\/types\/page"}],"author":[{"embeddable":true,"href":"https:\/\/pepiniereslesdomaines.com\/en\/wp-json\/wp\/v2\/users\/1"}],"replies":[{"embeddable":true,"href":"https:\/\/pepiniereslesdomaines.com\/en\/wp-json\/wp\/v2\/comments?post=245"}],"version-history":[{"count":7,"href":"https:\/\/pepiniereslesdomaines.com\/en\/wp-json\/wp\/v2\/pages\/245\/revisions"}],"predecessor-version":[{"id":360,"href":"https:\/\/pepiniereslesdomaines.com\/en\/wp-json\/wp\/v2\/pages\/245\/revisions\/360"}],"up":[{"embeddable":true,"href":"https:\/\/pepiniereslesdomaines.com\/en\/wp-json\/wp\/v2\/pages\/239"}],"wp:featuredmedia":[{"embeddable":true,"href":"https:\/\/pepiniereslesdomaines.com\/en\/wp-json\/wp\/v2\/media\/323"}],"wp:attachment":[{"href":"https:\/\/pepiniereslesdomaines.com\/en\/wp-json\/wp\/v2\/media?parent=245"}],"curies":[{"name":"wp","href":"https:\/\/api.w.org\/{rel}","templated":true}]}}