{"id":247,"date":"2016-10-09T23:40:28","date_gmt":"2016-10-09T21:40:28","guid":{"rendered":"http:\/\/localhost:8888\/pepiniere-kepler\/?page_id=247"},"modified":"2018-08-02T11:46:17","modified_gmt":"2018-08-02T09:46:17","slug":"plantes-ornementales","status":"publish","type":"page","link":"https:\/\/pepiniereslesdomaines.com\/en\/plantes-ornementales\/","title":{"rendered":"ORNAMENTAL PLANTS","raw":"ORNAMENTAL PLANTS"},"content":{"rendered":"<p><span style=\"font-weight: 400;\">On the strength of more than 20 years of experience in the production of ornamental plants for public and private markets, nurseries in agricultural fields produce nearly 5 million plants of more than 300 different species each year.<\/span><\/p>\n<p><span style=\"font-weight: 400;\">Our collection includes palms, bamboos, trees and shrubs of alignment and ornament, succulents, ground cover plants, climbing plants, fruit species and flowers plants<\/span> <span style=\"font-weight: 400;\">. <\/span><\/p>\n<p><span style=\"font-weight: 400;\">The great diversity of shape, flowering, color and aspect of the foliage, fruiting, and fragrance, make it them essential plants to develop and enhance green spaces and gardens.<\/span><\/p>\n","protected":false,"raw":"<span style=\"font-weight: 400;\">On the strength of more than 20 years of experience in the production of ornamental plants for public and private markets, nurseries in agricultural fields produce nearly 5 million plants of more than 300 different species each year.<\/span>\r\n\r\n<span style=\"font-weight: 400;\">Our collection includes palms, bamboos, trees and shrubs of alignment and ornament, succulents, ground cover plants, climbing plants, fruit species and flowers plants<\/span> <span style=\"font-weight: 400;\">. <\/span>\r\n\r\n<span style=\"font-weight: 400;\">The great diversity of shape, flowering, color and aspect of the foliage, fruiting, and fragrance, make it them essential plants to develop and enhance green spaces and gardens.<\/span>"},"excerpt":{"rendered":"","protected":false,"raw":""},"author":1,"featured_media":648,"parent":0,"menu_order":0,"comment_status":"closed","ping_status":"closed","template":"page-contenu.php","meta":{"_en_post_content":"<span style=\"font-weight: 400;\">On the strength of more than 20 years of experience in the production of ornamental plants for public and private markets, nurseries in agricultural fields produce nearly 5 million plants of more than 300 different species each year.<\/span>\r\n\r\n<span style=\"font-weight: 400;\">Our collection includes palms, bamboos, trees and shrubs of alignment and ornament, succulents, ground cover plants, climbing plants, fruit species and flowers plants<\/span> <span style=\"font-weight: 400;\">. <\/span>\r\n\r\n<span style=\"font-weight: 400;\">The great diversity of shape, flowering, color and aspect of the foliage, fruiting, and fragrance, make it them essential plants to develop and enhance green spaces and gardens.<\/span>","_en_post_name":"plantes-ornementales","_en_post_excerpt":"","_en_post_title":"ORNAMENTAL PLANTS","_fr_post_content":"<p class=\"p1\"><span class=\"s1\"><img class=\"alignright wp-image-383 size-medium\" src=\"http:\/\/kepler.agency\/pepinieres\/wp-content\/uploads\/2016\/10\/Pix-SP-605-300x200.jpg\" alt=\"Plantes ornementales\" width=\"300\" height=\"200\" \/>Forts d\u2019une exp\u00e9rience de plus de 20 ans, dans la production de plantes ornementales \u00e0 destination des march\u00e9s publics et priv\u00e9s, les p\u00e9pini\u00e8res des Domaines Agricoles produisent chaque ann\u00e9e pr\u00e8s de 5 millions de plants de plus de 300 esp\u00e8ces diff\u00e9rentes.<\/span><\/p>\r\n<p class=\"p1\"><span class=\"s1\">Ainsi, notre collection regroupe palmiers, bambous, arbres et arbustes d\u2019alignement et d\u2019ornement, plantes grasses, plantes couvre sol, plantes grimpantes, esp\u00e8ces fruiti\u00e8res et plantes \u00e0 fleurs. La grande diversit\u00e9 de silhouette, de floraison, de couleur et d\u2019aspect du feuillage, de fructification, et de parfum, en font des plantes indispensables pour am\u00e9nager et mettre en valeur les espaces verts et jardins.<\/span><\/p>","_fr_post_name":"plantes-ornementales","_fr_post_excerpt":"","_fr_post_title":"Plantes ornementales","_ar_post_content":"<p class=\"p1\"><span class=\"s1\"><img class=\"alignright wp-image-383 size-medium\" src=\"http:\/\/kepler.agency\/pepinieres\/wp-content\/uploads\/2016\/10\/Pix-SP-605-300x200.jpg\" alt=\"Plantes ornementales\" width=\"300\" height=\"200\" \/><\/span><\/p>\r\n<span style=\"font-weight: 400;\">\u0628\u062e\u0628\u0631\u062a\u0647\u0627 \u0627\u0644\u062a\u064a \u062a\u0641\u0648\u0642 20 \u0639\u0627\u0645\u0627 \u0641\u064a \u0625\u0646\u062a\u0627\u062c \u0646\u0628\u0627\u062a\u0627\u062a \u0627\u0644\u0632\u064a\u0646\u0629 \u0627\u0644\u0645\u0648\u062c\u0647\u0629 \u0644\u0644\u0623\u0633\u0648\u0627\u0642 \u0627\u0644\u0639\u0645\u0648\u0645\u064a\u0629 \u0648\u0627\u0644\u062e\u0627\u0635\u0629\u060c \u062a\u0646\u062a\u062c \u0627\u0644\u0636\u064a\u0639\u0627\u062a \u0627\u0644\u0641\u0644\u0627\u062d\u064a\u0629\u00a0\u0633\u0646\u0648\u064a\u0627 5 \u0645\u0644\u0627\u064a\u064a\u0646 \u0645\u0646 \u0627\u0644\u0634\u062a\u0644\u0627\u062a \u0644\u0645\u0627 \u064a\u0632\u064a\u062f \u0639\u0646 300 \u0635\u0646\u0641 \u0645\u062e\u062a\u0644\u0641.<\/span>\r\n\r\n<span style=\"font-weight: 400;\">\u0648\u062a\u0634\u062a\u0645\u0644 \u0633\u0644\u0633\u0644\u062a\u0646\u0627 \u0639\u0644\u0649 \u0627\u0644\u0646\u062e\u064a\u0644\u060c \u0627\u0644\u062e\u064a\u0632\u0631\u0627\u0646 (\u0628\u0627\u0645\u0628\u0648)\u060c \u0634\u062c\u064a\u0631\u0627\u062a \u0627\u0644\u0632\u064a\u0646\u0629\u060c \u0627\u0644\u0646\u0628\u0627\u062a\u0627\u062a \u0627\u0644\u0645\u063a\u0637\u064a\u0629 \u0644\u0644\u0623\u0631\u0636\u060c \u0627\u0644\u0646\u0628\u0627\u062a\u0627\u062a \u0627\u0644\u0645\u062a\u0633\u0644\u0642\u0629\u060c \u0627\u0644\u0623\u0635\u0646\u0627\u0641 \u0627\u0644\u0645\u062b\u0645\u0631\u0629 \u0648\u0627\u0644\u0646\u0628\u0627\u062a\u0627\u062a \u0627\u0644\u0645\u0632\u0647\u0631\u0629. \u062a\u0646\u0648\u0639 \u0643\u0628\u064a\u0631 \u0645\u0646 \u0627\u0644\u0623\u0634\u0643\u0627\u0644 \u0648\u0627\u0644\u0623\u0632\u0647\u0627\u0631 \u0648\u0627\u0644\u0623\u0644\u0648\u0627\u0646 \u0648\u0627\u0644\u0623\u0648\u0631\u0627\u0642 \u0648\u0627\u0644\u062b\u0645\u0627\u0631 \u0648 \u0627\u0644\u0639\u0637\u0648\u0631\u060c \u0645\u0645\u0627 \u064a\u062c\u0639\u0644\u0647\u0627 \u0645\u0646 \u0627\u0644\u0646\u0628\u0627\u062a\u0627\u062a \u0627\u0644\u0623\u0633\u0627\u0633\u064a\u0629 \u0644\u062a\u0632\u064a\u064a\u0646 \u0648 \u062a\u0647\u064a\u0626\u0629 \u0627\u0644\u0645\u0633\u0627\u062d\u0627\u062a \u0627\u0644\u062e\u0636\u0631\u0627\u0621 \u0648\u0627\u0644\u062d\u062f\u0627\u0626\u0642.<\/span>\r\n<p class=\"p1\"><span class=\"s1\">\u00a0<\/span><\/p>","_ar_post_name":"plantes-ornementales","_ar_post_excerpt":"","_ar_post_title":"\u0646\u0628\u0627\u062a\u0627\u062a \u0627\u0644\u0632\u064a\u0646\u0629","edit_language":"en"},"_links":{"self":[{"href":"https:\/\/pepiniereslesdomaines.com\/en\/wp-json\/wp\/v2\/pages\/247"}],"collection":[{"href":"https:\/\/pepiniereslesdomaines.com\/en\/wp-json\/wp\/v2\/pages"}],"about":[{"href":"https:\/\/pepiniereslesdomaines.com\/en\/wp-json\/wp\/v2\/types\/page"}],"author":[{"embeddable":true,"href":"https:\/\/pepiniereslesdomaines.com\/en\/wp-json\/wp\/v2\/users\/1"}],"replies":[{"embeddable":true,"href":"https:\/\/pepiniereslesdomaines.com\/en\/wp-json\/wp\/v2\/comments?post=247"}],"version-history":[{"count":9,"href":"https:\/\/pepiniereslesdomaines.com\/en\/wp-json\/wp\/v2\/pages\/247\/revisions"}],"predecessor-version":[{"id":501,"href":"https:\/\/pepiniereslesdomaines.com\/en\/wp-json\/wp\/v2\/pages\/247\/revisions\/501"}],"wp:featuredmedia":[{"embeddable":true,"href":"https:\/\/pepiniereslesdomaines.com\/en\/wp-json\/wp\/v2\/media\/648"}],"wp:attachment":[{"href":"https:\/\/pepiniereslesdomaines.com\/en\/wp-json\/wp\/v2\/media?parent=247"}],"curies":[{"name":"wp","href":"https:\/\/api.w.org\/{rel}","templated":true}]}}