{"id":51,"date":"2016-10-05T01:28:35","date_gmt":"2016-10-04T23:28:35","guid":{"rendered":"http:\/\/localhost:8888\/pepiniere\/?page_id=51"},"modified":"2018-08-02T11:43:59","modified_gmt":"2018-08-02T09:43:59","slug":"variety","status":"publish","type":"page","link":"https:\/\/pepiniereslesdomaines.com\/en\/vitroplants-de-palmier-dattier\/variety\/","title":{"rendered":"Variety","raw":"Variety"},"content":{"rendered":"<p><span style=\"font-weight: 400;\">The company <\/span><i><span style=\"font-weight: 400;\">Les Domaines Agricoles<\/span><\/i><span style=\"font-weight: 400;\"> provides its customers with a wide range of varieties, and clones including several clones adapted to market expectations, and with an increase of the share of the Majhoul variety in the production of the laboratory El bassatin <\/span><span style=\"font-weight: 400;\">up to 70%.<\/span><\/p>\n<p><span style=\"font-weight: 400;\">Equally important, and within the framework of the \u201cMaroc Vert\u201d plan, we develop varieties that are specific to regions and labeled with \u00a0IGP (Protected Geographical Indication), particularly the varieties such as &#8220;Aziza Bouzid&#8221; of Figuig and &#8220;Buitob&#8221; of Tata.<\/span><\/p>\n<p><span style=\"font-weight: 400;\">In addition, our laboratory multiplies the main Moroccan varieties namely: Najda, Boufeggous, Bousekri and we also have varieties such as: Khalts, Jihel, Bouslikhen, Bousthammi.<\/span><\/p>\n<div class=\"col-md-12\" style=\"margin-top: 30px;\">\n<div class=\"col-md-6 varfile\">\n<div style=\"background-image: url('http:\/\/kepler.agency\/pepinieres\/wp-content\/uploads\/2016\/10\/Aziza-Bouzid.jpg'); background-position: center; background-size: 100%;\"><\/div>\n<p>&nbsp;<\/p>\n<\/div>\n<div class=\"col-md-6 varfile\">\n<div style=\"background-image: url('http:\/\/kepler.agency\/pepinieres\/wp-content\/uploads\/2016\/10\/Boufeggous.jpg'); background-position: center; background-size: 100%;\"><\/div>\n<p>&nbsp;<\/p>\n<\/div>\n<div class=\"col-md-6 varfile\" style=\"background: #403431;\">\n<div style=\"background-image: url('http:\/\/kepler.agency\/pepinieres\/wp-content\/uploads\/2016\/10\/Bouskri.jpg'); background-position: center; background-size: 100%;\"><\/div>\n<p>&nbsp;<\/p>\n<\/div>\n<div class=\"col-md-6 varfile\" style=\"background: #7eb631;\">\n<div style=\"background-image: url('http:\/\/kepler.agency\/pepinieres\/wp-content\/uploads\/2016\/10\/Mejhool.jpg'); background-position: center; background-size: 100%;\"><\/div>\n<p>&nbsp;<\/p>\n<\/div>\n<\/div>\n","protected":false,"raw":"<span style=\"font-weight: 400;\">The company <\/span><i><span style=\"font-weight: 400;\">Les Domaines Agricoles<\/span><\/i><span style=\"font-weight: 400;\"> provides its customers with a wide range of varieties, and clones including several clones adapted to market expectations, and with an increase of the share of the Majhoul variety in the production of the laboratory El bassatin <\/span><span style=\"font-weight: 400;\">up to 70%.<\/span>\r\n\r\n<span style=\"font-weight: 400;\">Equally important, and within the framework of the \u201cMaroc Vert\u201d plan, we develop varieties that are specific to regions and labeled with \u00a0IGP (Protected Geographical Indication), particularly the varieties such as \"Aziza Bouzid\" of Figuig and \"Buitob\" of Tata.<\/span>\r\n\r\n<span style=\"font-weight: 400;\">In addition, our laboratory multiplies the main Moroccan varieties namely: Najda, Boufeggous, Bousekri and we also have varieties such as: Khalts, Jihel, Bouslikhen, Bousthammi.<\/span>\r\n<div class=\"col-md-12\" style=\"margin-top: 30px;\">\r\n<div class=\"col-md-6 varfile\">\r\n<div style=\"background-image: url('http:\/\/kepler.agency\/pepinieres\/wp-content\/uploads\/2016\/10\/Aziza-Bouzid.jpg'); background-position: center; background-size: 100%;\"><\/div>\r\n&nbsp;\r\n\r\n<\/div>\r\n<div class=\"col-md-6 varfile\">\r\n<div style=\"background-image: url('http:\/\/kepler.agency\/pepinieres\/wp-content\/uploads\/2016\/10\/Boufeggous.jpg'); background-position: center; background-size: 100%;\"><\/div>\r\n&nbsp;\r\n\r\n<\/div>\r\n<div class=\"col-md-6 varfile\" style=\"background: #403431;\">\r\n<div style=\"background-image: url('http:\/\/kepler.agency\/pepinieres\/wp-content\/uploads\/2016\/10\/Bouskri.jpg'); background-position: center; background-size: 100%;\"><\/div>\r\n&nbsp;\r\n\r\n<\/div>\r\n<div class=\"col-md-6 varfile\" style=\"background: #7eb631;\">\r\n<div style=\"background-image: url('http:\/\/kepler.agency\/pepinieres\/wp-content\/uploads\/2016\/10\/Mejhool.jpg'); background-position: center; background-size: 100%;\"><\/div>\r\n&nbsp;\r\n\r\n<\/div>\r\n<\/div>"},"excerpt":{"rendered":"","protected":false,"raw":""},"author":1,"featured_media":56,"parent":57,"menu_order":0,"comment_status":"closed","ping_status":"closed","template":"page-contenu.php","meta":{"_en_post_content":"<span style=\"font-weight: 400;\">The company <\/span><i><span style=\"font-weight: 400;\">Les Domaines Agricoles<\/span><\/i><span style=\"font-weight: 400;\"> provides its customers with a wide range of varieties, and clones including several clones adapted to market expectations, and with an increase of the share of the Majhoul variety in the production of the laboratory El bassatin <\/span><span style=\"font-weight: 400;\">up to 70%.<\/span>\r\n\r\n<span style=\"font-weight: 400;\">Equally important, and within the framework of the \u201cMaroc Vert\u201d plan, we develop varieties that are specific to regions and labeled with \u00a0IGP (Protected Geographical Indication), particularly the varieties such as \"Aziza Bouzid\" of Figuig and \"Buitob\" of Tata.<\/span>\r\n\r\n<span style=\"font-weight: 400;\">In addition, our laboratory multiplies the main Moroccan varieties namely: Najda, Boufeggous, Bousekri and we also have varieties such as: Khalts, Jihel, Bouslikhen, Bousthammi.<\/span>\r\n<div class=\"col-md-12\" style=\"margin-top: 30px;\">\r\n<div class=\"col-md-6 varfile\">\r\n<div style=\"background-image: url('http:\/\/kepler.agency\/pepinieres\/wp-content\/uploads\/2016\/10\/Aziza-Bouzid.jpg'); background-position: center; background-size: 100%;\"><\/div>\r\n&nbsp;\r\n\r\n<\/div>\r\n<div class=\"col-md-6 varfile\">\r\n<div style=\"background-image: url('http:\/\/kepler.agency\/pepinieres\/wp-content\/uploads\/2016\/10\/Boufeggous.jpg'); background-position: center; background-size: 100%;\"><\/div>\r\n&nbsp;\r\n\r\n<\/div>\r\n<div class=\"col-md-6 varfile\" style=\"background: #403431;\">\r\n<div style=\"background-image: url('http:\/\/kepler.agency\/pepinieres\/wp-content\/uploads\/2016\/10\/Bouskri.jpg'); background-position: center; background-size: 100%;\"><\/div>\r\n&nbsp;\r\n\r\n<\/div>\r\n<div class=\"col-md-6 varfile\" style=\"background: #7eb631;\">\r\n<div style=\"background-image: url('http:\/\/kepler.agency\/pepinieres\/wp-content\/uploads\/2016\/10\/Mejhool.jpg'); background-position: center; background-size: 100%;\"><\/div>\r\n&nbsp;\r\n\r\n<\/div>\r\n<\/div>","_en_post_name":"variety","_en_post_excerpt":"","_en_post_title":"Variety","_fr_post_content":"Nous proposons \u00e0 nos clients un large \u00e9ventail de vari\u00e9t\u00e9s et clones parmi lesquels plusieurs clones adapt\u00e9s aux attentes du march\u00e9 et avec une augmentation de la part de la vari\u00e9t\u00e9 Majhoul dans la production du laboratoire El bassatine \u00e0 hauteur de 70%.\r\n<p class=\"m_-5087450664725656135Corps\">Par ailleurs et dans le cadre du plan Maroc Vert, nous d\u00e9veloppons des vari\u00e9t\u00e9s sp\u00e9cifiques \u00e0 des r\u00e9gions et lab\u00e9lis\u00e9es IGP (Indication G\u00e9orgaphique Prot\u00e9g\u00e9e) notamment les vari\u00e9t\u00e9s \u00ab\u00a0Aziza Bouzid\u00a0\u00bb de Figuig et \u00ab\u00a0Buitob\u00a0\u00bb de Tata.<\/p>\r\n<p class=\"m_-5087450664725656135Corps\">De plus, notre laboratoire multiplie les principales vari\u00e9t\u00e9s marocaines \u00e0 savoir : Najda, Boufeggous, Bousekri et nous disposons \u00e9galement de vari\u00e9t\u00e9s telles que\u00a0: Khalts, Jihel, Bouslikhen, Bousthammi.<\/p>\r\n\r\n<div class=\"col-md-12\" style=\"margin-top: 30px;\">\r\n<div class=\"col-md-6 varfile\">\r\n<div style=\"background-image: url('http:\/\/kepler.agency\/pepinieres\/wp-content\/uploads\/2016\/10\/Aziza-Bouzid.jpg'); background-position: center; background-size: 100%;\"><\/div>\r\n&nbsp;\r\n\r\n<\/div>\r\n<div class=\"col-md-6 varfile\">\r\n<div style=\"background-image: url('http:\/\/kepler.agency\/pepinieres\/wp-content\/uploads\/2016\/10\/Boufeggous.jpg'); background-position: center; background-size: 100%;\"><\/div>\r\n&nbsp;\r\n\r\n<\/div>\r\n<div class=\"col-md-6 varfile\" style=\"background: #403431;\">\r\n<div style=\"background-image: url('http:\/\/kepler.agency\/pepinieres\/wp-content\/uploads\/2016\/10\/Bouskri.jpg'); background-position: center; background-size: 100%;\"><\/div>\r\n&nbsp;\r\n\r\n<\/div>\r\n<div class=\"col-md-6 varfile\" style=\"background: #7eb631;\">\r\n<div style=\"background-image: url('http:\/\/kepler.agency\/pepinieres\/wp-content\/uploads\/2016\/10\/Mejhool.jpg'); background-position: center; background-size: 100%;\"><\/div>\r\n&nbsp;\r\n\r\n<\/div>\r\n<\/div>","_fr_post_name":"varietes","_fr_post_excerpt":"","_fr_post_title":"Vari\u00e9t\u00e9s","_ar_post_content":"\u0646\u0642\u062f\u0645 \u0644\u0632\u0628\u0646\u0627\u0626\u0646\u0627 \u0645\u062c\u0645\u0648\u0639\u0629 \u0648\u0627\u0633\u0639\u0629 \u0645\u0646 \u0627\u0644\u0623\u0635\u0646\u0627\u0641 \u0627\u0644\u0645\u062a\u0645\u0627\u0634\u064a\u0629 \u0645\u0639 \u062a\u0648\u0642\u0639\u0627\u062a \u0627\u0644\u0633\u0648\u0642\u060c \u0645\u0639 \u0627\u0644\u0632\u064a\u0627\u062f\u0629 \u0641\u064a \u062d\u0635\u0629 \u0635\u0646\u0641 \"\u0627\u0644\u0645\u062c\u0647\u0648\u0644\" \u0627\u0644\u0630\u064a \u064a\u0645\u062b\u0644 \u0623\u0643\u062b\u0631 \u0645\u0646 %70 \u0645\u0646 \u0625\u0646\u062a\u0627\u062c \u0645\u062e\u062a\u0628\u0631 \u0627\u0644\u0628\u0633\u0627\u062a\u064a\u0646 \u0644\u0634\u062a\u0644\u0627\u062a \u0627\u0644\u0646\u062e\u064a\u0644.\r\n\r\n\u0628\u0627\u0644\u0625\u0636\u0627\u0641\u0629 \u0625\u0644\u0649 \u0630\u0644\u0643\u060c \u0648\u0641\u064a \u0625\u0637\u0627\u0631 \u0645\u062e\u0637\u0637 \u0627\u0644\u0645\u063a\u0631\u0628 \u0627\u0644\u0623\u062e\u0636\u0631\u060c \u0646\u0642\u0648\u0645 \u0628\u062a\u0637\u0648\u064a\u0631 \u0623\u0635\u0646\u0627\u0641 \u0630\u0627\u062a \u062e\u0635\u0648\u0635\u064a\u0629 \u062c\u0647\u0648\u064a\u0629 \u0648 \u0645\u0639\u062a\u0645\u062f\u0629 IGP \"\u0627\u0644\u0628\u064a\u0627\u0646 \u0627\u0644\u062c\u063a\u0631\u0627\u0641\u064a \u0627\u0644\u0645\u062d\u0645\u064a\"\u060c \u0648\u062e\u0627\u0635\u0629 \u0623\u0635\u0646\u0627\u0641 \"\u0639\u0632\u064a\u0632\u0629 \u0628\u0648\u0632\u064a\u062f\" \u0645\u0646 \u0641\u0643\u064a\u0643 \u0648 \"\u0628\u0648\u064a\u0637\u0648\u0628\" \u0645\u0646 \u0637\u0627\u0637\u0627.\r\n\r\n\u0628\u0627\u0644\u0625\u0636\u0627\u0641\u0629 \u0625\u0644\u0649 \u0630\u0644\u0643\u060c \u064a\u0636\u0627\u0639\u0641 \u0645\u062e\u062a\u0628\u0631\u0646\u0627 \u0627\u0644\u0623\u0635\u0646\u0627\u0641 \u0627\u0644\u0645\u063a\u0631\u0628\u064a\u0629 \u0627\u0644\u0631\u0626\u064a\u0633\u064a\u0629 \u0648\u0647\u064a: \u0646\u062c\u062f\u0629\u060c \u0628\u0648\u0641\u0643\u0648\u0633\u060c \u0628\u0648\u0632\u0643\u0631\u064a\u060c \u0648\u0644\u062f\u064a\u0646\u0627 \u0623\u064a\u0636\u0627 \u0623\u0635\u0646\u0627\u0641 \u0645\u062b\u0644: \u0627\u0644\u062e\u0644\u0637\u060c \u0627\u0644\u062c\u064a\u0647\u0644\u060c \u0628\u0648\u0633\u0644\u064a\u062e\u064a\u0646\u060c \u0628\u0648\u0633\u062a\u062d\u0645\u064a.\r\n<div class=\"col-md-12\" style=\"margin-top: 30px;\">\r\n<div class=\"col-md-6 varfile\">\r\n<div style=\"background-image: url('http:\/\/kepler.agency\/pepinieres\/wp-content\/uploads\/2016\/10\/Aziza-Bouzid.jpg'); background-position: center; background-size: 100%;\"><\/div>\r\n&nbsp;\r\n\r\n<\/div>\r\n<div class=\"col-md-6 varfile\">\r\n<div style=\"background-image: url('http:\/\/kepler.agency\/pepinieres\/wp-content\/uploads\/2016\/10\/Boufeggous.jpg'); background-position: center; background-size: 100%;\"><\/div>\r\n&nbsp;\r\n\r\n<\/div>\r\n<div class=\"col-md-6 varfile\" style=\"background: #403431;\">\r\n<div style=\"background-image: url('http:\/\/kepler.agency\/pepinieres\/wp-content\/uploads\/2016\/10\/Bouskri.jpg'); background-position: center; background-size: 100%;\"><\/div>\r\n&nbsp;\r\n\r\n<\/div>\r\n<div class=\"col-md-6 varfile\" style=\"background: #7eb631;\">\r\n<div style=\"background-image: url('http:\/\/kepler.agency\/pepinieres\/wp-content\/uploads\/2016\/10\/Mejhool.jpg'); background-position: center; background-size: 100%;\"><\/div>\r\n&nbsp;\r\n\r\n<\/div>\r\n<\/div>","_ar_post_name":"%d8%a3%d8%b5%d9%86%d8%a7%d9%81-%d8%a3%d8%ae%d8%b1%d9%89","_ar_post_excerpt":"","_ar_post_title":"\u0623\u0635\u0646\u0627\u0641 \u0623\u062e\u0631\u0649","edit_language":"en"},"_links":{"self":[{"href":"https:\/\/pepiniereslesdomaines.com\/en\/wp-json\/wp\/v2\/pages\/51"}],"collection":[{"href":"https:\/\/pepiniereslesdomaines.com\/en\/wp-json\/wp\/v2\/pages"}],"about":[{"href":"https:\/\/pepiniereslesdomaines.com\/en\/wp-json\/wp\/v2\/types\/page"}],"author":[{"embeddable":true,"href":"https:\/\/pepiniereslesdomaines.com\/en\/wp-json\/wp\/v2\/users\/1"}],"replies":[{"embeddable":true,"href":"https:\/\/pepiniereslesdomaines.com\/en\/wp-json\/wp\/v2\/comments?post=51"}],"version-history":[{"count":34,"href":"https:\/\/pepiniereslesdomaines.com\/en\/wp-json\/wp\/v2\/pages\/51\/revisions"}],"predecessor-version":[{"id":686,"href":"https:\/\/pepiniereslesdomaines.com\/en\/wp-json\/wp\/v2\/pages\/51\/revisions\/686"}],"up":[{"embeddable":true,"href":"https:\/\/pepiniereslesdomaines.com\/en\/wp-json\/wp\/v2\/pages\/57"}],"wp:featuredmedia":[{"embeddable":true,"href":"https:\/\/pepiniereslesdomaines.com\/en\/wp-json\/wp\/v2\/media\/56"}],"wp:attachment":[{"href":"https:\/\/pepiniereslesdomaines.com\/en\/wp-json\/wp\/v2\/media?parent=51"}],"curies":[{"name":"wp","href":"https:\/\/api.w.org\/{rel}","templated":true}]}}