{"id":86,"date":"2016-10-07T00:31:12","date_gmt":"2016-10-06T22:31:12","guid":{"rendered":"http:\/\/localhost:8888\/pepiniere\/?page_id=86"},"modified":"2018-07-26T16:27:11","modified_gmt":"2018-07-26T14:27:11","slug":"process-de-production","status":"publish","type":"page","link":"https:\/\/pepiniereslesdomaines.com\/en\/plants-dagrumes\/process-de-production\/","title":{"rendered":"Production process","raw":"Production process"},"content":{"rendered":"<p>Producing of more than 50% of certified citrus plants in Morocco (2 million plans per year), Les Domaines Agricoles is nowadys a leading operator in this market. 30% of the plants produced are reserved each year for the renewal and the extension of our own orchards.<\/p>\n<p>Les Domaines Agricoles is highly recognizable by its very rich collection resulting from a Research and Development program which is based on several foundations. The nurseries of Les Domaines Agricoles introduce new varieties through varietal creation processes, especially through hybridization. They also ensure varietal monitoring among breeders all over the world, and ensure the provision, of healthy varieties through plant control unit (UCP) facilities. Finally, in different Moroccan citrus terroirs, a program of behavior tests help them select the varieties and rootstocks that best fit the different pedoclimatic conditions.<\/p>\n","protected":false,"raw":"Producing of more than 50% of certified citrus plants in Morocco (2 million plans per year), Les Domaines Agricoles is nowadys a leading operator in this market. 30% of the plants produced are reserved each year for the renewal and the extension of our own orchards.\r\n\r\nLes Domaines Agricoles is highly recognizable by its very rich collection resulting from a Research and Development program which is based on several foundations. The nurseries of Les Domaines Agricoles introduce new varieties through varietal creation processes, especially through hybridization. They also ensure varietal monitoring among breeders all over the world, and ensure the provision, of healthy varieties through plant control unit (UCP) facilities. Finally, in different Moroccan citrus terroirs, a program of behavior tests help them select the varieties and rootstocks that best fit the different pedoclimatic conditions."},"excerpt":{"rendered":"","protected":false,"raw":""},"author":1,"featured_media":88,"parent":90,"menu_order":4,"comment_status":"closed","ping_status":"closed","template":"page-contenu.php","meta":{"_en_post_content":"Producing of more than 50% of certified citrus plants in Morocco (2 million plans per year), Les Domaines Agricoles is nowadys a leading operator in this market. 30% of the plants produced are reserved each year for the renewal and the extension of our own orchards.\r\n\r\nLes Domaines Agricoles is highly recognizable by its very rich collection resulting from a Research and Development program which is based on several foundations. The nurseries of Les Domaines Agricoles introduce new varieties through varietal creation processes, especially through hybridization. They also ensure varietal monitoring among breeders all over the world, and ensure the provision, of healthy varieties through plant control unit (UCP) facilities. Finally, in different Moroccan citrus terroirs, a program of behavior tests help them select the varieties and rootstocks that best fit the different pedoclimatic conditions.","_en_post_name":"process-de-production","_en_post_excerpt":"","_en_post_title":"Production process","_fr_post_content":"Avec la production de plus de 50% de plants d\u2019agrumes certifi\u00e9s au Maroc (2 millions de plans par an), Les Domaines Agricoles sont aujourd\u2019hui un op\u00e9rateur de premier ordre sur ce march\u00e9. 30% des plants produits sont r\u00e9serv\u00e9s chaque ann\u00e9e au renouvellement et \u00e0 l\u2019extension de nos propres vergers.\r\n\r\nLes Domaines Agricoles disposent d\u2019une collection tr\u00e8s riche issue d\u2019un programme de Recherche et D\u00e9veloppement qui repose sur plusieurs piliers. Les p\u00e9pini\u00e8res des Domaines Agricoles introduisent de nouvelles vari\u00e9t\u00e9s par des processus de cr\u00e9ation vari\u00e9tale, notamment par hybridation. Elles assurent \u00e9galement une veille vari\u00e9tale aupr\u00e8s des obtenteurs de vari\u00e9t\u00e9s \u00e0 travers le monde et s\u2019assurent de l\u2019introduction de vari\u00e9t\u00e9s saines gr\u00e2ce aux installations de l\u2019unit\u00e9 de contr\u00f4le des plants (UCP). Enfin, un programme d\u2019essais de comportements dans les diff\u00e9rents terroirs agrumicoles marocains leur permet de s\u00e9lectionner les vari\u00e9t\u00e9s et les porte-greffes qui conviennent aux diff\u00e9rentes conditions p\u00e9doclimatiques.","_fr_post_name":"process-de-production","_fr_post_excerpt":"","_fr_post_title":"Processus de production","_ar_post_content":"<span style=\"font-weight: 400;\">\u0645\u0646 \u062e\u0644\u0627\u0644 \u0625\u0646\u062a\u0627\u062c \u0623\u0643\u062b\u0631 \u0645\u0646 50\u066a \u0645\u0646 \u0634\u062a\u0644\u0627\u062a \u0627\u0644\u062d\u0648\u0627\u0645\u0636 \u0627\u0644\u0645\u0639\u062a\u0645\u062f\u0629 \u0641\u064a \u0627\u0644\u0645\u063a\u0631\u0628 (\u0645\u0644\u064a\u0648\u0646\u064a \u0634\u062a\u0644\u0629 \u0633\u0646\u0648\u064a\u0627)\u060c \u062a\u0639\u062f \u0627\u0644\u0636\u064a\u0639\u0627\u062a \u0627\u0644\u0641\u0644\u0627\u062d\u064a\u0629 \u0627\u0644\u064a\u0648\u0645 \u0631\u0627\u0626\u062f\u0627 \u0631\u0626\u064a\u0633\u064a\u0627 \u0641\u064a \u0647\u0630\u0647 \u0627\u0644\u0633\u0648\u0642. \u064a\u062a\u0645 \u062a\u062e\u0635\u064a\u0635 30\u066a \u0645\u0646 \u0627\u0644\u0634\u062a\u0644\u0627\u062a \u0627\u0644\u0645\u0646\u062a\u062c\u0629 \u0633\u0646\u0648\u064a\u0627 \u0644\u062a\u062c\u062f\u064a\u062f \u0648\u062a\u0645\u062f\u064a\u062f \u0636\u064a\u0639\u0627\u062a\u0646\u0627 \u0627\u0644\u062e\u0627\u0635\u0629.<\/span>\r\n\r\n<span style=\"font-weight: 400;\">\u062a\u062a\u0648\u0641\u0631 \u0627\u0644\u0636\u064a\u0639\u0627\u062a \u0627\u0644\u0641\u0644\u0627\u062d\u064a\u0629 \u0639\u0644\u0649 \u0645\u062c\u0645\u0648\u0639\u0629 \u063a\u0646\u064a\u0629 \u062c\u062f\u0627 \u0646\u0627\u062a\u062c\u0629 \u0639\u0646 \u0628\u0631\u0646\u0627\u0645\u062c \u0627\u0644\u0628\u062d\u062b \u0648\u0627\u0644\u062a\u0637\u0648\u064a\u0631 \u0627\u0644\u0630\u064a \u064a\u0642\u0648\u0645 \u0639\u0644\u0649 \u0639\u062f\u0629 \u0631\u0643\u0627\u0626\u0632. \u062a\u0642\u062f\u0645 \u0645\u0634\u0627\u062a\u0644 \u0627\u0644\u0636\u064a\u0639\u0627\u062a \u0627\u0644\u0641\u0644\u0627\u062d\u064a\u0629 \u0623\u0635\u0646\u0627\u0641\u0627 \u062c\u062f\u064a\u062f\u0629 \u0645\u0646 \u062e\u0644\u0627\u0644 \u0639\u0645\u0644\u064a\u0627\u062a \u062e\u0644\u0642 \u0627\u0644\u0623\u0635\u0646\u0627\u0641\u060c \u0648\u062e\u0627\u0635\u0629 \u0645\u0646 \u062e\u0644\u0627\u0644 \u0627\u0644\u062a\u0647\u062c\u064a\u0646. \u0643\u0645\u0627 \u0623\u0646\u0647\u0627 \u062a\u0636\u0645\u0646 \u0645\u0631\u0627\u0642\u0628\u0629 \u0627\u0644\u0623\u0635\u0646\u0627\u0641 \u0628\u062a\u0639\u0627\u0648\u0646 \u0645\u0639 \u0627\u0644\u0645\u062a\u062e\u0635\u0635\u064a\u0646 \u0641\u064a \u062c\u0645\u064a\u0639 \u0623\u0646\u062d\u0627\u0621 \u0627\u0644\u0639\u0627\u0644\u0645\u060c \u0645\u0639 \u0636\u0645\u0627\u0646 \u0625\u062f\u062e\u0627\u0644 \u0623\u0635\u0646\u0627\u0641 \u0635\u062d\u064a\u0629 \u0645\u0646 \u062e\u0644\u0627\u0644 \u0645\u0631\u0627\u0641\u0642 \u0648\u062a\u062c\u0647\u064a\u0632\u0627\u062a \u0648\u062d\u062f\u0629 \u0645\u0631\u0627\u0642\u0628\u0629 \u0627\u0644\u0645\u0634\u0627\u062a\u0644. \u0648\u0623\u062e\u064a\u0631\u0627\u060c \u064a\u0633\u0645\u062d \u0628\u0631\u0646\u0627\u0645\u062c \u0627\u062e\u062a\u0628\u0627\u0631\u0627\u062a \u0645\u062e\u062a\u0644\u0641 \u0627\u0644\u0645\u062c\u0627\u0644\u0627\u062a \u0627\u0644\u062a\u0631\u0627\u0628\u064a\u0629 \u0627\u0644\u062e\u0627\u0635\u0629 \u0628\u0627\u0644\u062d\u0648\u0627\u0645\u0636 \u0627\u0644\u0645\u063a\u0631\u0628\u064a\u0629\u060c \u0628\u062a\u062d\u062f\u064a\u062f \u0627\u0644\u0623\u0635\u0646\u0627\u0641 \u0648 \u062d\u0648\u0627\u0645\u0644 \u0627\u0644\u0637\u0639\u0645 \u0627\u0644\u0645\u0644\u0627\u0626\u0645\u0629 \u0644\u0645\u0639\u0637\u064a\u0627\u062a \u0627\u0644\u062a\u0631\u0628\u0629 \u0648 \u0627\u0644\u0645\u0646\u0627\u062e.\r\n.<\/span>","_ar_post_name":"%d8%b9%d9%85%d9%84%d9%8a%d8%a9-%d8%a7%d9%84%d8%a7%d9%86%d8%aa%d8%a7%d8%ac","_ar_post_excerpt":"","_ar_post_title":"\u0639\u0645\u0644\u064a\u0629 \u0627\u0644\u0627\u0646\u062a\u0627\u062c","edit_language":"en"},"_links":{"self":[{"href":"https:\/\/pepiniereslesdomaines.com\/en\/wp-json\/wp\/v2\/pages\/86"}],"collection":[{"href":"https:\/\/pepiniereslesdomaines.com\/en\/wp-json\/wp\/v2\/pages"}],"about":[{"href":"https:\/\/pepiniereslesdomaines.com\/en\/wp-json\/wp\/v2\/types\/page"}],"author":[{"embeddable":true,"href":"https:\/\/pepiniereslesdomaines.com\/en\/wp-json\/wp\/v2\/users\/1"}],"replies":[{"embeddable":true,"href":"https:\/\/pepiniereslesdomaines.com\/en\/wp-json\/wp\/v2\/comments?post=86"}],"version-history":[{"count":15,"href":"https:\/\/pepiniereslesdomaines.com\/en\/wp-json\/wp\/v2\/pages\/86\/revisions"}],"predecessor-version":[{"id":745,"href":"https:\/\/pepiniereslesdomaines.com\/en\/wp-json\/wp\/v2\/pages\/86\/revisions\/745"}],"up":[{"embeddable":true,"href":"https:\/\/pepiniereslesdomaines.com\/en\/wp-json\/wp\/v2\/pages\/90"}],"wp:featuredmedia":[{"embeddable":true,"href":"https:\/\/pepiniereslesdomaines.com\/en\/wp-json\/wp\/v2\/media\/88"}],"wp:attachment":[{"href":"https:\/\/pepiniereslesdomaines.com\/en\/wp-json\/wp\/v2\/media?parent=86"}],"curies":[{"name":"wp","href":"https:\/\/api.w.org\/{rel}","templated":true}]}}